{"id":1464,"date":"2023-08-07T16:02:06","date_gmt":"2023-08-07T14:02:06","guid":{"rendered":"https:\/\/cunipic.com\/erapetfood\/producto\/salmon-and-calendula-era-training-snacks-for-puppies\/"},"modified":"2026-04-17T23:38:33","modified_gmt":"2026-04-17T21:38:33","slug":"snack-era-training-puppy","status":"publish","type":"product","link":"https:\/\/erapetfood.com\/en\/producto\/snack-era-training-puppy\/","title":{"rendered":"Salmon and Calendula ERA Training Snacks for Puppies."},"content":{"rendered":"<p>Salmon and Calendula ERA Training Snacks are an ideal dietary supplement for puppy dogs or adult dogs in the training phase. ERA Training contains an exquisite recipe presented in small, semi-moist bite-sized triangles.<\/p>\n<p>Entre sus m\u00faltiples beneficios podemos destacar su receta enriquecida con cal\u00e9ndula que posee un efecto inmuno-modulador que, junto con los prebi\u00f3ticos, el zinc y la vitamina E contribuyen a modular y reforzar el sistema inmunitario, aspectos clave en el aprendizaje.Among its numerous benefits, we can highlight its recipe enriched with calendula, which has an immune-modulating effect. Together with prebiotics, zinc, and vitamin E, they help modulate and strengthen the immune system, key aspects in the learning process. One of the ingredients in the recipe is brewer&#8217;s yeast, which is a mannan-oligosaccharide (MOS). This prebiotic promotes digestive health, naturally stimulates the proliferation and balance of intestinal flora, encourages the growth of beneficial bacteria, and enhances resistance to infections.<\/p>\n","protected":false},"excerpt":{"rendered":"<p>ERA Training is a complementary food for puppy dogs or dogs in training of all breeds. With Salmon and Calendula in its recipe and an exquisite semi-moist triangle-shaped texture. Its small size and texture are ideal for puppies that still have their milk teeth, or for the training of all types of dogs. Specially crafted recipes for discerning dogs.<\/p>\n","protected":false},"featured_media":3926,"comment_status":"open","ping_status":"closed","template":"","meta":[],"product_brand":[],"product_cat":[74],"product_tag":[82],"class_list":{"0":"post-1464","1":"product","2":"type-product","3":"status-publish","4":"has-post-thumbnail","6":"product_cat-dogs","7":"product_tag-snacks-for-dogs","8":"sales-flash-overlay","9":"woocommerce-text-align-center","10":"woocommerce-image-align-center","11":"do-quantity-buttons","12":"wc-has-gallery","14":"first","15":"instock","16":"taxable","17":"shipping-taxable","18":"purchasable","19":"product-type-simple"},"yoast_head":"<!-- This site is optimized with the Yoast SEO plugin v27.2 - https:\/\/yoast.com\/product\/yoast-seo-wordpress\/ -->\n<title>Salmon and Calendula ERA Training Snacks for Puppies. - ERA Pet Food<\/title>\n<meta name=\"robots\" content=\"index, follow, max-snippet:-1, max-image-preview:large, max-video-preview:-1\" \/>\n<link rel=\"canonical\" href=\"https:\/\/erapetfood.com\/producto\/snack-era-training-para-cachorros-entrenamiento\/\" \/>\n<meta property=\"og:locale\" content=\"en_US\" \/>\n<meta property=\"og:type\" content=\"article\" \/>\n<meta property=\"og:title\" content=\"Salmon and Calendula ERA Training Snacks for Puppies. - ERA Pet Food\" \/>\n<meta property=\"og:description\" content=\"ERA Training is a complementary food for puppy dogs or dogs in training of all breeds. With Salmon and Calendula in its recipe and an exquisite semi-moist triangle-shaped texture. Its small size and texture are ideal for puppies that still have their milk teeth, or for the training of all types of dogs. Specially crafted recipes for discerning dogs.\" \/>\n<meta property=\"og:url\" content=\"https:\/\/erapetfood.com\/producto\/snack-era-training-para-cachorros-entrenamiento\/\" \/>\n<meta property=\"og:site_name\" content=\"ERA Pet Food\" \/>\n<meta property=\"article:publisher\" content=\"https:\/\/www.facebook.com\/Erapetfood\/\" \/>\n<meta property=\"article:modified_time\" content=\"2026-04-17T21:38:33+00:00\" \/>\n<meta property=\"og:image\" content=\"https:\/\/erapetfood.com\/wp-content\/uploads\/ERA111465_1.webp\" \/>\n\t<meta property=\"og:image:width\" content=\"1500\" \/>\n\t<meta property=\"og:image:height\" content=\"1500\" \/>\n\t<meta property=\"og:image:type\" content=\"image\/jpeg\" \/>\n<meta name=\"twitter:card\" content=\"summary_large_image\" \/>\n<meta name=\"twitter:site\" content=\"@Erapetfood\" \/>\n<meta name=\"twitter:label1\" content=\"Est. reading time\" \/>\n\t<meta name=\"twitter:data1\" content=\"1 minute\" \/>\n<script type=\"application\/ld+json\" class=\"yoast-schema-graph\">{\"@context\":\"https:\/\/schema.org\",\"@graph\":[{\"@type\":\"WebPage\",\"@id\":\"https:\/\/erapetfood.com\/producto\/snack-era-training-para-cachorros-entrenamiento\/\",\"url\":\"https:\/\/erapetfood.com\/producto\/snack-era-training-para-cachorros-entrenamiento\/\",\"name\":\"Salmon and Calendula ERA Training Snacks for Puppies. - ERA Pet Food\",\"isPartOf\":{\"@id\":\"https:\/\/erapetfood.com\/#website\"},\"primaryImageOfPage\":{\"@id\":\"https:\/\/erapetfood.com\/producto\/snack-era-training-para-cachorros-entrenamiento\/#primaryimage\"},\"image\":{\"@id\":\"https:\/\/erapetfood.com\/producto\/snack-era-training-para-cachorros-entrenamiento\/#primaryimage\"},\"thumbnailUrl\":\"https:\/\/erapetfood.com\/wp-content\/uploads\/ERA111465_1.webp\",\"datePublished\":\"2023-08-07T14:02:06+00:00\",\"dateModified\":\"2026-04-17T21:38:33+00:00\",\"breadcrumb\":{\"@id\":\"https:\/\/erapetfood.com\/producto\/snack-era-training-para-cachorros-entrenamiento\/#breadcrumb\"},\"inLanguage\":\"en-US\",\"potentialAction\":[{\"@type\":\"ReadAction\",\"target\":[\"https:\/\/erapetfood.com\/producto\/snack-era-training-para-cachorros-entrenamiento\/\"]}]},{\"@type\":\"ImageObject\",\"inLanguage\":\"en-US\",\"@id\":\"https:\/\/erapetfood.com\/producto\/snack-era-training-para-cachorros-entrenamiento\/#primaryimage\",\"url\":\"https:\/\/erapetfood.com\/wp-content\/uploads\/ERA111465_1.webp\",\"contentUrl\":\"https:\/\/erapetfood.com\/wp-content\/uploads\/ERA111465_1.webp\",\"width\":1500,\"height\":1500,\"caption\":\"ERA Training Salm\u00f3n y Cal\u00e9ndula.\"},{\"@type\":\"BreadcrumbList\",\"@id\":\"https:\/\/erapetfood.com\/producto\/snack-era-training-para-cachorros-entrenamiento\/#breadcrumb\",\"itemListElement\":[{\"@type\":\"ListItem\",\"position\":1,\"name\":\"Portada\",\"item\":\"https:\/\/erapetfood.com\/\"},{\"@type\":\"ListItem\",\"position\":2,\"name\":\"Products\",\"item\":\"https:\/\/erapetfood.com\/productos\/\"},{\"@type\":\"ListItem\",\"position\":3,\"name\":\"Salmon and Calendula ERA Training Snacks for Puppies.\"}]},{\"@type\":\"WebSite\",\"@id\":\"https:\/\/erapetfood.com\/#website\",\"url\":\"https:\/\/erapetfood.com\/\",\"name\":\"ERA Pet Food\",\"description\":\"\",\"publisher\":{\"@id\":\"https:\/\/erapetfood.com\/#organization\"},\"potentialAction\":[{\"@type\":\"SearchAction\",\"target\":{\"@type\":\"EntryPoint\",\"urlTemplate\":\"https:\/\/erapetfood.com\/?s={search_term_string}\"},\"query-input\":{\"@type\":\"PropertyValueSpecification\",\"valueRequired\":true,\"valueName\":\"search_term_string\"}}],\"inLanguage\":\"en-US\"},{\"@type\":\"Organization\",\"@id\":\"https:\/\/erapetfood.com\/#organization\",\"name\":\"Pets Away Store SL\",\"url\":\"https:\/\/erapetfood.com\/\",\"logo\":{\"@type\":\"ImageObject\",\"inLanguage\":\"en-US\",\"@id\":\"https:\/\/erapetfood.com\/#\/schema\/logo\/image\/\",\"url\":\"https:\/\/erapetfood.com\/wp-content\/uploads\/ERA_logo.webp\",\"contentUrl\":\"https:\/\/erapetfood.com\/wp-content\/uploads\/ERA_logo.webp\",\"width\":750,\"height\":370,\"caption\":\"Pets Away Store SL\"},\"image\":{\"@id\":\"https:\/\/erapetfood.com\/#\/schema\/logo\/image\/\"},\"sameAs\":[\"https:\/\/www.facebook.com\/Erapetfood\/\",\"https:\/\/x.com\/Erapetfood\",\"https:\/\/www.instagram.com\/erapetfood\/\",\"https:\/\/www.youtube.com\/user\/cypmascota\"]}]}<\/script>\n<!-- \/ Yoast SEO plugin. -->","yoast_head_json":{"title":"Salmon and Calendula ERA Training Snacks for Puppies. - ERA Pet Food","robots":{"index":"index","follow":"follow","max-snippet":"max-snippet:-1","max-image-preview":"max-image-preview:large","max-video-preview":"max-video-preview:-1"},"canonical":"https:\/\/erapetfood.com\/producto\/snack-era-training-para-cachorros-entrenamiento\/","og_locale":"en_US","og_type":"article","og_title":"Salmon and Calendula ERA Training Snacks for Puppies. - ERA Pet Food","og_description":"ERA Training is a complementary food for puppy dogs or dogs in training of all breeds. With Salmon and Calendula in its recipe and an exquisite semi-moist triangle-shaped texture. Its small size and texture are ideal for puppies that still have their milk teeth, or for the training of all types of dogs. Specially crafted recipes for discerning dogs.","og_url":"https:\/\/erapetfood.com\/producto\/snack-era-training-para-cachorros-entrenamiento\/","og_site_name":"ERA Pet Food","article_publisher":"https:\/\/www.facebook.com\/Erapetfood\/","article_modified_time":"2026-04-17T21:38:33+00:00","og_image":[{"width":1500,"height":1500,"url":"https:\/\/erapetfood.com\/wp-content\/uploads\/ERA111465_1.webp","type":"image\/jpeg"}],"twitter_card":"summary_large_image","twitter_site":"@Erapetfood","twitter_misc":{"Est. reading time":"1 minute"},"schema":{"@context":"https:\/\/schema.org","@graph":[{"@type":"WebPage","@id":"https:\/\/erapetfood.com\/producto\/snack-era-training-para-cachorros-entrenamiento\/","url":"https:\/\/erapetfood.com\/producto\/snack-era-training-para-cachorros-entrenamiento\/","name":"Salmon and Calendula ERA Training Snacks for Puppies. - ERA Pet Food","isPartOf":{"@id":"https:\/\/erapetfood.com\/#website"},"primaryImageOfPage":{"@id":"https:\/\/erapetfood.com\/producto\/snack-era-training-para-cachorros-entrenamiento\/#primaryimage"},"image":{"@id":"https:\/\/erapetfood.com\/producto\/snack-era-training-para-cachorros-entrenamiento\/#primaryimage"},"thumbnailUrl":"https:\/\/erapetfood.com\/wp-content\/uploads\/ERA111465_1.webp","datePublished":"2023-08-07T14:02:06+00:00","dateModified":"2026-04-17T21:38:33+00:00","breadcrumb":{"@id":"https:\/\/erapetfood.com\/producto\/snack-era-training-para-cachorros-entrenamiento\/#breadcrumb"},"inLanguage":"en-US","potentialAction":[{"@type":"ReadAction","target":["https:\/\/erapetfood.com\/producto\/snack-era-training-para-cachorros-entrenamiento\/"]}]},{"@type":"ImageObject","inLanguage":"en-US","@id":"https:\/\/erapetfood.com\/producto\/snack-era-training-para-cachorros-entrenamiento\/#primaryimage","url":"https:\/\/erapetfood.com\/wp-content\/uploads\/ERA111465_1.webp","contentUrl":"https:\/\/erapetfood.com\/wp-content\/uploads\/ERA111465_1.webp","width":1500,"height":1500,"caption":"ERA Training Salm\u00f3n y Cal\u00e9ndula."},{"@type":"BreadcrumbList","@id":"https:\/\/erapetfood.com\/producto\/snack-era-training-para-cachorros-entrenamiento\/#breadcrumb","itemListElement":[{"@type":"ListItem","position":1,"name":"Portada","item":"https:\/\/erapetfood.com\/"},{"@type":"ListItem","position":2,"name":"Products","item":"https:\/\/erapetfood.com\/productos\/"},{"@type":"ListItem","position":3,"name":"Salmon and Calendula ERA Training Snacks for Puppies."}]},{"@type":"WebSite","@id":"https:\/\/erapetfood.com\/#website","url":"https:\/\/erapetfood.com\/","name":"ERA Pet Food","description":"","publisher":{"@id":"https:\/\/erapetfood.com\/#organization"},"potentialAction":[{"@type":"SearchAction","target":{"@type":"EntryPoint","urlTemplate":"https:\/\/erapetfood.com\/?s={search_term_string}"},"query-input":{"@type":"PropertyValueSpecification","valueRequired":true,"valueName":"search_term_string"}}],"inLanguage":"en-US"},{"@type":"Organization","@id":"https:\/\/erapetfood.com\/#organization","name":"Pets Away Store SL","url":"https:\/\/erapetfood.com\/","logo":{"@type":"ImageObject","inLanguage":"en-US","@id":"https:\/\/erapetfood.com\/#\/schema\/logo\/image\/","url":"https:\/\/erapetfood.com\/wp-content\/uploads\/ERA_logo.webp","contentUrl":"https:\/\/erapetfood.com\/wp-content\/uploads\/ERA_logo.webp","width":750,"height":370,"caption":"Pets Away Store SL"},"image":{"@id":"https:\/\/erapetfood.com\/#\/schema\/logo\/image\/"},"sameAs":["https:\/\/www.facebook.com\/Erapetfood\/","https:\/\/x.com\/Erapetfood","https:\/\/www.instagram.com\/erapetfood\/","https:\/\/www.youtube.com\/user\/cypmascota"]}]}},"jetpack_sharing_enabled":true,"_links":{"self":[{"href":"https:\/\/erapetfood.com\/en\/wp-json\/wp\/v2\/product\/1464","targetHints":{"allow":["GET"]}}],"collection":[{"href":"https:\/\/erapetfood.com\/en\/wp-json\/wp\/v2\/product"}],"about":[{"href":"https:\/\/erapetfood.com\/en\/wp-json\/wp\/v2\/types\/product"}],"replies":[{"embeddable":true,"href":"https:\/\/erapetfood.com\/en\/wp-json\/wp\/v2\/comments?post=1464"}],"wp:featuredmedia":[{"embeddable":true,"href":"https:\/\/erapetfood.com\/en\/wp-json\/wp\/v2\/media\/3926"}],"wp:attachment":[{"href":"https:\/\/erapetfood.com\/en\/wp-json\/wp\/v2\/media?parent=1464"}],"wp:term":[{"taxonomy":"product_brand","embeddable":true,"href":"https:\/\/erapetfood.com\/en\/wp-json\/wp\/v2\/product_brand?post=1464"},{"taxonomy":"product_cat","embeddable":true,"href":"https:\/\/erapetfood.com\/en\/wp-json\/wp\/v2\/product_cat?post=1464"},{"taxonomy":"product_tag","embeddable":true,"href":"https:\/\/erapetfood.com\/en\/wp-json\/wp\/v2\/product_tag?post=1464"}],"curies":[{"name":"wp","href":"https:\/\/api.w.org\/{rel}","templated":true}]}}