{"id":1400,"date":"2023-07-29T09:59:51","date_gmt":"2023-07-29T07:59:51","guid":{"rendered":"https:\/\/cunipic.com\/erapetfood\/avis-legal\/"},"modified":"2026-04-24T08:40:50","modified_gmt":"2026-04-24T06:40:50","slug":"avis-legal","status":"publish","type":"page","link":"https:\/\/erapetfood.com\/fr\/avis-legal\/","title":{"rendered":"Avis L\u00e9gal"},"content":{"rendered":"\n<p>Conform\u00e9ment \u00e0 l&#8217;article 10 de la Loi 34\/2002 du 11 juillet sur les services de la soci\u00e9t\u00e9 de l&#8217;information et du commerce \u00e9lectronique, nous vous informons que le titulaire du site Web www.erapetfood.com est le suivant :<\/p>\n\n<p>Nom : PETS AWAY STORE SL<\/p>\n\n<p>Adresse : C\/ 11 DE SETEMBRE, 18, Lleida, 25680<\/p>\n\n<p>CIF: B-10862597<\/p>\n\n<p>Inscrite au registre du commerce de Lleida, au tome 942, livre 0, folio 31, feuille L-18364, Inscription 1\u00e8re.<\/p>\n\n<p>L&#8217;acc\u00e8s et la navigation de l&#8217;utilisateur sur le site Web impliquent la connaissance et l&#8217;acceptation sans r\u00e9serve des Conditions d&#8217;Utilisation du site Web.<\/p>\n\n<p>\u00c0 des fins informatives, ce site Web est maintenu et contient les proc\u00e9dures de s\u00e9curit\u00e9 g\u00e9n\u00e9ralement accept\u00e9es dans le but de prot\u00e9ger les informations contenues, ainsi que celles pouvant \u00eatre fournies par les visiteurs. L&#8217;objectif est de pr\u00e9venir une utilisation inappropri\u00e9e, la perte ou la modification du contenu et des informations.<\/p>\n\n<p>Nous vous informons que seul le personnel autoris\u00e9 a acc\u00e8s aux informations personnelles et d&#8217;identification qu&#8217;un visiteur peut fournir via le site.<\/p>\n\n<p>Nous vous rappelons que notre site peut contenir des liens vers d&#8217;autres sites qui peuvent ne pas \u00eatre soumis aux m\u00eames politiques de confidentialit\u00e9, ou que le processus technologique lui-m\u00eame, dans son \u00e9volution, peut placer les informations circulant sur le r\u00e9seau dans une position de vuln\u00e9rabilit\u00e9 dans certaines circonstances.<\/p>\n\n<p>Le site Web peut fournir des informations sur des sujets sp\u00e9cifiques \u00e0 des fins explicatives, il peut donc \u00eatre incomplet aux fins o\u00f9 le visiteur souhaiterait prendre des d\u00e9cisions concernant ses activit\u00e9s commerciales ou ses d\u00e9cisions personnelles. Les informations pr\u00e9sent\u00e9es ne constituent en aucun cas un service de conseil. Avant de prendre toute d\u00e9cision, veuillez consulter des professionnels de mani\u00e8re personnalis\u00e9e. Par cons\u00e9quent, aucune responsabilit\u00e9 n&#8217;est accept\u00e9e pour les d\u00e9cisions qu&#8217;une personne peut prendre simplement en lisant les informations contenues sur notre site Web. Le propri\u00e9taire du site n&#8217;est pas responsable de tout dommage sp\u00e9cifique, indirect ou incident r\u00e9sultant de la navigation sur le r\u00e9seau et de l&#8217;utilisation de notre site.<\/p>\n\n<p>Le visiteur assume sa propre responsabilit\u00e9 d\u00e9coulant de l&#8217;utilisation de ce site ou des informations qu&#8217;il contient.<\/p>\n\n<h2 class=\"wp-block-heading\">Conditions d&#8217;Utilisation du Site Web<\/h2>\n\n<h3 class=\"wp-block-heading\">1. Objet et contenu du site Web. <\/h3>\n\n<p>Les pr\u00e9sentes conditions g\u00e9n\u00e9rales d&#8217;utilisation r\u00e9gissent l&#8217;acc\u00e8s et l&#8217;utilisation de www.erapetfood.com, ci-apr\u00e8s d\u00e9nomm\u00e9 le &#8220;Site Web&#8221;, dont le contenu vise \u00e0 \u00e9tablir un canal de communication entre le propri\u00e9taire du site Web, ses blogs et les visiteurs du site Web, concernant les activit\u00e9s du propri\u00e9taire, les produits qu&#8217;il commercialise et les informations qu&#8217;il fournit. La consultation du contenu du site Web ne constituera en aucun cas une relation contractuelle, et son utilisation est de la seule responsabilit\u00e9 de l&#8217;utilisateur. Les informations incluses sur le site Web ou les blogs, en particulier dans les articles ou les newsletters, ne constituent en aucun cas des conseils nutritionnels, et leur utilisation rel\u00e8ve de la seule responsabilit\u00e9 de l&#8217;utilisateur. Le propri\u00e9taire du site Web ne sera en aucun cas responsable des erreurs ou omissions pouvant exister dans les informations fournies, sauf dans la mesure o\u00f9 la loi l&#8217;exige, ni de l&#8217;application ou de l&#8217;utilisation sp\u00e9cifique qui pourrait en \u00eatre faite.<\/p>\n\n<p>PETS AWAY STORE SL. se r\u00e9serve le droit exclusif de mettre \u00e0 jour, de modifier ou de supprimer le contenu du site Web, les pr\u00e9sentes conditions d&#8217;utilisation, la politique de confidentialit\u00e9 et toute mention l\u00e9gale sp\u00e9cifique qui pourrait s&#8217;appliquer au site Web. ainsi que le droit de limiter ou d&#8217;emp\u00eacher l&#8217;acc\u00e8s \u00e0 ceux-ci. Ces droits peuvent \u00eatre exerc\u00e9s \u00e0 tout moment et sans pr\u00e9avis.<\/p>\n\n<h3 class=\"wp-block-heading\">2. Propri\u00e9t\u00e9 intellectuelle. <\/h3>\n\n<p>Tous les droits sur les contenus &#8211; textuels et graphiques &#8211; de la page Web www.erapetfood.com et de tous les blogs d\u00e9tenus par le propri\u00e9taire, ainsi que sur les r\u00e9seaux sociaux qui y apparaissent, sont r\u00e9serv\u00e9s en faveur du propri\u00e9taire. Toute utilisation des contenus du site Web, en particulier des images, du design, des \u0153uvres, des marques, des logos, du code source et de tout autre \u00e9l\u00e9ment susceptible de protection, est interdite sans l&#8217;autorisation expresse du propri\u00e9taire, sauf autorisation expresse de PETS AWAY STORE SL. Le propri\u00e9taire du site Web n&#8217;accorde aucune licence ou autorisation d&#8217;utilisation \u00e0 l&#8217;utilisateur pour ses droits de propri\u00e9t\u00e9 intellectuelle et industrielle ou pour tout autre droit li\u00e9 au site Web et aux services qui y sont propos\u00e9s.<\/p>\n\n<p>Par cons\u00e9quent, l&#8217;utilisateur reconna\u00eet que la reproduction, la distribution, la commercialisation, la transformation et, en g\u00e9n\u00e9ral, toute autre forme d&#8217;exploitation, par quelque moyen que ce soit, de tout ou partie du contenu de ce site Web constitue une violation des droits de propri\u00e9t\u00e9 intellectuelle et peut entra\u00eener l&#8217;exercice de toutes les actions judiciaires ou extrajudiciaires pouvant correspondre \u00e0 l&#8217;exercice de ses droits par le propri\u00e9taire du site Web.<\/p>\n\n<h3 class=\"wp-block-heading\">3. Protection des donn\u00e9es.<\/h3>\n\n<p>PETS AWAY STORE SL, en tant que responsable du site Web, et conform\u00e9ment \u00e0 la r\u00e9glementation en vigueur sur la protection des donn\u00e9es personnelles, en particulier le R\u00e8glement 2016\/679 du Parlement europ\u00e9en et du Conseil du 27 avril 2016 relatif \u00e0 la protection des personnes physiques \u00e0 l&#8217;\u00e9gard du traitement des donn\u00e9es \u00e0 caract\u00e8re personnel et \u00e0 la libre circulation de ces donn\u00e9es et abrogeant la Directive 95\/46\/CE (ci-apr\u00e8s d\u00e9nomm\u00e9 RGPD), qui stipule que le consentement au traitement des donn\u00e9es doit \u00eatre explicite, &#8220;exigeant qu&#8217;il soit manifest\u00e9 de mani\u00e8re claire et non \u00e9quivoque par l&#8217;int\u00e9ress\u00e9 par un acte affirmatif clair indiquant une d\u00e9claration de volont\u00e9 libre, sp\u00e9cifique, \u00e9clair\u00e9e et non \u00e9quivoque de l&#8217;int\u00e9ress\u00e9 d&#8217;accepter le traitement de ses donn\u00e9es \u00e0 caract\u00e8re personnel&#8221;, nous vous informons que les donn\u00e9es personnelles que vous nous fournissez volontairement seront incluses dans un registre des activit\u00e9s, cr\u00e9\u00e9 sous notre responsabilit\u00e9, dans le but de g\u00e9rer vos demandes et\/ou consultations, ainsi que de vous envoyer des informations sur les activit\u00e9s ou services li\u00e9s aux services d\u00e9crits sur ce site Web.<\/p>\n\n<p>Les donn\u00e9es (*) sont obligatoires pour traiter et ex\u00e9cuter les demandes. Les autres donn\u00e9es demand\u00e9es, dont la r\u00e9ponse est facultative, sont destin\u00e9es \u00e0 mieux vous conna\u00eetre et \u00e0 am\u00e9liorer les services propos\u00e9s, en garantissant \u00e0 tout moment la confidentialit\u00e9. Sauf r\u00e9vocation de votre part, PETS AWAY STORE SL pourra vous envoyer des informations par e-mail sur le site, des offres promotionnelles pour les produits propos\u00e9s sur notre site Web. Vos donn\u00e9es peuvent \u00eatre communiqu\u00e9es aux entreprises du groupe telles que d\u00e9crites dans la politique de confidentialit\u00e9.<\/p>\n\n<p>Vous avez le droit d&#8217;acc\u00e9der, de rectifier, de limiter, d&#8217;annuler et de demander la portabilit\u00e9 des donn\u00e9es en envoyant une lettre (accompagn\u00e9e d&#8217;une copie d&#8217;une pi\u00e8ce d&#8217;identit\u00e9 officielle) \u00e0 notre si\u00e8ge social, C\/ 11 DE SETEMBRE, 18, Estaci\u00f3, Lleida, 25680, ou \u00e0 info@erapetfood.com<\/p>\n\n<p>Le responsable du traitement s&#8217;engage \u00e0 respecter l&#8217;obligation de confidentialit\u00e9 des donn\u00e9es personnelles que vous nous fournissez, \u00e0 les traiter de mani\u00e8re confidentielle et \u00e0 les conserver en prenant les mesures n\u00e9cessaires pour \u00e9viter leur alt\u00e9ration, leur perte, leur traitement ou leur acc\u00e8s non autoris\u00e9, compte tenu \u00e0 tout moment de l&#8217;\u00e9tat de la technologie, en respectant les dispositions du RGPD.<\/p>\n\n<p>Les utilisateurs qui fournissent leurs donn\u00e9es personnelles pour l&#8217;une des fonctionnalit\u00e9s du site Web doivent accepter la politique de confidentialit\u00e9.<\/p>\n\n<h3 class=\"wp-block-heading\">4. R\u00e9seaux sociaux.<\/h3>\n\n<p>Nous vous informons que nous sommes pr\u00e9sents sur les r\u00e9seaux sociaux. Le traitement des donn\u00e9es des personnes qui deviennent des abonn\u00e9s (ou effectuent toute action de lien ou de connexion via les r\u00e9seaux sociaux) des pages officielles de PETS AWAY STORE SL sur les r\u00e9seaux sociaux sera r\u00e9gi par cette section, ainsi que par les Conditions d&#8217;utilisation, les politiques de confidentialit\u00e9 et autres r\u00e9glementations d&#8217;acc\u00e8s, d&#8217;utilisation et similaires qui appartiennent au r\u00e9seau social correspondant, que l&#8217;utilisateur des r\u00e9seaux sociaux aura d\u00e9j\u00e0 accept\u00e9es. PETS AWAY STORE SL traitera vos donn\u00e9es dans le but de g\u00e9rer correctement votre pr\u00e9sence sur le r\u00e9seau social correspondant, de vous informer des activit\u00e9s, des produits ou des services de PETS AWAY STORE SL ou de tiers qui pourraient \u00eatre li\u00e9s \u00e0 notre activit\u00e9, ainsi que pour toute autre fin que les r\u00e9glementations des r\u00e9seaux sociaux pourraient permettre.<\/p>\n\n<h3 class=\"wp-block-heading\">5. Publicit\u00e9.<\/h3>\n\n<p>Le site Web peut h\u00e9berger du contenu publicitaire ou sponsoris\u00e9. Les annonceurs ou les sponsors sont les seuls responsables de s&#8217;assurer que le mat\u00e9riel soumis pour inclusion sur le site Web est conforme aux lois applicables dans chaque cas. PETS AWAY STORE SL ne sera en aucun cas responsable du contenu publicitaire ou des sponsors inclus sur le site Web.<\/p>\n\n<h3 class=\"wp-block-heading\">6. Liens.<\/h3>\n\n<p>PETS AWAY STORE SL n&#8217;est pas responsable du contenu vers lequel pointent les liens situ\u00e9s sur le site Web, le cas \u00e9ch\u00e9ant, conform\u00e9ment \u00e0 l&#8217;article 17 de la Loi 34\/2002 du 11 juillet (LSSI). L&#8217;utilisateur est responsable d&#8217;accepter et de v\u00e9rifier les acc\u00e8s \u00e0 chaque fois qu&#8217;il acc\u00e8de.<\/p>\n\n<p>Ces liens ou mentions ont une finalit\u00e9 qui n&#8217;implique pas le soutien, l&#8217;approbation, la commercialisation ou une relation quelconque entre la page et les personnes ou entit\u00e9s propri\u00e9taires des lieux o\u00f9 ils se trouvent.<\/p>\n\n<p>Entendido. Esto significa que los terceros que deseen enlazar a la p\u00e1gina web deben cumplir con la legislaci\u00f3n vigente y no pueden alojar contenidos inapropiados, il\u00edcitos, pornogr\u00e1ficos, violentos, etc., en sus propias p\u00e1ginas web. Adem\u00e1s, se enfatiza que PETS AWAY STORE SL no se hace responsable del contenido de la p\u00e1gina web enlazada, ni la respalda, garantiza, supervisa ni recomienda sus contenidos.<\/p>\n\n<h3 class=\"wp-block-heading\">7. Responsabilit\u00e9.<\/h3>\n\n<p>L&#8217;Utilisateur sera responsable de tous les dommages et pr\u00e9judices de toute nature que PETS AWAY STORE SL pourrait subir en raison du non-respect de l&#8217;une des obligations de ces conditions d&#8217;utilisation.<\/p>\n\n<p>L&#8217;Utilisateur s&#8217;engage \u00e0 utiliser le site Web conform\u00e9ment \u00e0 la loi, aux pr\u00e9sentes conditions d&#8217;utilisation, aux bonnes pratiques et \u00e0 l&#8217;ordre public. De m\u00eame, l&#8217;Utilisateur s&#8217;engage \u00e0 ne pas utiliser le site Web, son contenu ou les services fournis \u00e0 travers celui-ci \u00e0 des fins illicites, contraires \u00e0 ces conditions, pr\u00e9judiciables aux int\u00e9r\u00eats ou aux droits de tiers, ou de toute autre mani\u00e8re qui pourrait endommager, d\u00e9sactiver, rendre inaccessible ou d\u00e9t\u00e9riorer le site Web, son contenu ou emp\u00eacher une utilisation normale par d&#8217;autres utilisateurs.<\/p>\n\n<h3 class=\"wp-block-heading\">8. Loi applicable.<\/h3>\n\n<p>Les conditions d&#8217;utilisation sont r\u00e9gies en tous points par la l\u00e9gislation espagnole. Pour r\u00e9soudre tout litige d\u00e9coulant de l&#8217;interpr\u00e9tation ou de l&#8217;application des contenus ou des services pr\u00e9vus sur le site Web, les parties conviennent express\u00e9ment de se soumettre aux tribunaux de la ville de Lleida, renon\u00e7ant \u00e0 toute autre juridiction g\u00e9n\u00e9rale ou sp\u00e9ciale qui pourrait leur \u00eatre applicable.<\/p>\n","protected":false},"excerpt":{"rendered":"<p>Conform\u00e9ment \u00e0 l&#8217;article 10 de la Loi 34\/2002 du 11 juillet sur les services de la soci\u00e9t\u00e9 de l&#8217;information et du commerce \u00e9lectronique, nous vous<\/p>\n","protected":false},"author":1,"featured_media":0,"parent":0,"menu_order":21,"comment_status":"closed","ping_status":"closed","template":"","meta":{"footnotes":""},"class_list":["post-1400","page","type-page","status-publish"],"yoast_head":"<!-- This site is optimized with the Yoast SEO plugin v27.5 - https:\/\/yoast.com\/product\/yoast-seo-wordpress\/ -->\n<title>Avis L\u00e9gal - ERA Pet Food<\/title>\n<meta name=\"robots\" content=\"index, follow, max-snippet:-1, max-image-preview:large, max-video-preview:-1\" \/>\n<link rel=\"canonical\" href=\"https:\/\/erapetfood.com\/fr\/avis-legal\/\" \/>\n<meta property=\"og:locale\" content=\"fr_FR\" \/>\n<meta property=\"og:type\" content=\"article\" \/>\n<meta property=\"og:title\" content=\"Avis L\u00e9gal - ERA Pet Food\" \/>\n<meta property=\"og:description\" content=\"Conform\u00e9ment \u00e0 l&#8217;article 10 de la Loi 34\/2002 du 11 juillet sur les services de la soci\u00e9t\u00e9 de l&#8217;information et du commerce \u00e9lectronique, nous vous\" \/>\n<meta property=\"og:url\" content=\"https:\/\/erapetfood.com\/fr\/avis-legal\/\" \/>\n<meta property=\"og:site_name\" content=\"ERA Pet Food\" \/>\n<meta property=\"article:publisher\" content=\"https:\/\/www.facebook.com\/Erapetfood\/\" \/>\n<meta property=\"article:modified_time\" content=\"2026-04-24T06:40:50+00:00\" \/>\n<meta name=\"twitter:card\" content=\"summary_large_image\" \/>\n<meta name=\"twitter:site\" content=\"@Erapetfood\" \/>\n<meta name=\"twitter:label1\" content=\"Dur\u00e9e de lecture estim\u00e9e\" \/>\n\t<meta name=\"twitter:data1\" content=\"9 minutes\" \/>\n<script type=\"application\/ld+json\" class=\"yoast-schema-graph\">{\"@context\":\"https:\\\/\\\/schema.org\",\"@graph\":[{\"@type\":\"WebPage\",\"@id\":\"https:\\\/\\\/erapetfood.com\\\/fr\\\/avis-legal\\\/\",\"url\":\"https:\\\/\\\/erapetfood.com\\\/fr\\\/avis-legal\\\/\",\"name\":\"Avis L\u00e9gal - ERA Pet Food\",\"isPartOf\":{\"@id\":\"https:\\\/\\\/erapetfood.com\\\/#website\"},\"datePublished\":\"2023-07-29T07:59:51+00:00\",\"dateModified\":\"2026-04-24T06:40:50+00:00\",\"breadcrumb\":{\"@id\":\"https:\\\/\\\/erapetfood.com\\\/fr\\\/avis-legal\\\/#breadcrumb\"},\"inLanguage\":\"fr-FR\",\"potentialAction\":[{\"@type\":\"ReadAction\",\"target\":[\"https:\\\/\\\/erapetfood.com\\\/fr\\\/avis-legal\\\/\"]}]},{\"@type\":\"BreadcrumbList\",\"@id\":\"https:\\\/\\\/erapetfood.com\\\/fr\\\/avis-legal\\\/#breadcrumb\",\"itemListElement\":[{\"@type\":\"ListItem\",\"position\":1,\"name\":\"Portada\",\"item\":\"https:\\\/\\\/erapetfood.com\\\/\"},{\"@type\":\"ListItem\",\"position\":2,\"name\":\"Avis L\u00e9gal\"}]},{\"@type\":\"WebSite\",\"@id\":\"https:\\\/\\\/erapetfood.com\\\/#website\",\"url\":\"https:\\\/\\\/erapetfood.com\\\/\",\"name\":\"ERA Pet Food\",\"description\":\"\",\"publisher\":{\"@id\":\"https:\\\/\\\/erapetfood.com\\\/#organization\"},\"potentialAction\":[{\"@type\":\"SearchAction\",\"target\":{\"@type\":\"EntryPoint\",\"urlTemplate\":\"https:\\\/\\\/erapetfood.com\\\/?s={search_term_string}\"},\"query-input\":{\"@type\":\"PropertyValueSpecification\",\"valueRequired\":true,\"valueName\":\"search_term_string\"}}],\"inLanguage\":\"fr-FR\"},{\"@type\":\"Organization\",\"@id\":\"https:\\\/\\\/erapetfood.com\\\/#organization\",\"name\":\"Pets Away Store SL\",\"url\":\"https:\\\/\\\/erapetfood.com\\\/\",\"logo\":{\"@type\":\"ImageObject\",\"inLanguage\":\"fr-FR\",\"@id\":\"https:\\\/\\\/erapetfood.com\\\/#\\\/schema\\\/logo\\\/image\\\/\",\"url\":\"https:\\\/\\\/erapetfood.com\\\/wp-content\\\/uploads\\\/ERA_logo.webp\",\"contentUrl\":\"https:\\\/\\\/erapetfood.com\\\/wp-content\\\/uploads\\\/ERA_logo.webp\",\"width\":750,\"height\":370,\"caption\":\"Pets Away Store SL\"},\"image\":{\"@id\":\"https:\\\/\\\/erapetfood.com\\\/#\\\/schema\\\/logo\\\/image\\\/\"},\"sameAs\":[\"https:\\\/\\\/www.facebook.com\\\/Erapetfood\\\/\",\"https:\\\/\\\/x.com\\\/Erapetfood\",\"https:\\\/\\\/www.instagram.com\\\/erapetfood\\\/\",\"https:\\\/\\\/www.youtube.com\\\/user\\\/cypmascota\"]}]}<\/script>\n<!-- \/ Yoast SEO plugin. -->","yoast_head_json":{"title":"Avis L\u00e9gal - ERA Pet Food","robots":{"index":"index","follow":"follow","max-snippet":"max-snippet:-1","max-image-preview":"max-image-preview:large","max-video-preview":"max-video-preview:-1"},"canonical":"https:\/\/erapetfood.com\/fr\/avis-legal\/","og_locale":"fr_FR","og_type":"article","og_title":"Avis L\u00e9gal - ERA Pet Food","og_description":"Conform\u00e9ment \u00e0 l&#8217;article 10 de la Loi 34\/2002 du 11 juillet sur les services de la soci\u00e9t\u00e9 de l&#8217;information et du commerce \u00e9lectronique, nous vous","og_url":"https:\/\/erapetfood.com\/fr\/avis-legal\/","og_site_name":"ERA Pet Food","article_publisher":"https:\/\/www.facebook.com\/Erapetfood\/","article_modified_time":"2026-04-24T06:40:50+00:00","twitter_card":"summary_large_image","twitter_site":"@Erapetfood","twitter_misc":{"Dur\u00e9e de lecture estim\u00e9e":"9 minutes"},"schema":{"@context":"https:\/\/schema.org","@graph":[{"@type":"WebPage","@id":"https:\/\/erapetfood.com\/fr\/avis-legal\/","url":"https:\/\/erapetfood.com\/fr\/avis-legal\/","name":"Avis L\u00e9gal - ERA Pet Food","isPartOf":{"@id":"https:\/\/erapetfood.com\/#website"},"datePublished":"2023-07-29T07:59:51+00:00","dateModified":"2026-04-24T06:40:50+00:00","breadcrumb":{"@id":"https:\/\/erapetfood.com\/fr\/avis-legal\/#breadcrumb"},"inLanguage":"fr-FR","potentialAction":[{"@type":"ReadAction","target":["https:\/\/erapetfood.com\/fr\/avis-legal\/"]}]},{"@type":"BreadcrumbList","@id":"https:\/\/erapetfood.com\/fr\/avis-legal\/#breadcrumb","itemListElement":[{"@type":"ListItem","position":1,"name":"Portada","item":"https:\/\/erapetfood.com\/"},{"@type":"ListItem","position":2,"name":"Avis L\u00e9gal"}]},{"@type":"WebSite","@id":"https:\/\/erapetfood.com\/#website","url":"https:\/\/erapetfood.com\/","name":"ERA Pet Food","description":"","publisher":{"@id":"https:\/\/erapetfood.com\/#organization"},"potentialAction":[{"@type":"SearchAction","target":{"@type":"EntryPoint","urlTemplate":"https:\/\/erapetfood.com\/?s={search_term_string}"},"query-input":{"@type":"PropertyValueSpecification","valueRequired":true,"valueName":"search_term_string"}}],"inLanguage":"fr-FR"},{"@type":"Organization","@id":"https:\/\/erapetfood.com\/#organization","name":"Pets Away Store SL","url":"https:\/\/erapetfood.com\/","logo":{"@type":"ImageObject","inLanguage":"fr-FR","@id":"https:\/\/erapetfood.com\/#\/schema\/logo\/image\/","url":"https:\/\/erapetfood.com\/wp-content\/uploads\/ERA_logo.webp","contentUrl":"https:\/\/erapetfood.com\/wp-content\/uploads\/ERA_logo.webp","width":750,"height":370,"caption":"Pets Away Store SL"},"image":{"@id":"https:\/\/erapetfood.com\/#\/schema\/logo\/image\/"},"sameAs":["https:\/\/www.facebook.com\/Erapetfood\/","https:\/\/x.com\/Erapetfood","https:\/\/www.instagram.com\/erapetfood\/","https:\/\/www.youtube.com\/user\/cypmascota"]}]}},"jetpack_sharing_enabled":true,"_links":{"self":[{"href":"https:\/\/erapetfood.com\/fr\/wp-json\/wp\/v2\/pages\/1400","targetHints":{"allow":["GET"]}}],"collection":[{"href":"https:\/\/erapetfood.com\/fr\/wp-json\/wp\/v2\/pages"}],"about":[{"href":"https:\/\/erapetfood.com\/fr\/wp-json\/wp\/v2\/types\/page"}],"author":[{"embeddable":true,"href":"https:\/\/erapetfood.com\/fr\/wp-json\/wp\/v2\/users\/1"}],"replies":[{"embeddable":true,"href":"https:\/\/erapetfood.com\/fr\/wp-json\/wp\/v2\/comments?post=1400"}],"version-history":[{"count":1,"href":"https:\/\/erapetfood.com\/fr\/wp-json\/wp\/v2\/pages\/1400\/revisions"}],"predecessor-version":[{"id":19475,"href":"https:\/\/erapetfood.com\/fr\/wp-json\/wp\/v2\/pages\/1400\/revisions\/19475"}],"wp:attachment":[{"href":"https:\/\/erapetfood.com\/fr\/wp-json\/wp\/v2\/media?parent=1400"}],"curies":[{"name":"wp","href":"https:\/\/api.w.org\/{rel}","templated":true}]}}