{"id":1411,"date":"2023-07-29T10:09:18","date_gmt":"2023-07-29T08:09:18","guid":{"rendered":"https:\/\/cunipic.com\/erapetfood\/politique-en-matiere-de-cookies\/"},"modified":"2026-04-27T10:58:52","modified_gmt":"2026-04-27T08:58:52","slug":"politique-en-matiere-de-cookies","status":"publish","type":"page","link":"https:\/\/erapetfood.com\/fr\/politique-en-matiere-de-cookies\/","title":{"rendered":"Politique en mati\u00e8re de cookies"},"content":{"rendered":"\n<h2 class=\"wp-block-heading\">1. Utilisation de cookies<\/h2>\n\n<p>Ce site web utilise des cookies dans le but d&#8217;am\u00e9liorer l&#8217;exp\u00e9rience sur notre site web. Vous devez accepter l&#8217;utilisation des cookies tels que d\u00e9crits dans notre politique en mati\u00e8re de cookies, cliquez sur le lien pour plus d&#8217;informations.<\/p>\n\n<h2 class=\"wp-block-heading\">2. Politique en mati\u00e8re de cookies<\/h2>\n\n<p>Conform\u00e9ment \u00e0 la Loi 34\/2002 du 11 juillet sur les services de la soci\u00e9t\u00e9 de l&#8217;information et du commerce \u00e9lectronique, \u00e0 la Directive 2009\/136\/CE du 12 juillet, suivant les directives de l&#8217;Agence espagnole de protection des donn\u00e9es et conform\u00e9ment au nouveau R\u00e8glement europ\u00e9en sur la protection des donn\u00e9es 2016\/679\/CE, nous vous informons que sur le site web www.erapetfood.com, nous utilisons des cookies pour faciliter la relation des visiteurs avec notre contenu et pour permettre l&#8217;\u00e9tablissement de statistiques sur les visites re\u00e7ues. Ces cookies peuvent \u00eatre propres ou de tiers, persistants dans le but d&#8217;am\u00e9liorer le service fourni.<\/p>\n\n<p>La plupart des navigateurs acceptent les cookies par d\u00e9faut et, ind\u00e9pendamment de ceux-ci, permettent ou emp\u00eachent dans les param\u00e8tres de s\u00e9curit\u00e9 les cookies temporaires ou m\u00e9moris\u00e9s.<\/p>\n\n<p>Sans votre consentement explicite (en activant les cookies dans votre navigateur), PETS AWAY STORE SL ne liera pas les donn\u00e9es m\u00e9moris\u00e9es aux donn\u00e9es personnelles que vous avez fournies lors de l&#8217;inscription ou de l&#8217;achat.<\/p>\n\n<h2 class=\"wp-block-heading\">3. Qu&#8217;est-ce que les cookies?<\/h2>\n\n<p>On appelle cookies de petits fichiers qui sont enregistr\u00e9s dans le navigateur utilis\u00e9 par chaque visiteur de notre site web afin que le serveur puisse se souvenir de la visite de cet utilisateur ult\u00e9rieurement lorsqu&#8217;il revient sur nos contenus. Les cookies permettent \u00e0 un site web, entre autres choses, de stocker et de r\u00e9cup\u00e9rer des informations sur les habitudes de navigation d&#8217;un utilisateur ou de son ordinateur afin de fournir un meilleur service via le site web en fonction du type de navigation.<\/p>\n\n<p>Ces informations ne r\u00e9v\u00e8lent pas l&#8217;identit\u00e9 du visiteur, ni aucune donn\u00e9e personnelle, ni n&#8217;acc\u00e8dent au contenu stock\u00e9 sur son ordinateur, mais elles permettent \u00e0 notre syst\u00e8me d&#8217;identifier un utilisateur sp\u00e9cifique qui a d\u00e9j\u00e0 visit\u00e9 le site web pr\u00e9c\u00e9demment, qui a consult\u00e9 certaines pages, etc., et permet \u00e9galement de stocker les pr\u00e9f\u00e9rences personnelles et les informations techniques telles que les visites effectu\u00e9es ou les pages sp\u00e9cifiques visit\u00e9es.<\/p>\n\n<p>Nous collectons certaines donn\u00e9es \u00e0 partir de cookies, qui sont des donn\u00e9es stock\u00e9es directement sur l&#8217;ordinateur ou l&#8217;appareil mobile que vous utilisez. Les cookies nous permettent de recueillir des informations telles que le type de navigateur, le temps pass\u00e9 sur les Services en ligne, les pages visit\u00e9es, l&#8217;URL de r\u00e9f\u00e9rence, les pr\u00e9f\u00e9rences linguistiques et d&#8217;autres donn\u00e9es de trafic agr\u00e9g\u00e9es.<\/p>\n\n<p>Nous utilisons ces informations \u00e0 des fins de s\u00e9curit\u00e9, pour faciliter la navigation, afficher les informations de mani\u00e8re plus efficace, recueillir des informations statistiques, personnaliser votre exp\u00e9rience lors de l&#8217;utilisation des Services en ligne, et reconna\u00eetre votre ordinateur pour vous aider \u00e0 utiliser les Services en ligne. Nous recueillons \u00e9galement des informations statistiques sur l&#8217;utilisation des Services en ligne afin d&#8217;am\u00e9liorer en permanence leur conception et leur fonctionnalit\u00e9, de comprendre comment ils sont utilis\u00e9s, et de nous aider \u00e0 r\u00e9soudre les probl\u00e8mes.<\/p>\n\n<p>Les cookies nous permettent \u00e9galement de s\u00e9lectionner quels de nos avis publicitaires et offres pourraient vous plaire, et de vous les afficher lorsque vous utilisez les Services en ligne ou de vous envoyer des e-mails de marketing. Nous utilisons \u00e9galement des cookies et d&#8217;autres technologies pour suivre les r\u00e9ponses aux annonces publicitaires en ligne et aux e-mails de marketing.<\/p>\n\n<h2 class=\"wp-block-heading\">4. Qui g\u00e8re les cookies et types de cookies utilis\u00e9s sur le site web ?<\/h2>\n\n<p>Les cookies sont g\u00e9r\u00e9s par l&#8217;\u00e9diteur du site web lui-m\u00eame (Cookies propri\u00e9taires) et les types suivants sont utilis\u00e9s :<\/p>\n\n<ul class=\"wp-block-list\">\n<li><strong>Cookies techniques :<\/strong> Ce sont ceux qui permettent \u00e0 l&#8217;utilisateur de naviguer sur un site web, une plateforme ou une application et d&#8217;utiliser les diff\u00e9rentes options ou services qui y sont propos\u00e9s, tels que le contr\u00f4le du trafic et de la communication de donn\u00e9es, l&#8217;identification de la session, l&#8217;acc\u00e8s \u00e0 des parties \u00e0 acc\u00e8s restreint, la m\u00e9morisation des \u00e9l\u00e9ments qui composent une commande, le processus d&#8217;achat d&#8217;une commande, la demande d&#8217;inscription ou de participation \u00e0 un \u00e9v\u00e9nement, l&#8217;utilisation d&#8217;\u00e9l\u00e9ments de s\u00e9curit\u00e9 pendant la navigation, le stockage de contenus pour la diffusion de vid\u00e9os ou de son, ou le partage de contenus via les r\u00e9seaux sociaux.<\/li>\n<\/ul>\n\n<ul class=\"wp-block-list\">\n<li><strong>Cookies de personnalisation :<\/strong> Ce sont ceux qui permettent \u00e0 l&#8217;utilisateur d&#8217;acc\u00e9der au service avec certaines caract\u00e9ristiques g\u00e9n\u00e9rales pr\u00e9d\u00e9finies en fonction de crit\u00e8res d\u00e9termin\u00e9s dans le terminal de l&#8217;utilisateur, tels que la langue, le type de navigateur utilis\u00e9 pour acc\u00e9der au service, la configuration r\u00e9gionale \u00e0 partir de laquelle l&#8217;acc\u00e8s au service est effectu\u00e9, etc.<\/li>\n<\/ul>\n\n<ul class=\"wp-block-list\">\n<li><strong>Cookies d&#8217;analyse :<\/strong> Ce sont ceux qui, qu&#8217;ils soient trait\u00e9s par nous ou par des tiers, nous permettent de quantifier le nombre d&#8217;utilisateurs et de r\u00e9aliser des mesures et des analyses statistiques de l&#8217;utilisation que font les utilisateurs du service propos\u00e9. Pour ce faire, nous analysons votre navigation sur notre site web afin d&#8217;am\u00e9liorer l&#8217;offre de produits ou de services que nous vous proposons.<\/li>\n<\/ul>\n\n<ul class=\"wp-block-list\">\n<li><strong>Cookies tiers :<\/strong> Le site web www.erapetfood.com peut utiliser des services de tiers qui, pour le compte de PETS AWAY STORE SL, collectent des informations \u00e0 des fins statistiques, d&#8217;utilisation du site web par l&#8217;utilisateur et pour la fourniture d&#8217;autres services li\u00e9s \u00e0 l&#8217;activit\u00e9 du site web et \u00e0 d&#8217;autres services sur Internet.<\/li>\n<\/ul>\n\n<p>Vous pouvez choisir d&#8217;accepter les cookies en modifiant les param\u00e8tres de votre navigateur ou en g\u00e9rant vos pr\u00e9f\u00e9rences de suivi en cliquant sur &#8220;Pr\u00e9f\u00e9rences de suivi&#8221; en bas de notre page d&#8217;accueil.<\/p>\n\n<h2 class=\"wp-block-heading\">5. Cookies tierces et quelles sont leurs finalit\u00e9s ?<\/h2>\n\n<p><strong>Cookies analytiques de tiers :<\/strong> Ce sont celles qui permettent au responsable des cookies de suivre et d&#8217;analyser le comportement des utilisateurs des sites web. Elles sont utilis\u00e9es pour mesurer l&#8217;activit\u00e9 du site web et cr\u00e9er des profils de navigation des utilisateurs. Dans tous les cas, les informations trait\u00e9es par le tiers en question seront toujours \u00e0 des fins statistiques et il ne sera pas possible d&#8217;identifier les visiteurs du site web.<\/p>\n\n<p>En particulier, ce site web utilise Google Analytics, un service d&#8217;analyse web fourni par Google, Inc. domicili\u00e9 aux \u00c9tats-Unis, dont le si\u00e8ge social est situ\u00e9 au 1600 Amphitheatre Parkway, Mountain View, California 94043. Pour la fourniture de ces services, Google utilise des cookies qui collectent des informations, y compris l&#8217;adresse IP de l&#8217;utilisateur, qui seront transmises, trait\u00e9es et stock\u00e9es par Google selon les termes d\u00e9finis sur le site web Google.com. Cela peut inclure la transmission \u00e9ventuelle de ces informations \u00e0 des tiers pour des raisons l\u00e9gales ou lorsque ces tiers traitent les informations pour le compte de Google.<\/p>\n\n<p>Si vous ne souhaitez pas que des cookies soient stock\u00e9s dans votre navigateur ou si vous pr\u00e9f\u00e9rez recevoir une notification chaque fois qu&#8217;un cookie demande \u00e0 \u00eatre install\u00e9, vous pouvez configurer vos options de navigation en cons\u00e9quence.<\/p>\n\n<p>En ce qui concerne les cookies tiers, c&#8217;est-\u00e0-dire ceux qui ne sont pas li\u00e9s \u00e0 notre site web, nous ne pouvons pas \u00eatre tenus responsables du contenu et de la v\u00e9racit\u00e9 des politiques de confidentialit\u00e9 qu&#8217;ils incluent, c&#8217;est pourquoi les informations que nous vous fournissons font toujours r\u00e9f\u00e9rence \u00e0 la source.<\/p>\n\n<figure class=\"wp-block-table\"><table><tbody><tr><td>Cookie <\/td><td>Description <\/td><\/tr><tr><td>_ga <\/td><td>De type HTTP, elle enregistre une identification unique qui est utilis\u00e9e pour g\u00e9n\u00e9rer des donn\u00e9es statistiques sur la mani\u00e8re dont le visiteur utilise le site web. <\/td><\/tr><tr><td>_gid <\/td><td>De type HTTP, enregistre une identification unique utilis\u00e9e pour g\u00e9n\u00e9rer des donn\u00e9es statistiques sur la mani\u00e8re dont le visiteur utilise le site web. <\/td><\/tr><tr><td>_icl <\/td><td>De type HTTP, enregistre la langue utilis\u00e9e. <\/td><\/tr><\/tbody><\/table><\/figure>\n\n<h2 class=\"wp-block-heading\">6. Autoriser, bloquer ou supprimer les cookies.<\/h2>\n\n<p>Vous pouvez autoriser, bloquer ou supprimer les cookies install\u00e9s sur votre ordinateur en configurant les options de votre navigateur. L&#8217;utilisateur accepte express\u00e9ment, par l&#8217;utilisation de ce site web, le traitement des informations collect\u00e9es de la mani\u00e8re et aux fins pr\u00e9c\u00e9demment mentionn\u00e9es. Il reconna\u00eet \u00e9galement la possibilit\u00e9 de refuser le traitement de ces donn\u00e9es ou informations en refusant l&#8217;utilisation de cookies en s\u00e9lectionnant les param\u00e8tres appropri\u00e9s de son navigateur. Bien que cette option de blocage des cookies dans votre navigateur puisse ne pas vous permettre d&#8217;utiliser pleinement toutes les fonctionnalit\u00e9s du site web, vous pouvez suivre les instructions suivantes en fonction du navigateur que vous utilisez :<\/p>\n\n<p><a rel=\"noreferrer noopener\" href=\"https:\/\/support.mozilla.org\/es\/kb\/Deshabilitar%20cookies%20de%20terceros\" target=\"_blank\">Firefox<\/a><\/p>\n\n<p><a href=\"https:\/\/support.google.com\/chrome\/answer\/95647?co=GENIE.Platform%3DDesktop&amp;hl=es\" target=\"_blank\" rel=\"noreferrer noopener\">Chrome<\/a><\/p>\n\n<p><a href=\"https:\/\/support.apple.com\/kb\/ph21411?locale=es_ES\" target=\"_blank\" rel=\"noreferrer noopener\">Safari<\/a><\/p>\n\n<p><a href=\"https:\/\/support.microsoft.com\/es-es\/help\/17442\/windows-internet-explorer-delete-manage-cookies\" target=\"_blank\" rel=\"noreferrer noopener\">Explorer<\/a><\/p>\n\n<p>Si vous ne souhaitez pas que nous recueillions des donn\u00e9es \u00e0 l&#8217;aide de cookies, vous pouvez consulter des informations sur la mani\u00e8re de contr\u00f4ler les cookies \u00e0 l&#8217;adresse suivante : http:\/\/www.allaboutcookies.org\/manage-cookes\/index.htm<\/p>\n","protected":false},"excerpt":{"rendered":"<p>1. Utilisation de cookies Ce site web utilise des cookies dans le but d&#8217;am\u00e9liorer l&#8217;exp\u00e9rience sur notre site web. Vous devez accepter l&#8217;utilisation des cookies<\/p>\n","protected":false},"author":1,"featured_media":0,"parent":0,"menu_order":23,"comment_status":"closed","ping_status":"closed","template":"","meta":{"footnotes":""},"class_list":["post-1411","page","type-page","status-publish"],"yoast_head":"<!-- This site is optimized with the Yoast SEO plugin v27.5 - https:\/\/yoast.com\/product\/yoast-seo-wordpress\/ -->\n<title>Politique en mati\u00e8re de cookies - ERA Pet Food<\/title>\n<meta name=\"robots\" content=\"index, follow, max-snippet:-1, max-image-preview:large, max-video-preview:-1\" \/>\n<link rel=\"canonical\" href=\"https:\/\/erapetfood.com\/fr\/politique-en-matiere-de-cookies\/\" \/>\n<meta property=\"og:locale\" content=\"fr_FR\" \/>\n<meta property=\"og:type\" content=\"article\" \/>\n<meta property=\"og:title\" content=\"Politique en mati\u00e8re de cookies - ERA Pet Food\" \/>\n<meta property=\"og:description\" content=\"1. Utilisation de cookies Ce site web utilise des cookies dans le but d&#8217;am\u00e9liorer l&#8217;exp\u00e9rience sur notre site web. Vous devez accepter l&#8217;utilisation des cookies\" \/>\n<meta property=\"og:url\" content=\"https:\/\/erapetfood.com\/fr\/politique-en-matiere-de-cookies\/\" \/>\n<meta property=\"og:site_name\" content=\"ERA Pet Food\" \/>\n<meta property=\"article:publisher\" content=\"https:\/\/www.facebook.com\/Erapetfood\/\" \/>\n<meta property=\"article:modified_time\" content=\"2026-04-27T08:58:52+00:00\" \/>\n<meta name=\"twitter:card\" content=\"summary_large_image\" \/>\n<meta name=\"twitter:site\" content=\"@Erapetfood\" \/>\n<meta name=\"twitter:label1\" content=\"Dur\u00e9e de lecture estim\u00e9e\" \/>\n\t<meta name=\"twitter:data1\" content=\"7 minutes\" \/>\n<script type=\"application\/ld+json\" class=\"yoast-schema-graph\">{\"@context\":\"https:\\\/\\\/schema.org\",\"@graph\":[{\"@type\":\"WebPage\",\"@id\":\"https:\\\/\\\/erapetfood.com\\\/fr\\\/politique-en-matiere-de-cookies\\\/\",\"url\":\"https:\\\/\\\/erapetfood.com\\\/fr\\\/politique-en-matiere-de-cookies\\\/\",\"name\":\"Politique en mati\u00e8re de cookies - ERA Pet Food\",\"isPartOf\":{\"@id\":\"https:\\\/\\\/erapetfood.com\\\/#website\"},\"datePublished\":\"2023-07-29T08:09:18+00:00\",\"dateModified\":\"2026-04-27T08:58:52+00:00\",\"breadcrumb\":{\"@id\":\"https:\\\/\\\/erapetfood.com\\\/fr\\\/politique-en-matiere-de-cookies\\\/#breadcrumb\"},\"inLanguage\":\"fr-FR\",\"potentialAction\":[{\"@type\":\"ReadAction\",\"target\":[\"https:\\\/\\\/erapetfood.com\\\/fr\\\/politique-en-matiere-de-cookies\\\/\"]}]},{\"@type\":\"BreadcrumbList\",\"@id\":\"https:\\\/\\\/erapetfood.com\\\/fr\\\/politique-en-matiere-de-cookies\\\/#breadcrumb\",\"itemListElement\":[{\"@type\":\"ListItem\",\"position\":1,\"name\":\"Portada\",\"item\":\"https:\\\/\\\/erapetfood.com\\\/\"},{\"@type\":\"ListItem\",\"position\":2,\"name\":\"Politique en mati\u00e8re de cookies\"}]},{\"@type\":\"WebSite\",\"@id\":\"https:\\\/\\\/erapetfood.com\\\/#website\",\"url\":\"https:\\\/\\\/erapetfood.com\\\/\",\"name\":\"ERA Pet Food\",\"description\":\"\",\"publisher\":{\"@id\":\"https:\\\/\\\/erapetfood.com\\\/#organization\"},\"potentialAction\":[{\"@type\":\"SearchAction\",\"target\":{\"@type\":\"EntryPoint\",\"urlTemplate\":\"https:\\\/\\\/erapetfood.com\\\/?s={search_term_string}\"},\"query-input\":{\"@type\":\"PropertyValueSpecification\",\"valueRequired\":true,\"valueName\":\"search_term_string\"}}],\"inLanguage\":\"fr-FR\"},{\"@type\":\"Organization\",\"@id\":\"https:\\\/\\\/erapetfood.com\\\/#organization\",\"name\":\"Pets Away Store SL\",\"url\":\"https:\\\/\\\/erapetfood.com\\\/\",\"logo\":{\"@type\":\"ImageObject\",\"inLanguage\":\"fr-FR\",\"@id\":\"https:\\\/\\\/erapetfood.com\\\/#\\\/schema\\\/logo\\\/image\\\/\",\"url\":\"https:\\\/\\\/erapetfood.com\\\/wp-content\\\/uploads\\\/ERA_logo.webp\",\"contentUrl\":\"https:\\\/\\\/erapetfood.com\\\/wp-content\\\/uploads\\\/ERA_logo.webp\",\"width\":750,\"height\":370,\"caption\":\"Pets Away Store SL\"},\"image\":{\"@id\":\"https:\\\/\\\/erapetfood.com\\\/#\\\/schema\\\/logo\\\/image\\\/\"},\"sameAs\":[\"https:\\\/\\\/www.facebook.com\\\/Erapetfood\\\/\",\"https:\\\/\\\/x.com\\\/Erapetfood\",\"https:\\\/\\\/www.instagram.com\\\/erapetfood\\\/\",\"https:\\\/\\\/www.youtube.com\\\/user\\\/cypmascota\"]}]}<\/script>\n<!-- \/ Yoast SEO plugin. -->","yoast_head_json":{"title":"Politique en mati\u00e8re de cookies - ERA Pet Food","robots":{"index":"index","follow":"follow","max-snippet":"max-snippet:-1","max-image-preview":"max-image-preview:large","max-video-preview":"max-video-preview:-1"},"canonical":"https:\/\/erapetfood.com\/fr\/politique-en-matiere-de-cookies\/","og_locale":"fr_FR","og_type":"article","og_title":"Politique en mati\u00e8re de cookies - ERA Pet Food","og_description":"1. Utilisation de cookies Ce site web utilise des cookies dans le but d&#8217;am\u00e9liorer l&#8217;exp\u00e9rience sur notre site web. Vous devez accepter l&#8217;utilisation des cookies","og_url":"https:\/\/erapetfood.com\/fr\/politique-en-matiere-de-cookies\/","og_site_name":"ERA Pet Food","article_publisher":"https:\/\/www.facebook.com\/Erapetfood\/","article_modified_time":"2026-04-27T08:58:52+00:00","twitter_card":"summary_large_image","twitter_site":"@Erapetfood","twitter_misc":{"Dur\u00e9e de lecture estim\u00e9e":"7 minutes"},"schema":{"@context":"https:\/\/schema.org","@graph":[{"@type":"WebPage","@id":"https:\/\/erapetfood.com\/fr\/politique-en-matiere-de-cookies\/","url":"https:\/\/erapetfood.com\/fr\/politique-en-matiere-de-cookies\/","name":"Politique en mati\u00e8re de cookies - ERA Pet Food","isPartOf":{"@id":"https:\/\/erapetfood.com\/#website"},"datePublished":"2023-07-29T08:09:18+00:00","dateModified":"2026-04-27T08:58:52+00:00","breadcrumb":{"@id":"https:\/\/erapetfood.com\/fr\/politique-en-matiere-de-cookies\/#breadcrumb"},"inLanguage":"fr-FR","potentialAction":[{"@type":"ReadAction","target":["https:\/\/erapetfood.com\/fr\/politique-en-matiere-de-cookies\/"]}]},{"@type":"BreadcrumbList","@id":"https:\/\/erapetfood.com\/fr\/politique-en-matiere-de-cookies\/#breadcrumb","itemListElement":[{"@type":"ListItem","position":1,"name":"Portada","item":"https:\/\/erapetfood.com\/"},{"@type":"ListItem","position":2,"name":"Politique en mati\u00e8re de cookies"}]},{"@type":"WebSite","@id":"https:\/\/erapetfood.com\/#website","url":"https:\/\/erapetfood.com\/","name":"ERA Pet Food","description":"","publisher":{"@id":"https:\/\/erapetfood.com\/#organization"},"potentialAction":[{"@type":"SearchAction","target":{"@type":"EntryPoint","urlTemplate":"https:\/\/erapetfood.com\/?s={search_term_string}"},"query-input":{"@type":"PropertyValueSpecification","valueRequired":true,"valueName":"search_term_string"}}],"inLanguage":"fr-FR"},{"@type":"Organization","@id":"https:\/\/erapetfood.com\/#organization","name":"Pets Away Store SL","url":"https:\/\/erapetfood.com\/","logo":{"@type":"ImageObject","inLanguage":"fr-FR","@id":"https:\/\/erapetfood.com\/#\/schema\/logo\/image\/","url":"https:\/\/erapetfood.com\/wp-content\/uploads\/ERA_logo.webp","contentUrl":"https:\/\/erapetfood.com\/wp-content\/uploads\/ERA_logo.webp","width":750,"height":370,"caption":"Pets Away Store SL"},"image":{"@id":"https:\/\/erapetfood.com\/#\/schema\/logo\/image\/"},"sameAs":["https:\/\/www.facebook.com\/Erapetfood\/","https:\/\/x.com\/Erapetfood","https:\/\/www.instagram.com\/erapetfood\/","https:\/\/www.youtube.com\/user\/cypmascota"]}]}},"jetpack_sharing_enabled":true,"_links":{"self":[{"href":"https:\/\/erapetfood.com\/fr\/wp-json\/wp\/v2\/pages\/1411","targetHints":{"allow":["GET"]}}],"collection":[{"href":"https:\/\/erapetfood.com\/fr\/wp-json\/wp\/v2\/pages"}],"about":[{"href":"https:\/\/erapetfood.com\/fr\/wp-json\/wp\/v2\/types\/page"}],"author":[{"embeddable":true,"href":"https:\/\/erapetfood.com\/fr\/wp-json\/wp\/v2\/users\/1"}],"replies":[{"embeddable":true,"href":"https:\/\/erapetfood.com\/fr\/wp-json\/wp\/v2\/comments?post=1411"}],"version-history":[{"count":1,"href":"https:\/\/erapetfood.com\/fr\/wp-json\/wp\/v2\/pages\/1411\/revisions"}],"predecessor-version":[{"id":18844,"href":"https:\/\/erapetfood.com\/fr\/wp-json\/wp\/v2\/pages\/1411\/revisions\/18844"}],"wp:attachment":[{"href":"https:\/\/erapetfood.com\/fr\/wp-json\/wp\/v2\/media?parent=1411"}],"curies":[{"name":"wp","href":"https:\/\/api.w.org\/{rel}","templated":true}]}}