{"id":14082,"date":"2024-11-20T13:03:16","date_gmt":"2024-11-20T12:03:16","guid":{"rendered":"https:\/\/erapetfood.com\/?post_type=product&#038;p=14082"},"modified":"2026-03-30T17:32:34","modified_gmt":"2026-03-30T15:32:34","slug":"lacova-para-gatos","status":"publish","type":"product","link":"https:\/\/erapetfood.com\/fr\/producto\/lacova-para-gatos\/","title":{"rendered":"Lacova para gatos"},"content":{"rendered":"<h3>Lacova para gatos: el toque de color y estilo para su nuevo refugio<\/h3>\n<p><strong>Edici\u00f3n limitada<\/strong><br \/>\n<strong>La Cueva de Edici\u00f3n Especial Lacova<\/strong>\u00a0ha sido dise\u00f1ada especialmente para hogares modernos y mascotas con personalidad. Este accesorio combina un dise\u00f1o contempor\u00e1neo con materiales naturales de alta calidad, ofreciendo un refugio c\u00f3modo, seguro y sostenible para tu gato.<\/p>\n<p><strong>Comodidad y dise\u00f1o sostenible<\/strong><br \/>\nFabricada a partir de una sola pieza de lana fieltrada 100% natural, <strong>Lacova<\/strong> no solo es ligera y espaciosa, sino que tambi\u00e9n es completamente biodegradable y libre de tintes qu\u00edmicos. Dise\u00f1ada en Barcelona y elaborada artesanalmente en Nepal, representa un compromiso con el bienestar animal y la sostenibilidad.<\/p>\n<p><strong>Caracter\u00edsticas principales:<\/strong><\/p>\n<ul>\n<li><strong>Aislante t\u00e9rmico:<\/strong> c\u00e1lida en invierno y fresca en verano.<\/li>\n<li><strong>Hipoalerg\u00e9nica y resistente a la humedad:<\/strong> ideal para mascotas sensibles.<\/li>\n<li><strong>Transpirable y libre de olores:<\/strong> garantiza un entorno limpio y fresco.<\/li>\n<li><strong>Vers\u00e1til:<\/strong> su forma ovalada puede aplanarse y convertirse en una c\u00f3moda cama, adapt\u00e1ndose a las necesidades de tu mascota.<\/li>\n<\/ul>\n<p><strong>Estilo que se adapta a tu hogar<\/strong><br \/>\nDisponible en dos vibrantes tonalidades, Verde y Azul, <strong>Lacova<\/strong> a\u00f1ade un toque de color moderno a cualquier espacio sin perder su funcionalidad.<\/p>\n<p><strong>Incluye un regalo especial<\/strong><br \/>\nCada Cueva <strong>Lacova<\/strong> viene con una pelota de fieltro a juego, perfecta para que tu mascota se divierta mientras disfruta de su nuevo refugio.<\/p>\n<p>Descubre Lacova y toda nuestra <a style=\"font-size: inherit; font-family: -apple-system, system-ui, BlinkMacSystemFont, 'Segoe UI', Helvetica, Arial, sans-serif, 'Apple Color Emoji', 'Segoe UI Emoji', 'Segoe UI Symbol';\" href=\"https:\/\/erapetfood.com\/etiqueta-producto\/accesorios-para-gato\/\" rel=\"noopener\">colecci\u00f3n de camas y juguetes ecol\u00f3gicos para gatos<\/a><span style=\"font-size: inherit; font-family: -apple-system, system-ui, BlinkMacSystemFont, 'Segoe UI', Helvetica, Arial, sans-serif, 'Apple Color Emoji', 'Segoe UI Emoji', 'Segoe UI Symbol';\"> y peque\u00f1as mascotas y contribuye al cuidado del planeta mientras cuidas a tus peludos.<\/span><\/p>\n","protected":false},"excerpt":{"rendered":"<p>La Cueva de Edici\u00f3n Especial Lacova, para gatos combina dise\u00f1o moderno y funcionalidad. Hecha a mano con lana 100% natural, ofrece un refugio c\u00f3modo y sostenible para tu gato. Disponible en tonos vibrantes como Verde y Azul, es perfecta para hogares con estilo. Incluye una pelota de fieltro a juego.<\/p>\n","protected":false},"featured_media":14588,"comment_status":"open","ping_status":"closed","template":"","meta":[],"product_brand":[],"product_cat":[19],"product_tag":[224],"class_list":{"0":"post-14082","1":"product","2":"type-product","3":"status-publish","4":"has-post-thumbnail","6":"product_cat-gatos","7":"product_tag-accesorios-para-gato","8":"sales-flash-overlay","9":"woocommerce-text-align-center","10":"woocommerce-image-align-center","11":"do-quantity-buttons","12":"wc-has-gallery","14":"first","15":"outofstock","16":"taxable","17":"shipping-taxable","18":"purchasable","19":"product-type-variable"},"yoast_head":"<!-- This site is optimized with the Yoast SEO plugin v27.5 - https:\/\/yoast.com\/product\/yoast-seo-wordpress\/ -->\n<title>Lacova para gatos - ERA Pet Food<\/title>\n<meta name=\"description\" content=\"Descubre la Cueva de Edici\u00f3n Especial Lacova para gatos: dise\u00f1o moderno en tonos Azul y Verde. Hecha con lana natural, es el refugio sostenible perfecto para tu gato\" \/>\n<meta name=\"robots\" content=\"index, follow, max-snippet:-1, max-image-preview:large, max-video-preview:-1\" \/>\n<link rel=\"canonical\" href=\"https:\/\/erapetfood.com\/producto\/lacova-para-gatos\/\" \/>\n<meta property=\"og:locale\" content=\"fr_FR\" \/>\n<meta property=\"og:type\" content=\"article\" \/>\n<meta property=\"og:title\" content=\"Lacova para gatos - ERA Pet Food\" \/>\n<meta property=\"og:description\" content=\"Descubre la Cueva de Edici\u00f3n Especial Lacova para gatos: dise\u00f1o moderno en tonos Azul y Verde. Hecha con lana natural, es el refugio sostenible perfecto para tu gato\" \/>\n<meta property=\"og:url\" content=\"https:\/\/erapetfood.com\/producto\/lacova-para-gatos\/\" \/>\n<meta property=\"og:site_name\" content=\"ERA Pet Food\" \/>\n<meta property=\"article:publisher\" content=\"https:\/\/www.facebook.com\/Erapetfood\/\" \/>\n<meta property=\"article:modified_time\" content=\"2026-03-30T15:32:34+00:00\" \/>\n<meta property=\"og:image\" content=\"https:\/\/erapetfood.com\/wp-content\/uploads\/LACOVA_GREEN.jpg\" \/>\n\t<meta property=\"og:image:width\" content=\"1317\" \/>\n\t<meta property=\"og:image:height\" content=\"1316\" \/>\n\t<meta property=\"og:image:type\" content=\"image\/jpeg\" \/>\n<meta name=\"twitter:card\" content=\"summary_large_image\" \/>\n<meta name=\"twitter:site\" content=\"@Erapetfood\" \/>\n<meta name=\"twitter:label1\" content=\"Dur\u00e9e de lecture estim\u00e9e\" \/>\n\t<meta name=\"twitter:data1\" content=\"2 minutes\" \/>\n<script type=\"application\/ld+json\" class=\"yoast-schema-graph\">{\"@context\":\"https:\\\/\\\/schema.org\",\"@graph\":[{\"@type\":\"WebPage\",\"@id\":\"https:\\\/\\\/erapetfood.com\\\/producto\\\/lacova-para-gatos\\\/\",\"url\":\"https:\\\/\\\/erapetfood.com\\\/producto\\\/lacova-para-gatos\\\/\",\"name\":\"Lacova para gatos - ERA Pet Food\",\"isPartOf\":{\"@id\":\"https:\\\/\\\/erapetfood.com\\\/#website\"},\"primaryImageOfPage\":{\"@id\":\"https:\\\/\\\/erapetfood.com\\\/producto\\\/lacova-para-gatos\\\/#primaryimage\"},\"image\":{\"@id\":\"https:\\\/\\\/erapetfood.com\\\/producto\\\/lacova-para-gatos\\\/#primaryimage\"},\"thumbnailUrl\":\"https:\\\/\\\/erapetfood.com\\\/wp-content\\\/uploads\\\/LACOVA_GREEN.webp\",\"datePublished\":\"2024-11-20T12:03:16+00:00\",\"dateModified\":\"2026-03-30T15:32:34+00:00\",\"description\":\"Descubre la Cueva de Edici\u00f3n Especial Lacova para gatos: dise\u00f1o moderno en tonos Azul y Verde. Hecha con lana natural, es el refugio sostenible perfecto para tu gato\",\"breadcrumb\":{\"@id\":\"https:\\\/\\\/erapetfood.com\\\/producto\\\/lacova-para-gatos\\\/#breadcrumb\"},\"inLanguage\":\"fr-FR\",\"potentialAction\":[{\"@type\":\"ReadAction\",\"target\":[\"https:\\\/\\\/erapetfood.com\\\/producto\\\/lacova-para-gatos\\\/\"]}]},{\"@type\":\"ImageObject\",\"inLanguage\":\"fr-FR\",\"@id\":\"https:\\\/\\\/erapetfood.com\\\/producto\\\/lacova-para-gatos\\\/#primaryimage\",\"url\":\"https:\\\/\\\/erapetfood.com\\\/wp-content\\\/uploads\\\/LACOVA_GREEN.webp\",\"contentUrl\":\"https:\\\/\\\/erapetfood.com\\\/wp-content\\\/uploads\\\/LACOVA_GREEN.webp\",\"width\":1317,\"height\":1316},{\"@type\":\"BreadcrumbList\",\"@id\":\"https:\\\/\\\/erapetfood.com\\\/producto\\\/lacova-para-gatos\\\/#breadcrumb\",\"itemListElement\":[{\"@type\":\"ListItem\",\"position\":1,\"name\":\"Portada\",\"item\":\"https:\\\/\\\/erapetfood.com\\\/\"},{\"@type\":\"ListItem\",\"position\":2,\"name\":\"Produits\",\"item\":\"https:\\\/\\\/erapetfood.com\\\/productos\\\/\"},{\"@type\":\"ListItem\",\"position\":3,\"name\":\"Lacova para gatos\"}]},{\"@type\":\"WebSite\",\"@id\":\"https:\\\/\\\/erapetfood.com\\\/#website\",\"url\":\"https:\\\/\\\/erapetfood.com\\\/\",\"name\":\"ERA Pet Food\",\"description\":\"\",\"publisher\":{\"@id\":\"https:\\\/\\\/erapetfood.com\\\/#organization\"},\"potentialAction\":[{\"@type\":\"SearchAction\",\"target\":{\"@type\":\"EntryPoint\",\"urlTemplate\":\"https:\\\/\\\/erapetfood.com\\\/?s={search_term_string}\"},\"query-input\":{\"@type\":\"PropertyValueSpecification\",\"valueRequired\":true,\"valueName\":\"search_term_string\"}}],\"inLanguage\":\"fr-FR\"},{\"@type\":\"Organization\",\"@id\":\"https:\\\/\\\/erapetfood.com\\\/#organization\",\"name\":\"Pets Away Store SL\",\"url\":\"https:\\\/\\\/erapetfood.com\\\/\",\"logo\":{\"@type\":\"ImageObject\",\"inLanguage\":\"fr-FR\",\"@id\":\"https:\\\/\\\/erapetfood.com\\\/#\\\/schema\\\/logo\\\/image\\\/\",\"url\":\"https:\\\/\\\/erapetfood.com\\\/wp-content\\\/uploads\\\/ERA_logo.webp\",\"contentUrl\":\"https:\\\/\\\/erapetfood.com\\\/wp-content\\\/uploads\\\/ERA_logo.webp\",\"width\":750,\"height\":370,\"caption\":\"Pets Away Store SL\"},\"image\":{\"@id\":\"https:\\\/\\\/erapetfood.com\\\/#\\\/schema\\\/logo\\\/image\\\/\"},\"sameAs\":[\"https:\\\/\\\/www.facebook.com\\\/Erapetfood\\\/\",\"https:\\\/\\\/x.com\\\/Erapetfood\",\"https:\\\/\\\/www.instagram.com\\\/erapetfood\\\/\",\"https:\\\/\\\/www.youtube.com\\\/user\\\/cypmascota\"]}]}<\/script>\n<!-- \/ Yoast SEO plugin. -->","yoast_head_json":{"title":"Lacova para gatos - ERA Pet Food","description":"Descubre la Cueva de Edici\u00f3n Especial Lacova para gatos: dise\u00f1o moderno en tonos Azul y Verde. Hecha con lana natural, es el refugio sostenible perfecto para tu gato","robots":{"index":"index","follow":"follow","max-snippet":"max-snippet:-1","max-image-preview":"max-image-preview:large","max-video-preview":"max-video-preview:-1"},"canonical":"https:\/\/erapetfood.com\/producto\/lacova-para-gatos\/","og_locale":"fr_FR","og_type":"article","og_title":"Lacova para gatos - ERA Pet Food","og_description":"Descubre la Cueva de Edici\u00f3n Especial Lacova para gatos: dise\u00f1o moderno en tonos Azul y Verde. Hecha con lana natural, es el refugio sostenible perfecto para tu gato","og_url":"https:\/\/erapetfood.com\/producto\/lacova-para-gatos\/","og_site_name":"ERA Pet Food","article_publisher":"https:\/\/www.facebook.com\/Erapetfood\/","article_modified_time":"2026-03-30T15:32:34+00:00","og_image":[{"width":1317,"height":1316,"url":"https:\/\/erapetfood.com\/wp-content\/uploads\/LACOVA_GREEN.jpg","type":"image\/jpeg"}],"twitter_card":"summary_large_image","twitter_site":"@Erapetfood","twitter_misc":{"Dur\u00e9e de lecture estim\u00e9e":"2 minutes"},"schema":{"@context":"https:\/\/schema.org","@graph":[{"@type":"WebPage","@id":"https:\/\/erapetfood.com\/producto\/lacova-para-gatos\/","url":"https:\/\/erapetfood.com\/producto\/lacova-para-gatos\/","name":"Lacova para gatos - ERA Pet Food","isPartOf":{"@id":"https:\/\/erapetfood.com\/#website"},"primaryImageOfPage":{"@id":"https:\/\/erapetfood.com\/producto\/lacova-para-gatos\/#primaryimage"},"image":{"@id":"https:\/\/erapetfood.com\/producto\/lacova-para-gatos\/#primaryimage"},"thumbnailUrl":"https:\/\/erapetfood.com\/wp-content\/uploads\/LACOVA_GREEN.webp","datePublished":"2024-11-20T12:03:16+00:00","dateModified":"2026-03-30T15:32:34+00:00","description":"Descubre la Cueva de Edici\u00f3n Especial Lacova para gatos: dise\u00f1o moderno en tonos Azul y Verde. Hecha con lana natural, es el refugio sostenible perfecto para tu gato","breadcrumb":{"@id":"https:\/\/erapetfood.com\/producto\/lacova-para-gatos\/#breadcrumb"},"inLanguage":"fr-FR","potentialAction":[{"@type":"ReadAction","target":["https:\/\/erapetfood.com\/producto\/lacova-para-gatos\/"]}]},{"@type":"ImageObject","inLanguage":"fr-FR","@id":"https:\/\/erapetfood.com\/producto\/lacova-para-gatos\/#primaryimage","url":"https:\/\/erapetfood.com\/wp-content\/uploads\/LACOVA_GREEN.webp","contentUrl":"https:\/\/erapetfood.com\/wp-content\/uploads\/LACOVA_GREEN.webp","width":1317,"height":1316},{"@type":"BreadcrumbList","@id":"https:\/\/erapetfood.com\/producto\/lacova-para-gatos\/#breadcrumb","itemListElement":[{"@type":"ListItem","position":1,"name":"Portada","item":"https:\/\/erapetfood.com\/"},{"@type":"ListItem","position":2,"name":"Produits","item":"https:\/\/erapetfood.com\/productos\/"},{"@type":"ListItem","position":3,"name":"Lacova para gatos"}]},{"@type":"WebSite","@id":"https:\/\/erapetfood.com\/#website","url":"https:\/\/erapetfood.com\/","name":"ERA Pet Food","description":"","publisher":{"@id":"https:\/\/erapetfood.com\/#organization"},"potentialAction":[{"@type":"SearchAction","target":{"@type":"EntryPoint","urlTemplate":"https:\/\/erapetfood.com\/?s={search_term_string}"},"query-input":{"@type":"PropertyValueSpecification","valueRequired":true,"valueName":"search_term_string"}}],"inLanguage":"fr-FR"},{"@type":"Organization","@id":"https:\/\/erapetfood.com\/#organization","name":"Pets Away Store SL","url":"https:\/\/erapetfood.com\/","logo":{"@type":"ImageObject","inLanguage":"fr-FR","@id":"https:\/\/erapetfood.com\/#\/schema\/logo\/image\/","url":"https:\/\/erapetfood.com\/wp-content\/uploads\/ERA_logo.webp","contentUrl":"https:\/\/erapetfood.com\/wp-content\/uploads\/ERA_logo.webp","width":750,"height":370,"caption":"Pets Away Store SL"},"image":{"@id":"https:\/\/erapetfood.com\/#\/schema\/logo\/image\/"},"sameAs":["https:\/\/www.facebook.com\/Erapetfood\/","https:\/\/x.com\/Erapetfood","https:\/\/www.instagram.com\/erapetfood\/","https:\/\/www.youtube.com\/user\/cypmascota"]}]}},"jetpack_sharing_enabled":true,"_links":{"self":[{"href":"https:\/\/erapetfood.com\/fr\/wp-json\/wp\/v2\/product\/14082","targetHints":{"allow":["GET"]}}],"collection":[{"href":"https:\/\/erapetfood.com\/fr\/wp-json\/wp\/v2\/product"}],"about":[{"href":"https:\/\/erapetfood.com\/fr\/wp-json\/wp\/v2\/types\/product"}],"replies":[{"embeddable":true,"href":"https:\/\/erapetfood.com\/fr\/wp-json\/wp\/v2\/comments?post=14082"}],"wp:featuredmedia":[{"embeddable":true,"href":"https:\/\/erapetfood.com\/fr\/wp-json\/wp\/v2\/media\/14588"}],"wp:attachment":[{"href":"https:\/\/erapetfood.com\/fr\/wp-json\/wp\/v2\/media?parent=14082"}],"wp:term":[{"taxonomy":"product_brand","embeddable":true,"href":"https:\/\/erapetfood.com\/fr\/wp-json\/wp\/v2\/product_brand?post=14082"},{"taxonomy":"product_cat","embeddable":true,"href":"https:\/\/erapetfood.com\/fr\/wp-json\/wp\/v2\/product_cat?post=14082"},{"taxonomy":"product_tag","embeddable":true,"href":"https:\/\/erapetfood.com\/fr\/wp-json\/wp\/v2\/product_tag?post=14082"}],"curies":[{"name":"wp","href":"https:\/\/api.w.org\/{rel}","templated":true}]}}