{"id":1465,"date":"2023-08-07T16:02:06","date_gmt":"2023-08-07T14:02:06","guid":{"rendered":"https:\/\/cunipic.com\/erapetfood\/producto\/friandises-era-training-au-saumon-et-a-la-calendula-pour-chiots\/"},"modified":"2026-03-27T13:05:31","modified_gmt":"2026-03-27T12:05:31","slug":"snack-era-training-para-cachorros-entrenamiento","status":"publish","type":"product","link":"https:\/\/erapetfood.com\/fr\/producto\/snack-era-training-para-cachorros-entrenamiento\/","title":{"rendered":"Friandises ERA Training au Saumon et \u00e0 la Calendula pour chiots."},"content":{"rendered":"<p>Les friandises ERA Training au Saumon et \u00e0 la Calendula sont un compl\u00e9ment alimentaire id\u00e9al pour les chiots et les chiens adultes en phase d&#8217;entra\u00eenement. ERA Training contient une recette exquise pr\u00e9sent\u00e9e sous forme de petits triangles semi-moelleux.<\/p>\n<p>Parmi ses nombreux avantages, nous pouvons mettre en avant sa recette enrichie en calendula, qui a un effet immunomodulateur. En association avec les pr\u00e9biotiques, le zinc et la vitamine E, ils contribuent \u00e0 moduler et renforcer le syst\u00e8me immunitaire, des aspects cl\u00e9s dans l&#8217;apprentissage. L&#8217;un des ingr\u00e9dients de la recette est la levure de bi\u00e8re, qui est un mannan-oligosaccharide (MOS). Ce pr\u00e9biotique favorise la sant\u00e9 digestive, aide \u00e0 stimuler naturellement la prolif\u00e9ration et l&#8217;\u00e9quilibre de la flore intestinale, favorise la croissance des bact\u00e9ries b\u00e9n\u00e9fiques et contribue \u00e0 augmenter la r\u00e9sistance aux infections.<\/p>\n","protected":false},"excerpt":{"rendered":"<p>ERA Training est un aliment compl\u00e9mentaire pour les chiots et les chiens en formation de toutes races. Avec du Saumon et de la Calendula dans sa recette et une texture semi-moelleuse exquise en forme de triangle. Sa petite taille et sa texture en font l&#8217;id\u00e9al pour les chiots qui ont encore leurs dents de lait, ou pour l&#8217;entra\u00eenement de tous types de chiens. Des recettes sp\u00e9cialement con\u00e7ues pour les chiens exigeants.<\/p>\n","protected":false},"featured_media":3927,"comment_status":"open","ping_status":"closed","template":"","meta":[],"product_brand":[],"product_cat":[76],"product_tag":[83],"class_list":{"0":"post-1465","1":"product","2":"type-product","3":"status-publish","4":"has-post-thumbnail","6":"product_cat-chiens","7":"product_tag-friandises-pour-chiens","8":"sales-flash-overlay","9":"woocommerce-text-align-center","10":"woocommerce-image-align-center","11":"do-quantity-buttons","12":"wc-has-gallery","14":"first","15":"instock","16":"taxable","17":"shipping-taxable","18":"purchasable","19":"product-type-simple"},"yoast_head":"<!-- This site is optimized with the Yoast SEO plugin v27.2 - https:\/\/yoast.com\/product\/yoast-seo-wordpress\/ -->\n<title>Friandises ERA Training au Saumon et \u00e0 la Calendula pour chiots. - ERA Pet Food<\/title>\n<meta name=\"robots\" content=\"index, follow, max-snippet:-1, max-image-preview:large, max-video-preview:-1\" \/>\n<link rel=\"canonical\" href=\"https:\/\/erapetfood.com\/fr\/producto\/snack-era-training-para-cachorros-entrenamiento\/\" \/>\n<meta property=\"og:locale\" content=\"fr_FR\" \/>\n<meta property=\"og:type\" content=\"article\" \/>\n<meta property=\"og:title\" content=\"Friandises ERA Training au Saumon et \u00e0 la Calendula pour chiots. - ERA Pet Food\" \/>\n<meta property=\"og:description\" content=\"ERA Training est un aliment compl\u00e9mentaire pour les chiots et les chiens en formation de toutes races. Avec du Saumon et de la Calendula dans sa recette et une texture semi-moelleuse exquise en forme de triangle. Sa petite taille et sa texture en font l&#039;id\u00e9al pour les chiots qui ont encore leurs dents de lait, ou pour l&#039;entra\u00eenement de tous types de chiens. Des recettes sp\u00e9cialement con\u00e7ues pour les chiens exigeants.\" \/>\n<meta property=\"og:url\" content=\"https:\/\/erapetfood.com\/fr\/producto\/snack-era-training-para-cachorros-entrenamiento\/\" \/>\n<meta property=\"og:site_name\" content=\"ERA Pet Food\" \/>\n<meta property=\"article:publisher\" content=\"https:\/\/www.facebook.com\/Erapetfood\/\" \/>\n<meta property=\"article:modified_time\" content=\"2026-03-27T12:05:31+00:00\" \/>\n<meta property=\"og:image\" content=\"https:\/\/erapetfood.com\/wp-content\/uploads\/ERA111465_1.jpg\" \/>\n\t<meta property=\"og:image:width\" content=\"1500\" \/>\n\t<meta property=\"og:image:height\" content=\"1500\" \/>\n\t<meta property=\"og:image:type\" content=\"image\/jpeg\" \/>\n<meta name=\"twitter:card\" content=\"summary_large_image\" \/>\n<meta name=\"twitter:site\" content=\"@Erapetfood\" \/>\n<meta name=\"twitter:label1\" content=\"Dur\u00e9e de lecture estim\u00e9e\" \/>\n\t<meta name=\"twitter:data1\" content=\"1 minute\" \/>\n<script type=\"application\/ld+json\" class=\"yoast-schema-graph\">{\"@context\":\"https:\/\/schema.org\",\"@graph\":[{\"@type\":\"WebPage\",\"@id\":\"https:\/\/erapetfood.com\/fr\/producto\/snack-era-training-para-cachorros-entrenamiento\/\",\"url\":\"https:\/\/erapetfood.com\/fr\/producto\/snack-era-training-para-cachorros-entrenamiento\/\",\"name\":\"Friandises ERA Training au Saumon et \u00e0 la Calendula pour chiots. - ERA Pet Food\",\"isPartOf\":{\"@id\":\"https:\/\/erapetfood.com\/#website\"},\"primaryImageOfPage\":{\"@id\":\"https:\/\/erapetfood.com\/fr\/producto\/snack-era-training-para-cachorros-entrenamiento\/#primaryimage\"},\"image\":{\"@id\":\"https:\/\/erapetfood.com\/fr\/producto\/snack-era-training-para-cachorros-entrenamiento\/#primaryimage\"},\"thumbnailUrl\":\"https:\/\/erapetfood.com\/wp-content\/uploads\/ERA111465_1.webp\",\"datePublished\":\"2023-08-07T14:02:06+00:00\",\"dateModified\":\"2026-03-27T12:05:31+00:00\",\"breadcrumb\":{\"@id\":\"https:\/\/erapetfood.com\/fr\/producto\/snack-era-training-para-cachorros-entrenamiento\/#breadcrumb\"},\"inLanguage\":\"fr-FR\",\"potentialAction\":[{\"@type\":\"ReadAction\",\"target\":[\"https:\/\/erapetfood.com\/fr\/producto\/snack-era-training-para-cachorros-entrenamiento\/\"]}]},{\"@type\":\"ImageObject\",\"inLanguage\":\"fr-FR\",\"@id\":\"https:\/\/erapetfood.com\/fr\/producto\/snack-era-training-para-cachorros-entrenamiento\/#primaryimage\",\"url\":\"https:\/\/erapetfood.com\/wp-content\/uploads\/ERA111465_1.webp\",\"contentUrl\":\"https:\/\/erapetfood.com\/wp-content\/uploads\/ERA111465_1.webp\",\"width\":1500,\"height\":1500,\"caption\":\"ERA Training Salm\u00f3n y Cal\u00e9ndula.\"},{\"@type\":\"BreadcrumbList\",\"@id\":\"https:\/\/erapetfood.com\/fr\/producto\/snack-era-training-para-cachorros-entrenamiento\/#breadcrumb\",\"itemListElement\":[{\"@type\":\"ListItem\",\"position\":1,\"name\":\"Portada\",\"item\":\"https:\/\/erapetfood.com\/\"},{\"@type\":\"ListItem\",\"position\":2,\"name\":\"Produits\",\"item\":\"https:\/\/erapetfood.com\/productos\/\"},{\"@type\":\"ListItem\",\"position\":3,\"name\":\"Friandises ERA Training au Saumon et \u00e0 la Calendula pour chiots.\"}]},{\"@type\":\"WebSite\",\"@id\":\"https:\/\/erapetfood.com\/#website\",\"url\":\"https:\/\/erapetfood.com\/\",\"name\":\"ERA Pet Food\",\"description\":\"\",\"publisher\":{\"@id\":\"https:\/\/erapetfood.com\/#organization\"},\"potentialAction\":[{\"@type\":\"SearchAction\",\"target\":{\"@type\":\"EntryPoint\",\"urlTemplate\":\"https:\/\/erapetfood.com\/?s={search_term_string}\"},\"query-input\":{\"@type\":\"PropertyValueSpecification\",\"valueRequired\":true,\"valueName\":\"search_term_string\"}}],\"inLanguage\":\"fr-FR\"},{\"@type\":\"Organization\",\"@id\":\"https:\/\/erapetfood.com\/#organization\",\"name\":\"Pets Away Store SL\",\"url\":\"https:\/\/erapetfood.com\/\",\"logo\":{\"@type\":\"ImageObject\",\"inLanguage\":\"fr-FR\",\"@id\":\"https:\/\/erapetfood.com\/#\/schema\/logo\/image\/\",\"url\":\"https:\/\/erapetfood.com\/wp-content\/uploads\/ERA_logo.webp\",\"contentUrl\":\"https:\/\/erapetfood.com\/wp-content\/uploads\/ERA_logo.webp\",\"width\":750,\"height\":370,\"caption\":\"Pets Away Store SL\"},\"image\":{\"@id\":\"https:\/\/erapetfood.com\/#\/schema\/logo\/image\/\"},\"sameAs\":[\"https:\/\/www.facebook.com\/Erapetfood\/\",\"https:\/\/x.com\/Erapetfood\",\"https:\/\/www.instagram.com\/erapetfood\/\",\"https:\/\/www.youtube.com\/user\/cypmascota\"]}]}<\/script>\n<!-- \/ Yoast SEO plugin. -->","yoast_head_json":{"title":"Friandises ERA Training au Saumon et \u00e0 la Calendula pour chiots. - ERA Pet Food","robots":{"index":"index","follow":"follow","max-snippet":"max-snippet:-1","max-image-preview":"max-image-preview:large","max-video-preview":"max-video-preview:-1"},"canonical":"https:\/\/erapetfood.com\/fr\/producto\/snack-era-training-para-cachorros-entrenamiento\/","og_locale":"fr_FR","og_type":"article","og_title":"Friandises ERA Training au Saumon et \u00e0 la Calendula pour chiots. - ERA Pet Food","og_description":"ERA Training est un aliment compl\u00e9mentaire pour les chiots et les chiens en formation de toutes races. Avec du Saumon et de la Calendula dans sa recette et une texture semi-moelleuse exquise en forme de triangle. Sa petite taille et sa texture en font l'id\u00e9al pour les chiots qui ont encore leurs dents de lait, ou pour l'entra\u00eenement de tous types de chiens. Des recettes sp\u00e9cialement con\u00e7ues pour les chiens exigeants.","og_url":"https:\/\/erapetfood.com\/fr\/producto\/snack-era-training-para-cachorros-entrenamiento\/","og_site_name":"ERA Pet Food","article_publisher":"https:\/\/www.facebook.com\/Erapetfood\/","article_modified_time":"2026-03-27T12:05:31+00:00","og_image":[{"width":1500,"height":1500,"url":"https:\/\/erapetfood.com\/wp-content\/uploads\/ERA111465_1.jpg","type":"image\/jpeg"}],"twitter_card":"summary_large_image","twitter_site":"@Erapetfood","twitter_misc":{"Dur\u00e9e de lecture estim\u00e9e":"1 minute"},"schema":{"@context":"https:\/\/schema.org","@graph":[{"@type":"WebPage","@id":"https:\/\/erapetfood.com\/fr\/producto\/snack-era-training-para-cachorros-entrenamiento\/","url":"https:\/\/erapetfood.com\/fr\/producto\/snack-era-training-para-cachorros-entrenamiento\/","name":"Friandises ERA Training au Saumon et \u00e0 la Calendula pour chiots. - ERA Pet Food","isPartOf":{"@id":"https:\/\/erapetfood.com\/#website"},"primaryImageOfPage":{"@id":"https:\/\/erapetfood.com\/fr\/producto\/snack-era-training-para-cachorros-entrenamiento\/#primaryimage"},"image":{"@id":"https:\/\/erapetfood.com\/fr\/producto\/snack-era-training-para-cachorros-entrenamiento\/#primaryimage"},"thumbnailUrl":"https:\/\/erapetfood.com\/wp-content\/uploads\/ERA111465_1.webp","datePublished":"2023-08-07T14:02:06+00:00","dateModified":"2026-03-27T12:05:31+00:00","breadcrumb":{"@id":"https:\/\/erapetfood.com\/fr\/producto\/snack-era-training-para-cachorros-entrenamiento\/#breadcrumb"},"inLanguage":"fr-FR","potentialAction":[{"@type":"ReadAction","target":["https:\/\/erapetfood.com\/fr\/producto\/snack-era-training-para-cachorros-entrenamiento\/"]}]},{"@type":"ImageObject","inLanguage":"fr-FR","@id":"https:\/\/erapetfood.com\/fr\/producto\/snack-era-training-para-cachorros-entrenamiento\/#primaryimage","url":"https:\/\/erapetfood.com\/wp-content\/uploads\/ERA111465_1.webp","contentUrl":"https:\/\/erapetfood.com\/wp-content\/uploads\/ERA111465_1.webp","width":1500,"height":1500,"caption":"ERA Training Salm\u00f3n y Cal\u00e9ndula."},{"@type":"BreadcrumbList","@id":"https:\/\/erapetfood.com\/fr\/producto\/snack-era-training-para-cachorros-entrenamiento\/#breadcrumb","itemListElement":[{"@type":"ListItem","position":1,"name":"Portada","item":"https:\/\/erapetfood.com\/"},{"@type":"ListItem","position":2,"name":"Produits","item":"https:\/\/erapetfood.com\/productos\/"},{"@type":"ListItem","position":3,"name":"Friandises ERA Training au Saumon et \u00e0 la Calendula pour chiots."}]},{"@type":"WebSite","@id":"https:\/\/erapetfood.com\/#website","url":"https:\/\/erapetfood.com\/","name":"ERA Pet Food","description":"","publisher":{"@id":"https:\/\/erapetfood.com\/#organization"},"potentialAction":[{"@type":"SearchAction","target":{"@type":"EntryPoint","urlTemplate":"https:\/\/erapetfood.com\/?s={search_term_string}"},"query-input":{"@type":"PropertyValueSpecification","valueRequired":true,"valueName":"search_term_string"}}],"inLanguage":"fr-FR"},{"@type":"Organization","@id":"https:\/\/erapetfood.com\/#organization","name":"Pets Away Store SL","url":"https:\/\/erapetfood.com\/","logo":{"@type":"ImageObject","inLanguage":"fr-FR","@id":"https:\/\/erapetfood.com\/#\/schema\/logo\/image\/","url":"https:\/\/erapetfood.com\/wp-content\/uploads\/ERA_logo.webp","contentUrl":"https:\/\/erapetfood.com\/wp-content\/uploads\/ERA_logo.webp","width":750,"height":370,"caption":"Pets Away Store SL"},"image":{"@id":"https:\/\/erapetfood.com\/#\/schema\/logo\/image\/"},"sameAs":["https:\/\/www.facebook.com\/Erapetfood\/","https:\/\/x.com\/Erapetfood","https:\/\/www.instagram.com\/erapetfood\/","https:\/\/www.youtube.com\/user\/cypmascota"]}]}},"jetpack_sharing_enabled":true,"_links":{"self":[{"href":"https:\/\/erapetfood.com\/fr\/wp-json\/wp\/v2\/product\/1465","targetHints":{"allow":["GET"]}}],"collection":[{"href":"https:\/\/erapetfood.com\/fr\/wp-json\/wp\/v2\/product"}],"about":[{"href":"https:\/\/erapetfood.com\/fr\/wp-json\/wp\/v2\/types\/product"}],"replies":[{"embeddable":true,"href":"https:\/\/erapetfood.com\/fr\/wp-json\/wp\/v2\/comments?post=1465"}],"wp:featuredmedia":[{"embeddable":true,"href":"https:\/\/erapetfood.com\/fr\/wp-json\/wp\/v2\/media\/3927"}],"wp:attachment":[{"href":"https:\/\/erapetfood.com\/fr\/wp-json\/wp\/v2\/media?parent=1465"}],"wp:term":[{"taxonomy":"product_brand","embeddable":true,"href":"https:\/\/erapetfood.com\/fr\/wp-json\/wp\/v2\/product_brand?post=1465"},{"taxonomy":"product_cat","embeddable":true,"href":"https:\/\/erapetfood.com\/fr\/wp-json\/wp\/v2\/product_cat?post=1465"},{"taxonomy":"product_tag","embeddable":true,"href":"https:\/\/erapetfood.com\/fr\/wp-json\/wp\/v2\/product_tag?post=1465"}],"curies":[{"name":"wp","href":"https:\/\/api.w.org\/{rel}","templated":true}]}}