{"id":1474,"date":"2023-08-09T11:00:37","date_gmt":"2023-08-09T09:00:37","guid":{"rendered":"https:\/\/cunipic.com\/erapetfood\/producto\/litiere-naturelle-agglomerante-naturlitter-pour-chats\/"},"modified":"2026-04-23T08:15:56","modified_gmt":"2026-04-23T06:15:56","slug":"lecho-natural-aglomerante-naturlitter-para-gatos","status":"publish","type":"product","link":"https:\/\/erapetfood.com\/fr\/producto\/lecho-natural-aglomerante-naturlitter-para-gatos\/","title":{"rendered":"Liti\u00e8re Naturelle Agglom\u00e9rante Naturlitter pour Chats"},"content":{"rendered":"<p>Naturlitter Clumping est une liti\u00e8re pour chats compos\u00e9e de bois de pin et de sapin, adapt\u00e9e \u00e0 tous types de chats.<\/p>\n<p>Cette liti\u00e8re a un effet agglom\u00e9rant, ce qui signifie qu&#8217;au contact du liquide, elle forme de petites boules compactes facilitant le retrait des urines et le nettoyage de la liti\u00e8re du chat. Elle a la capacit\u00e9 d&#8217;absorber jusqu&#8217;\u00e0 140 % en 5 secondes et m\u00eame jusqu&#8217;\u00e0 700 % de son propre volume pour cr\u00e9er des grumeaux compacts, assurant que les pattes de votre chat restent s\u00e8ches. Elle est fabriqu\u00e9e \u00e0 100 % \u00e0 partir de fibres organiques pures, ce qui lui permet de pi\u00e9ger le liquide et les odeurs \u00e0 l&#8217;int\u00e9rieur des fibres, \u00e9liminant efficacement les mauvaises odeurs. La liti\u00e8re naturelle agglom\u00e9rante de Naturlitter ne contient aucune substance nocive, elle est 100 % naturelle et g\u00e9n\u00e8re tr\u00e8s peu de poussi\u00e8re.<\/p>\n<p>Vous pouvez vous d\u00e9barrasser des d\u00e9chets du produit aussi bien dans les d\u00e9chets organiques que dans les toilettes. Sa grande capacit\u00e9 d&#8217;absorption maintiendra la liti\u00e8re s\u00e8che et les pattes de votre chat propres pendant longtemps.<\/p>\n","protected":false},"excerpt":{"rendered":"<p>Liti\u00e8re naturelle pour chats Naturlitter Clumping en bois de pin et sapin. Avec action agglom\u00e9rante, ce qui signifie qu&#8217;au contact du liquide, elle forme de petites boules compactes qui facilitent l&#8217;\u00e9limination de l&#8217;urine et le nettoyage de la liti\u00e8re du chat. Naturlitter Clumping est 100 % naturelle, super absorbante, non toxique, et est certifi\u00e9e PEFC (Programme de Reconnaissance de la Certification Foresti\u00e8re).<\/p>\n","protected":false},"featured_media":4535,"comment_status":"open","ping_status":"closed","template":"","meta":[],"product_brand":[],"product_cat":[80],"product_tag":[81],"class_list":{"0":"post-1474","1":"product","2":"type-product","3":"status-publish","4":"has-post-thumbnail","6":"product_cat-chats","7":"product_tag-substrats","8":"sales-flash-overlay","9":"woocommerce-text-align-center","10":"woocommerce-image-align-center","11":"do-quantity-buttons","12":"wc-has-gallery","14":"first","15":"outofstock","16":"taxable","17":"shipping-taxable","18":"purchasable","19":"product-type-variable"},"yoast_head":"<!-- This site is optimized with the Yoast SEO plugin v27.2 - https:\/\/yoast.com\/product\/yoast-seo-wordpress\/ -->\n<title>Liti\u00e8re Naturelle Agglom\u00e9rante Naturlitter pour Chats - ERA Pet Food<\/title>\n<meta name=\"robots\" content=\"index, follow, max-snippet:-1, max-image-preview:large, max-video-preview:-1\" \/>\n<link rel=\"canonical\" href=\"https:\/\/erapetfood.com\/producto\/lecho-natural-aglomerante-naturlitter-para-gatos\/\" \/>\n<meta property=\"og:locale\" content=\"fr_FR\" \/>\n<meta property=\"og:type\" content=\"article\" \/>\n<meta property=\"og:title\" content=\"Liti\u00e8re Naturelle Agglom\u00e9rante Naturlitter pour Chats - ERA Pet Food\" \/>\n<meta property=\"og:description\" content=\"Liti\u00e8re naturelle pour chats Naturlitter Clumping en bois de pin et sapin. Avec action agglom\u00e9rante, ce qui signifie qu&#039;au contact du liquide, elle forme de petites boules compactes qui facilitent l&#039;\u00e9limination de l&#039;urine et le nettoyage de la liti\u00e8re du chat. Naturlitter Clumping est 100 % naturelle, super absorbante, non toxique, et est certifi\u00e9e PEFC (Programme de Reconnaissance de la Certification Foresti\u00e8re).\" \/>\n<meta property=\"og:url\" content=\"https:\/\/erapetfood.com\/producto\/lecho-natural-aglomerante-naturlitter-para-gatos\/\" \/>\n<meta property=\"og:site_name\" content=\"ERA Pet Food\" \/>\n<meta property=\"article:publisher\" content=\"https:\/\/www.facebook.com\/Erapetfood\/\" \/>\n<meta property=\"article:modified_time\" content=\"2026-04-23T06:15:56+00:00\" \/>\n<meta property=\"og:image\" content=\"https:\/\/erapetfood.com\/wp-content\/uploads\/NATCLUM10_bolsa-papel-Naturlitter_1-1500px.jpg\" \/>\n\t<meta property=\"og:image:width\" content=\"1500\" \/>\n\t<meta property=\"og:image:height\" content=\"1500\" \/>\n\t<meta property=\"og:image:type\" content=\"image\/jpeg\" \/>\n<meta name=\"twitter:card\" content=\"summary_large_image\" \/>\n<meta name=\"twitter:site\" content=\"@Erapetfood\" \/>\n<meta name=\"twitter:label1\" content=\"Dur\u00e9e de lecture estim\u00e9e\" \/>\n\t<meta name=\"twitter:data1\" content=\"1 minute\" \/>\n<script type=\"application\/ld+json\" class=\"yoast-schema-graph\">{\"@context\":\"https:\/\/schema.org\",\"@graph\":[{\"@type\":\"WebPage\",\"@id\":\"https:\/\/erapetfood.com\/producto\/lecho-natural-aglomerante-naturlitter-para-gatos\/\",\"url\":\"https:\/\/erapetfood.com\/producto\/lecho-natural-aglomerante-naturlitter-para-gatos\/\",\"name\":\"Liti\u00e8re Naturelle Agglom\u00e9rante Naturlitter pour Chats - ERA Pet Food\",\"isPartOf\":{\"@id\":\"https:\/\/erapetfood.com\/#website\"},\"primaryImageOfPage\":{\"@id\":\"https:\/\/erapetfood.com\/producto\/lecho-natural-aglomerante-naturlitter-para-gatos\/#primaryimage\"},\"image\":{\"@id\":\"https:\/\/erapetfood.com\/producto\/lecho-natural-aglomerante-naturlitter-para-gatos\/#primaryimage\"},\"thumbnailUrl\":\"https:\/\/erapetfood.com\/wp-content\/uploads\/NATCLUM10_bolsa-papel-Naturlitter_1-1500px.webp\",\"datePublished\":\"2023-08-09T09:00:37+00:00\",\"dateModified\":\"2026-04-23T06:15:56+00:00\",\"breadcrumb\":{\"@id\":\"https:\/\/erapetfood.com\/producto\/lecho-natural-aglomerante-naturlitter-para-gatos\/#breadcrumb\"},\"inLanguage\":\"fr-FR\",\"potentialAction\":[{\"@type\":\"ReadAction\",\"target\":[\"https:\/\/erapetfood.com\/producto\/lecho-natural-aglomerante-naturlitter-para-gatos\/\"]}]},{\"@type\":\"ImageObject\",\"inLanguage\":\"fr-FR\",\"@id\":\"https:\/\/erapetfood.com\/producto\/lecho-natural-aglomerante-naturlitter-para-gatos\/#primaryimage\",\"url\":\"https:\/\/erapetfood.com\/wp-content\/uploads\/NATCLUM10_bolsa-papel-Naturlitter_1-1500px.webp\",\"contentUrl\":\"https:\/\/erapetfood.com\/wp-content\/uploads\/NATCLUM10_bolsa-papel-Naturlitter_1-1500px.webp\",\"width\":1500,\"height\":1500,\"caption\":\"Lecho Natural Aglomerante Naturlitter para Gatos\"},{\"@type\":\"BreadcrumbList\",\"@id\":\"https:\/\/erapetfood.com\/producto\/lecho-natural-aglomerante-naturlitter-para-gatos\/#breadcrumb\",\"itemListElement\":[{\"@type\":\"ListItem\",\"position\":1,\"name\":\"Portada\",\"item\":\"https:\/\/erapetfood.com\/\"},{\"@type\":\"ListItem\",\"position\":2,\"name\":\"Produits\",\"item\":\"https:\/\/erapetfood.com\/productos\/\"},{\"@type\":\"ListItem\",\"position\":3,\"name\":\"Liti\u00e8re Naturelle Agglom\u00e9rante Naturlitter pour Chats\"}]},{\"@type\":\"WebSite\",\"@id\":\"https:\/\/erapetfood.com\/#website\",\"url\":\"https:\/\/erapetfood.com\/\",\"name\":\"ERA Pet Food\",\"description\":\"\",\"publisher\":{\"@id\":\"https:\/\/erapetfood.com\/#organization\"},\"potentialAction\":[{\"@type\":\"SearchAction\",\"target\":{\"@type\":\"EntryPoint\",\"urlTemplate\":\"https:\/\/erapetfood.com\/?s={search_term_string}\"},\"query-input\":{\"@type\":\"PropertyValueSpecification\",\"valueRequired\":true,\"valueName\":\"search_term_string\"}}],\"inLanguage\":\"fr-FR\"},{\"@type\":\"Organization\",\"@id\":\"https:\/\/erapetfood.com\/#organization\",\"name\":\"Pets Away Store SL\",\"url\":\"https:\/\/erapetfood.com\/\",\"logo\":{\"@type\":\"ImageObject\",\"inLanguage\":\"fr-FR\",\"@id\":\"https:\/\/erapetfood.com\/#\/schema\/logo\/image\/\",\"url\":\"https:\/\/erapetfood.com\/wp-content\/uploads\/ERA_logo.webp\",\"contentUrl\":\"https:\/\/erapetfood.com\/wp-content\/uploads\/ERA_logo.webp\",\"width\":750,\"height\":370,\"caption\":\"Pets Away Store SL\"},\"image\":{\"@id\":\"https:\/\/erapetfood.com\/#\/schema\/logo\/image\/\"},\"sameAs\":[\"https:\/\/www.facebook.com\/Erapetfood\/\",\"https:\/\/x.com\/Erapetfood\",\"https:\/\/www.instagram.com\/erapetfood\/\",\"https:\/\/www.youtube.com\/user\/cypmascota\"]}]}<\/script>\n<!-- \/ Yoast SEO plugin. -->","yoast_head_json":{"title":"Liti\u00e8re Naturelle Agglom\u00e9rante Naturlitter pour Chats - ERA Pet Food","robots":{"index":"index","follow":"follow","max-snippet":"max-snippet:-1","max-image-preview":"max-image-preview:large","max-video-preview":"max-video-preview:-1"},"canonical":"https:\/\/erapetfood.com\/producto\/lecho-natural-aglomerante-naturlitter-para-gatos\/","og_locale":"fr_FR","og_type":"article","og_title":"Liti\u00e8re Naturelle Agglom\u00e9rante Naturlitter pour Chats - ERA Pet Food","og_description":"Liti\u00e8re naturelle pour chats Naturlitter Clumping en bois de pin et sapin. Avec action agglom\u00e9rante, ce qui signifie qu'au contact du liquide, elle forme de petites boules compactes qui facilitent l'\u00e9limination de l'urine et le nettoyage de la liti\u00e8re du chat. Naturlitter Clumping est 100 % naturelle, super absorbante, non toxique, et est certifi\u00e9e PEFC (Programme de Reconnaissance de la Certification Foresti\u00e8re).","og_url":"https:\/\/erapetfood.com\/producto\/lecho-natural-aglomerante-naturlitter-para-gatos\/","og_site_name":"ERA Pet Food","article_publisher":"https:\/\/www.facebook.com\/Erapetfood\/","article_modified_time":"2026-04-23T06:15:56+00:00","og_image":[{"width":1500,"height":1500,"url":"https:\/\/erapetfood.com\/wp-content\/uploads\/NATCLUM10_bolsa-papel-Naturlitter_1-1500px.jpg","type":"image\/jpeg"}],"twitter_card":"summary_large_image","twitter_site":"@Erapetfood","twitter_misc":{"Dur\u00e9e de lecture estim\u00e9e":"1 minute"},"schema":{"@context":"https:\/\/schema.org","@graph":[{"@type":"WebPage","@id":"https:\/\/erapetfood.com\/producto\/lecho-natural-aglomerante-naturlitter-para-gatos\/","url":"https:\/\/erapetfood.com\/producto\/lecho-natural-aglomerante-naturlitter-para-gatos\/","name":"Liti\u00e8re Naturelle Agglom\u00e9rante Naturlitter pour Chats - ERA Pet Food","isPartOf":{"@id":"https:\/\/erapetfood.com\/#website"},"primaryImageOfPage":{"@id":"https:\/\/erapetfood.com\/producto\/lecho-natural-aglomerante-naturlitter-para-gatos\/#primaryimage"},"image":{"@id":"https:\/\/erapetfood.com\/producto\/lecho-natural-aglomerante-naturlitter-para-gatos\/#primaryimage"},"thumbnailUrl":"https:\/\/erapetfood.com\/wp-content\/uploads\/NATCLUM10_bolsa-papel-Naturlitter_1-1500px.webp","datePublished":"2023-08-09T09:00:37+00:00","dateModified":"2026-04-23T06:15:56+00:00","breadcrumb":{"@id":"https:\/\/erapetfood.com\/producto\/lecho-natural-aglomerante-naturlitter-para-gatos\/#breadcrumb"},"inLanguage":"fr-FR","potentialAction":[{"@type":"ReadAction","target":["https:\/\/erapetfood.com\/producto\/lecho-natural-aglomerante-naturlitter-para-gatos\/"]}]},{"@type":"ImageObject","inLanguage":"fr-FR","@id":"https:\/\/erapetfood.com\/producto\/lecho-natural-aglomerante-naturlitter-para-gatos\/#primaryimage","url":"https:\/\/erapetfood.com\/wp-content\/uploads\/NATCLUM10_bolsa-papel-Naturlitter_1-1500px.webp","contentUrl":"https:\/\/erapetfood.com\/wp-content\/uploads\/NATCLUM10_bolsa-papel-Naturlitter_1-1500px.webp","width":1500,"height":1500,"caption":"Lecho Natural Aglomerante Naturlitter para Gatos"},{"@type":"BreadcrumbList","@id":"https:\/\/erapetfood.com\/producto\/lecho-natural-aglomerante-naturlitter-para-gatos\/#breadcrumb","itemListElement":[{"@type":"ListItem","position":1,"name":"Portada","item":"https:\/\/erapetfood.com\/"},{"@type":"ListItem","position":2,"name":"Produits","item":"https:\/\/erapetfood.com\/productos\/"},{"@type":"ListItem","position":3,"name":"Liti\u00e8re Naturelle Agglom\u00e9rante Naturlitter pour Chats"}]},{"@type":"WebSite","@id":"https:\/\/erapetfood.com\/#website","url":"https:\/\/erapetfood.com\/","name":"ERA Pet Food","description":"","publisher":{"@id":"https:\/\/erapetfood.com\/#organization"},"potentialAction":[{"@type":"SearchAction","target":{"@type":"EntryPoint","urlTemplate":"https:\/\/erapetfood.com\/?s={search_term_string}"},"query-input":{"@type":"PropertyValueSpecification","valueRequired":true,"valueName":"search_term_string"}}],"inLanguage":"fr-FR"},{"@type":"Organization","@id":"https:\/\/erapetfood.com\/#organization","name":"Pets Away Store SL","url":"https:\/\/erapetfood.com\/","logo":{"@type":"ImageObject","inLanguage":"fr-FR","@id":"https:\/\/erapetfood.com\/#\/schema\/logo\/image\/","url":"https:\/\/erapetfood.com\/wp-content\/uploads\/ERA_logo.webp","contentUrl":"https:\/\/erapetfood.com\/wp-content\/uploads\/ERA_logo.webp","width":750,"height":370,"caption":"Pets Away Store SL"},"image":{"@id":"https:\/\/erapetfood.com\/#\/schema\/logo\/image\/"},"sameAs":["https:\/\/www.facebook.com\/Erapetfood\/","https:\/\/x.com\/Erapetfood","https:\/\/www.instagram.com\/erapetfood\/","https:\/\/www.youtube.com\/user\/cypmascota"]}]}},"jetpack_sharing_enabled":true,"_links":{"self":[{"href":"https:\/\/erapetfood.com\/fr\/wp-json\/wp\/v2\/product\/1474","targetHints":{"allow":["GET"]}}],"collection":[{"href":"https:\/\/erapetfood.com\/fr\/wp-json\/wp\/v2\/product"}],"about":[{"href":"https:\/\/erapetfood.com\/fr\/wp-json\/wp\/v2\/types\/product"}],"replies":[{"embeddable":true,"href":"https:\/\/erapetfood.com\/fr\/wp-json\/wp\/v2\/comments?post=1474"}],"wp:featuredmedia":[{"embeddable":true,"href":"https:\/\/erapetfood.com\/fr\/wp-json\/wp\/v2\/media\/4535"}],"wp:attachment":[{"href":"https:\/\/erapetfood.com\/fr\/wp-json\/wp\/v2\/media?parent=1474"}],"wp:term":[{"taxonomy":"product_brand","embeddable":true,"href":"https:\/\/erapetfood.com\/fr\/wp-json\/wp\/v2\/product_brand?post=1474"},{"taxonomy":"product_cat","embeddable":true,"href":"https:\/\/erapetfood.com\/fr\/wp-json\/wp\/v2\/product_cat?post=1474"},{"taxonomy":"product_tag","embeddable":true,"href":"https:\/\/erapetfood.com\/fr\/wp-json\/wp\/v2\/product_tag?post=1474"}],"curies":[{"name":"wp","href":"https:\/\/api.w.org\/{rel}","templated":true}]}}