{"id":1479,"date":"2023-08-09T11:16:39","date_gmt":"2023-08-09T09:16:39","guid":{"rendered":"https:\/\/cunipic.com\/erapetfood\/producto\/era-jerky-bites-agneau-avec-probiotiques-pour-chiens\/"},"modified":"2026-04-02T15:27:54","modified_gmt":"2026-04-02T13:27:54","slug":"snack-era-jerky-bites-para-perros-de-cordero-con-probioticos","status":"publish","type":"product","link":"https:\/\/erapetfood.com\/fr\/producto\/snack-era-jerky-bites-para-perros-de-cordero-con-probioticos\/","title":{"rendered":"ERA Jerky Bites Agneau avec Probiotiques pour Chiens"},"content":{"rendered":"<p>Les ERA Jerky Bites Agneau avec Probiotiques pour Chiens sont un compl\u00e9ment alimentaire id\u00e9al pour les chiens adultes. Les ERA Jerky Bites contiennent une recette exquise pr\u00e9sent\u00e9e sous forme de filets de viande d\u00e9shydrat\u00e9e et sont enrichies en pr\u00e9biotiques, en plus de soutenir le syst\u00e8me squelettique, musculaire et m\u00e9tabolique. Elles ne contiennent pas de c\u00e9r\u00e9ales, ce qui les rend id\u00e9ales pour les chiens souffrant d&#8217;allergies ou d&#8217;intol\u00e9rances et pour faciliter la digestion chez les chiens sensibles de l&#8217;estomac.<\/p>\n","protected":false},"excerpt":{"rendered":"<p>Aliment compl\u00e9mentaire ERA Jerky Bites pour chiens adultes de toutes races. \u00c0 base d&#8217;agneau avec des probiotiques dans leur recette et une texture exquise de viande d\u00e9shydrat\u00e9e. Elles fournissent des ingr\u00e9dients naturels et fonctionnels, avec 85 % de viande d\u00e9soss\u00e9e et une saveur irr\u00e9sistible. Des recettes sp\u00e9cialement con\u00e7ues pour les chiens exigeants.<\/p>\n","protected":false},"featured_media":3939,"comment_status":"open","ping_status":"closed","template":"","meta":[],"product_brand":[],"product_cat":[76],"product_tag":[83],"class_list":{"0":"post-1479","1":"product","2":"type-product","3":"status-publish","4":"has-post-thumbnail","6":"product_cat-chiens","7":"product_tag-friandises-pour-chiens","8":"sales-flash-overlay","9":"woocommerce-text-align-center","10":"woocommerce-image-align-center","11":"do-quantity-buttons","12":"wc-has-gallery","14":"first","15":"instock","16":"taxable","17":"shipping-taxable","18":"purchasable","19":"product-type-simple"},"yoast_head":"<!-- This site is optimized with the Yoast SEO plugin v27.2 - https:\/\/yoast.com\/product\/yoast-seo-wordpress\/ -->\n<title>ERA Jerky Bites Agneau avec Probiotiques pour Chiens - ERA Pet Food<\/title>\n<meta name=\"robots\" content=\"index, follow, max-snippet:-1, max-image-preview:large, max-video-preview:-1\" \/>\n<link rel=\"canonical\" href=\"https:\/\/erapetfood.com\/fr\/producto\/snack-era-jerky-bites-para-perros-de-cordero-con-probioticos\/\" \/>\n<meta property=\"og:locale\" content=\"fr_FR\" \/>\n<meta property=\"og:type\" content=\"article\" \/>\n<meta property=\"og:title\" content=\"ERA Jerky Bites Agneau avec Probiotiques pour Chiens - ERA Pet Food\" \/>\n<meta property=\"og:description\" content=\"Aliment compl\u00e9mentaire ERA Jerky Bites pour chiens adultes de toutes races. \u00c0 base d&#039;agneau avec des probiotiques dans leur recette et une texture exquise de viande d\u00e9shydrat\u00e9e. Elles fournissent des ingr\u00e9dients naturels et fonctionnels, avec 85 % de viande d\u00e9soss\u00e9e et une saveur irr\u00e9sistible. Des recettes sp\u00e9cialement con\u00e7ues pour les chiens exigeants.\" \/>\n<meta property=\"og:url\" content=\"https:\/\/erapetfood.com\/fr\/producto\/snack-era-jerky-bites-para-perros-de-cordero-con-probioticos\/\" \/>\n<meta property=\"og:site_name\" content=\"ERA Pet Food\" \/>\n<meta property=\"article:publisher\" content=\"https:\/\/www.facebook.com\/Erapetfood\/\" \/>\n<meta property=\"article:modified_time\" content=\"2026-04-02T13:27:54+00:00\" \/>\n<meta property=\"og:image\" content=\"https:\/\/erapetfood.com\/wp-content\/uploads\/ERA111954_1.jpg\" \/>\n\t<meta property=\"og:image:width\" content=\"1500\" \/>\n\t<meta property=\"og:image:height\" content=\"1500\" \/>\n\t<meta property=\"og:image:type\" content=\"image\/jpeg\" \/>\n<meta name=\"twitter:card\" content=\"summary_large_image\" \/>\n<meta name=\"twitter:site\" content=\"@Erapetfood\" \/>\n<meta name=\"twitter:label1\" content=\"Dur\u00e9e de lecture estim\u00e9e\" \/>\n\t<meta name=\"twitter:data1\" content=\"1 minute\" \/>\n<script type=\"application\/ld+json\" class=\"yoast-schema-graph\">{\"@context\":\"https:\/\/schema.org\",\"@graph\":[{\"@type\":\"WebPage\",\"@id\":\"https:\/\/erapetfood.com\/fr\/producto\/snack-era-jerky-bites-para-perros-de-cordero-con-probioticos\/\",\"url\":\"https:\/\/erapetfood.com\/fr\/producto\/snack-era-jerky-bites-para-perros-de-cordero-con-probioticos\/\",\"name\":\"ERA Jerky Bites Agneau avec Probiotiques pour Chiens - ERA Pet Food\",\"isPartOf\":{\"@id\":\"https:\/\/erapetfood.com\/#website\"},\"primaryImageOfPage\":{\"@id\":\"https:\/\/erapetfood.com\/fr\/producto\/snack-era-jerky-bites-para-perros-de-cordero-con-probioticos\/#primaryimage\"},\"image\":{\"@id\":\"https:\/\/erapetfood.com\/fr\/producto\/snack-era-jerky-bites-para-perros-de-cordero-con-probioticos\/#primaryimage\"},\"thumbnailUrl\":\"https:\/\/erapetfood.com\/wp-content\/uploads\/ERA111954_1.webp\",\"datePublished\":\"2023-08-09T09:16:39+00:00\",\"dateModified\":\"2026-04-02T13:27:54+00:00\",\"breadcrumb\":{\"@id\":\"https:\/\/erapetfood.com\/fr\/producto\/snack-era-jerky-bites-para-perros-de-cordero-con-probioticos\/#breadcrumb\"},\"inLanguage\":\"fr-FR\",\"potentialAction\":[{\"@type\":\"ReadAction\",\"target\":[\"https:\/\/erapetfood.com\/fr\/producto\/snack-era-jerky-bites-para-perros-de-cordero-con-probioticos\/\"]}]},{\"@type\":\"ImageObject\",\"inLanguage\":\"fr-FR\",\"@id\":\"https:\/\/erapetfood.com\/fr\/producto\/snack-era-jerky-bites-para-perros-de-cordero-con-probioticos\/#primaryimage\",\"url\":\"https:\/\/erapetfood.com\/wp-content\/uploads\/ERA111954_1.webp\",\"contentUrl\":\"https:\/\/erapetfood.com\/wp-content\/uploads\/ERA111954_1.webp\",\"width\":1500,\"height\":1500},{\"@type\":\"BreadcrumbList\",\"@id\":\"https:\/\/erapetfood.com\/fr\/producto\/snack-era-jerky-bites-para-perros-de-cordero-con-probioticos\/#breadcrumb\",\"itemListElement\":[{\"@type\":\"ListItem\",\"position\":1,\"name\":\"Portada\",\"item\":\"https:\/\/erapetfood.com\/\"},{\"@type\":\"ListItem\",\"position\":2,\"name\":\"Produits\",\"item\":\"https:\/\/erapetfood.com\/productos\/\"},{\"@type\":\"ListItem\",\"position\":3,\"name\":\"ERA Jerky Bites Agneau avec Probiotiques pour Chiens\"}]},{\"@type\":\"WebSite\",\"@id\":\"https:\/\/erapetfood.com\/#website\",\"url\":\"https:\/\/erapetfood.com\/\",\"name\":\"ERA Pet Food\",\"description\":\"\",\"publisher\":{\"@id\":\"https:\/\/erapetfood.com\/#organization\"},\"potentialAction\":[{\"@type\":\"SearchAction\",\"target\":{\"@type\":\"EntryPoint\",\"urlTemplate\":\"https:\/\/erapetfood.com\/?s={search_term_string}\"},\"query-input\":{\"@type\":\"PropertyValueSpecification\",\"valueRequired\":true,\"valueName\":\"search_term_string\"}}],\"inLanguage\":\"fr-FR\"},{\"@type\":\"Organization\",\"@id\":\"https:\/\/erapetfood.com\/#organization\",\"name\":\"Pets Away Store SL\",\"url\":\"https:\/\/erapetfood.com\/\",\"logo\":{\"@type\":\"ImageObject\",\"inLanguage\":\"fr-FR\",\"@id\":\"https:\/\/erapetfood.com\/#\/schema\/logo\/image\/\",\"url\":\"https:\/\/erapetfood.com\/wp-content\/uploads\/ERA_logo.webp\",\"contentUrl\":\"https:\/\/erapetfood.com\/wp-content\/uploads\/ERA_logo.webp\",\"width\":750,\"height\":370,\"caption\":\"Pets Away Store SL\"},\"image\":{\"@id\":\"https:\/\/erapetfood.com\/#\/schema\/logo\/image\/\"},\"sameAs\":[\"https:\/\/www.facebook.com\/Erapetfood\/\",\"https:\/\/x.com\/Erapetfood\",\"https:\/\/www.instagram.com\/erapetfood\/\",\"https:\/\/www.youtube.com\/user\/cypmascota\"]}]}<\/script>\n<!-- \/ Yoast SEO plugin. -->","yoast_head_json":{"title":"ERA Jerky Bites Agneau avec Probiotiques pour Chiens - ERA Pet Food","robots":{"index":"index","follow":"follow","max-snippet":"max-snippet:-1","max-image-preview":"max-image-preview:large","max-video-preview":"max-video-preview:-1"},"canonical":"https:\/\/erapetfood.com\/fr\/producto\/snack-era-jerky-bites-para-perros-de-cordero-con-probioticos\/","og_locale":"fr_FR","og_type":"article","og_title":"ERA Jerky Bites Agneau avec Probiotiques pour Chiens - ERA Pet Food","og_description":"Aliment compl\u00e9mentaire ERA Jerky Bites pour chiens adultes de toutes races. \u00c0 base d'agneau avec des probiotiques dans leur recette et une texture exquise de viande d\u00e9shydrat\u00e9e. Elles fournissent des ingr\u00e9dients naturels et fonctionnels, avec 85 % de viande d\u00e9soss\u00e9e et une saveur irr\u00e9sistible. Des recettes sp\u00e9cialement con\u00e7ues pour les chiens exigeants.","og_url":"https:\/\/erapetfood.com\/fr\/producto\/snack-era-jerky-bites-para-perros-de-cordero-con-probioticos\/","og_site_name":"ERA Pet Food","article_publisher":"https:\/\/www.facebook.com\/Erapetfood\/","article_modified_time":"2026-04-02T13:27:54+00:00","og_image":[{"width":1500,"height":1500,"url":"https:\/\/erapetfood.com\/wp-content\/uploads\/ERA111954_1.jpg","type":"image\/jpeg"}],"twitter_card":"summary_large_image","twitter_site":"@Erapetfood","twitter_misc":{"Dur\u00e9e de lecture estim\u00e9e":"1 minute"},"schema":{"@context":"https:\/\/schema.org","@graph":[{"@type":"WebPage","@id":"https:\/\/erapetfood.com\/fr\/producto\/snack-era-jerky-bites-para-perros-de-cordero-con-probioticos\/","url":"https:\/\/erapetfood.com\/fr\/producto\/snack-era-jerky-bites-para-perros-de-cordero-con-probioticos\/","name":"ERA Jerky Bites Agneau avec Probiotiques pour Chiens - ERA Pet Food","isPartOf":{"@id":"https:\/\/erapetfood.com\/#website"},"primaryImageOfPage":{"@id":"https:\/\/erapetfood.com\/fr\/producto\/snack-era-jerky-bites-para-perros-de-cordero-con-probioticos\/#primaryimage"},"image":{"@id":"https:\/\/erapetfood.com\/fr\/producto\/snack-era-jerky-bites-para-perros-de-cordero-con-probioticos\/#primaryimage"},"thumbnailUrl":"https:\/\/erapetfood.com\/wp-content\/uploads\/ERA111954_1.webp","datePublished":"2023-08-09T09:16:39+00:00","dateModified":"2026-04-02T13:27:54+00:00","breadcrumb":{"@id":"https:\/\/erapetfood.com\/fr\/producto\/snack-era-jerky-bites-para-perros-de-cordero-con-probioticos\/#breadcrumb"},"inLanguage":"fr-FR","potentialAction":[{"@type":"ReadAction","target":["https:\/\/erapetfood.com\/fr\/producto\/snack-era-jerky-bites-para-perros-de-cordero-con-probioticos\/"]}]},{"@type":"ImageObject","inLanguage":"fr-FR","@id":"https:\/\/erapetfood.com\/fr\/producto\/snack-era-jerky-bites-para-perros-de-cordero-con-probioticos\/#primaryimage","url":"https:\/\/erapetfood.com\/wp-content\/uploads\/ERA111954_1.webp","contentUrl":"https:\/\/erapetfood.com\/wp-content\/uploads\/ERA111954_1.webp","width":1500,"height":1500},{"@type":"BreadcrumbList","@id":"https:\/\/erapetfood.com\/fr\/producto\/snack-era-jerky-bites-para-perros-de-cordero-con-probioticos\/#breadcrumb","itemListElement":[{"@type":"ListItem","position":1,"name":"Portada","item":"https:\/\/erapetfood.com\/"},{"@type":"ListItem","position":2,"name":"Produits","item":"https:\/\/erapetfood.com\/productos\/"},{"@type":"ListItem","position":3,"name":"ERA Jerky Bites Agneau avec Probiotiques pour Chiens"}]},{"@type":"WebSite","@id":"https:\/\/erapetfood.com\/#website","url":"https:\/\/erapetfood.com\/","name":"ERA Pet Food","description":"","publisher":{"@id":"https:\/\/erapetfood.com\/#organization"},"potentialAction":[{"@type":"SearchAction","target":{"@type":"EntryPoint","urlTemplate":"https:\/\/erapetfood.com\/?s={search_term_string}"},"query-input":{"@type":"PropertyValueSpecification","valueRequired":true,"valueName":"search_term_string"}}],"inLanguage":"fr-FR"},{"@type":"Organization","@id":"https:\/\/erapetfood.com\/#organization","name":"Pets Away Store SL","url":"https:\/\/erapetfood.com\/","logo":{"@type":"ImageObject","inLanguage":"fr-FR","@id":"https:\/\/erapetfood.com\/#\/schema\/logo\/image\/","url":"https:\/\/erapetfood.com\/wp-content\/uploads\/ERA_logo.webp","contentUrl":"https:\/\/erapetfood.com\/wp-content\/uploads\/ERA_logo.webp","width":750,"height":370,"caption":"Pets Away Store SL"},"image":{"@id":"https:\/\/erapetfood.com\/#\/schema\/logo\/image\/"},"sameAs":["https:\/\/www.facebook.com\/Erapetfood\/","https:\/\/x.com\/Erapetfood","https:\/\/www.instagram.com\/erapetfood\/","https:\/\/www.youtube.com\/user\/cypmascota"]}]}},"jetpack_sharing_enabled":true,"_links":{"self":[{"href":"https:\/\/erapetfood.com\/fr\/wp-json\/wp\/v2\/product\/1479","targetHints":{"allow":["GET"]}}],"collection":[{"href":"https:\/\/erapetfood.com\/fr\/wp-json\/wp\/v2\/product"}],"about":[{"href":"https:\/\/erapetfood.com\/fr\/wp-json\/wp\/v2\/types\/product"}],"replies":[{"embeddable":true,"href":"https:\/\/erapetfood.com\/fr\/wp-json\/wp\/v2\/comments?post=1479"}],"wp:featuredmedia":[{"embeddable":true,"href":"https:\/\/erapetfood.com\/fr\/wp-json\/wp\/v2\/media\/3939"}],"wp:attachment":[{"href":"https:\/\/erapetfood.com\/fr\/wp-json\/wp\/v2\/media?parent=1479"}],"wp:term":[{"taxonomy":"product_brand","embeddable":true,"href":"https:\/\/erapetfood.com\/fr\/wp-json\/wp\/v2\/product_brand?post=1479"},{"taxonomy":"product_cat","embeddable":true,"href":"https:\/\/erapetfood.com\/fr\/wp-json\/wp\/v2\/product_cat?post=1479"},{"taxonomy":"product_tag","embeddable":true,"href":"https:\/\/erapetfood.com\/fr\/wp-json\/wp\/v2\/product_tag?post=1479"}],"curies":[{"name":"wp","href":"https:\/\/api.w.org\/{rel}","templated":true}]}}