{"id":1501,"date":"2023-08-31T13:25:47","date_gmt":"2023-08-31T11:25:47","guid":{"rendered":"https:\/\/cunipic.com\/erapetfood\/producto\/era-immunity-friandises-pour-chiens-au-poulet-avec-eglantier\/"},"modified":"2026-01-25T22:42:23","modified_gmt":"2026-01-25T21:42:23","slug":"snack-era-immunity-para-perros-de-pollo-con-rosa-mosqueta","status":"publish","type":"product","link":"https:\/\/erapetfood.com\/fr\/producto\/snack-era-immunity-para-perros-de-pollo-con-rosa-mosqueta\/","title":{"rendered":"ERA Immunity Friandises pour Chiens au Poulet avec \u00c9glantier"},"content":{"rendered":"<p>Les Friandises ERA Immunity au Poulet avec \u00c9glantier pour Chiens sont un compl\u00e9ment alimentaire id\u00e9al pour les chiens adultes. ERA Immunity contient une recette exquise pr\u00e9sent\u00e9e sous forme de petites bouch\u00e9es semi-humides en forme de pilule. Parmi ses nombreux avantages, nous pouvons souligner l&#8217;\u00e9glantier, qui incorpore \u00e9galement, entre autres ingr\u00e9dients, de l&#8217;huile de saumon, de la spiruline, des min\u00e9raux tels que le zinc et des vitamines A, C et E. Tout cela constitue une excellente source d&#8217;antioxydants naturels essentiels pour maintenir la sant\u00e9 dans un \u00e9tat de bien-\u00eatre. Les antioxydants sont des substances qui peuvent pr\u00e9venir ou ralentir les dommages cellulaires caus\u00e9s par les radicaux libres, des mol\u00e9cules instables que le corps produit en r\u00e9action \u00e0 des pressions environnementales et d&#8217;autres facteurs.<\/p>\n<p>Il est important de lutter contre les radicaux libres car ils peuvent provoquer des alt\u00e9rations cellulaires directement li\u00e9es au vieillissement et \u00e0 la pr\u00e9disposition \u00e0 de nombreux troubles et maladies.<\/p>\n<p>De plus, l&#8217;incorporation de sources nutritionnelles en acides gras om\u00e9ga-3 et om\u00e9ga-6 est essentielle pour les chiens, car cela les aide \u00e0 assurer une croissance correcte et contribue au maintien d&#8217;une bonne sant\u00e9. Les acides gras essentiels sont tr\u00e8s importants pour l&#8217;organisme des mammif\u00e8res car ils ne peuvent pas les produire par eux-m\u00eames et ne peuvent les obtenir que par l&#8217;alimentation.<\/p>\n","protected":false},"excerpt":{"rendered":"<p>ERA Immunity, aliment compl\u00e9mentaire pour chiens adultes de toutes races. Au Poulet et \u00e0 l&#8217;\u00c9glantier dans sa recette et avec une exquise texture semi-humide en forme de pilule. Il fournit des ingr\u00e9dients naturels et fonctionnels, une excellente source d&#8217;antioxydants naturels, essentiels pour maintenir la sant\u00e9 dans un \u00e9tat de bien-\u00eatre. Des recettes sp\u00e9cialement con\u00e7ues pour les chiens exigeants.<\/p>\n","protected":false},"featured_media":3961,"comment_status":"open","ping_status":"closed","template":"","meta":[],"product_brand":[],"product_cat":[76],"product_tag":[83],"class_list":{"0":"post-1501","1":"product","2":"type-product","3":"status-publish","4":"has-post-thumbnail","6":"product_cat-chiens","7":"product_tag-friandises-pour-chiens","8":"sales-flash-overlay","9":"woocommerce-text-align-center","10":"woocommerce-image-align-center","11":"do-quantity-buttons","12":"wc-has-gallery","14":"first","15":"instock","16":"taxable","17":"shipping-taxable","18":"purchasable","19":"product-type-simple"},"yoast_head":"<!-- This site is optimized with the Yoast SEO plugin v27.5 - https:\/\/yoast.com\/product\/yoast-seo-wordpress\/ -->\n<title>ERA Immunity Friandises pour Chiens au Poulet avec \u00c9glantier - ERA Pet Food<\/title>\n<meta name=\"robots\" content=\"index, follow, max-snippet:-1, max-image-preview:large, max-video-preview:-1\" \/>\n<link rel=\"canonical\" href=\"https:\/\/erapetfood.com\/fr\/producto\/snack-era-immunity-para-perros-de-pollo-con-rosa-mosqueta\/\" \/>\n<meta property=\"og:locale\" content=\"fr_FR\" \/>\n<meta property=\"og:type\" content=\"article\" \/>\n<meta property=\"og:title\" content=\"ERA Immunity Friandises pour Chiens au Poulet avec \u00c9glantier - ERA Pet Food\" \/>\n<meta property=\"og:description\" content=\"ERA Immunity, aliment compl\u00e9mentaire pour chiens adultes de toutes races. Au Poulet et \u00e0 l&#039;\u00c9glantier dans sa recette et avec une exquise texture semi-humide en forme de pilule. Il fournit des ingr\u00e9dients naturels et fonctionnels, une excellente source d&#039;antioxydants naturels, essentiels pour maintenir la sant\u00e9 dans un \u00e9tat de bien-\u00eatre. Des recettes sp\u00e9cialement con\u00e7ues pour les chiens exigeants.\" \/>\n<meta property=\"og:url\" content=\"https:\/\/erapetfood.com\/fr\/producto\/snack-era-immunity-para-perros-de-pollo-con-rosa-mosqueta\/\" \/>\n<meta property=\"og:site_name\" content=\"ERA Pet Food\" \/>\n<meta property=\"article:publisher\" content=\"https:\/\/www.facebook.com\/Erapetfood\/\" \/>\n<meta property=\"article:modified_time\" content=\"2026-01-25T21:42:23+00:00\" \/>\n<meta property=\"og:image\" content=\"https:\/\/erapetfood.com\/wp-content\/uploads\/ERA111464_1.jpg\" \/>\n\t<meta property=\"og:image:width\" content=\"1500\" \/>\n\t<meta property=\"og:image:height\" content=\"1500\" \/>\n\t<meta property=\"og:image:type\" content=\"image\/jpeg\" \/>\n<meta name=\"twitter:card\" content=\"summary_large_image\" \/>\n<meta name=\"twitter:site\" content=\"@Erapetfood\" \/>\n<meta name=\"twitter:label1\" content=\"Dur\u00e9e de lecture estim\u00e9e\" \/>\n\t<meta name=\"twitter:data1\" content=\"1 minute\" \/>\n<script type=\"application\/ld+json\" class=\"yoast-schema-graph\">{\"@context\":\"https:\\\/\\\/schema.org\",\"@graph\":[{\"@type\":\"WebPage\",\"@id\":\"https:\\\/\\\/erapetfood.com\\\/fr\\\/producto\\\/snack-era-immunity-para-perros-de-pollo-con-rosa-mosqueta\\\/\",\"url\":\"https:\\\/\\\/erapetfood.com\\\/fr\\\/producto\\\/snack-era-immunity-para-perros-de-pollo-con-rosa-mosqueta\\\/\",\"name\":\"ERA Immunity Friandises pour Chiens au Poulet avec \u00c9glantier - ERA Pet Food\",\"isPartOf\":{\"@id\":\"https:\\\/\\\/erapetfood.com\\\/#website\"},\"primaryImageOfPage\":{\"@id\":\"https:\\\/\\\/erapetfood.com\\\/fr\\\/producto\\\/snack-era-immunity-para-perros-de-pollo-con-rosa-mosqueta\\\/#primaryimage\"},\"image\":{\"@id\":\"https:\\\/\\\/erapetfood.com\\\/fr\\\/producto\\\/snack-era-immunity-para-perros-de-pollo-con-rosa-mosqueta\\\/#primaryimage\"},\"thumbnailUrl\":\"https:\\\/\\\/erapetfood.com\\\/wp-content\\\/uploads\\\/ERA111464_1.webp\",\"datePublished\":\"2023-08-31T11:25:47+00:00\",\"dateModified\":\"2026-01-25T21:42:23+00:00\",\"breadcrumb\":{\"@id\":\"https:\\\/\\\/erapetfood.com\\\/fr\\\/producto\\\/snack-era-immunity-para-perros-de-pollo-con-rosa-mosqueta\\\/#breadcrumb\"},\"inLanguage\":\"fr-FR\",\"potentialAction\":[{\"@type\":\"ReadAction\",\"target\":[\"https:\\\/\\\/erapetfood.com\\\/fr\\\/producto\\\/snack-era-immunity-para-perros-de-pollo-con-rosa-mosqueta\\\/\"]}]},{\"@type\":\"ImageObject\",\"inLanguage\":\"fr-FR\",\"@id\":\"https:\\\/\\\/erapetfood.com\\\/fr\\\/producto\\\/snack-era-immunity-para-perros-de-pollo-con-rosa-mosqueta\\\/#primaryimage\",\"url\":\"https:\\\/\\\/erapetfood.com\\\/wp-content\\\/uploads\\\/ERA111464_1.webp\",\"contentUrl\":\"https:\\\/\\\/erapetfood.com\\\/wp-content\\\/uploads\\\/ERA111464_1.webp\",\"width\":1500,\"height\":1500,\"caption\":\"Snack ERA Immunity para perros de Pollo con Rosa Mosqueta.\"},{\"@type\":\"BreadcrumbList\",\"@id\":\"https:\\\/\\\/erapetfood.com\\\/fr\\\/producto\\\/snack-era-immunity-para-perros-de-pollo-con-rosa-mosqueta\\\/#breadcrumb\",\"itemListElement\":[{\"@type\":\"ListItem\",\"position\":1,\"name\":\"Portada\",\"item\":\"https:\\\/\\\/erapetfood.com\\\/\"},{\"@type\":\"ListItem\",\"position\":2,\"name\":\"Produits\",\"item\":\"https:\\\/\\\/erapetfood.com\\\/productos\\\/\"},{\"@type\":\"ListItem\",\"position\":3,\"name\":\"ERA Immunity Friandises pour Chiens au Poulet avec \u00c9glantier\"}]},{\"@type\":\"WebSite\",\"@id\":\"https:\\\/\\\/erapetfood.com\\\/#website\",\"url\":\"https:\\\/\\\/erapetfood.com\\\/\",\"name\":\"ERA Pet Food\",\"description\":\"\",\"publisher\":{\"@id\":\"https:\\\/\\\/erapetfood.com\\\/#organization\"},\"potentialAction\":[{\"@type\":\"SearchAction\",\"target\":{\"@type\":\"EntryPoint\",\"urlTemplate\":\"https:\\\/\\\/erapetfood.com\\\/?s={search_term_string}\"},\"query-input\":{\"@type\":\"PropertyValueSpecification\",\"valueRequired\":true,\"valueName\":\"search_term_string\"}}],\"inLanguage\":\"fr-FR\"},{\"@type\":\"Organization\",\"@id\":\"https:\\\/\\\/erapetfood.com\\\/#organization\",\"name\":\"Pets Away Store SL\",\"url\":\"https:\\\/\\\/erapetfood.com\\\/\",\"logo\":{\"@type\":\"ImageObject\",\"inLanguage\":\"fr-FR\",\"@id\":\"https:\\\/\\\/erapetfood.com\\\/#\\\/schema\\\/logo\\\/image\\\/\",\"url\":\"https:\\\/\\\/erapetfood.com\\\/wp-content\\\/uploads\\\/ERA_logo.webp\",\"contentUrl\":\"https:\\\/\\\/erapetfood.com\\\/wp-content\\\/uploads\\\/ERA_logo.webp\",\"width\":750,\"height\":370,\"caption\":\"Pets Away Store SL\"},\"image\":{\"@id\":\"https:\\\/\\\/erapetfood.com\\\/#\\\/schema\\\/logo\\\/image\\\/\"},\"sameAs\":[\"https:\\\/\\\/www.facebook.com\\\/Erapetfood\\\/\",\"https:\\\/\\\/x.com\\\/Erapetfood\",\"https:\\\/\\\/www.instagram.com\\\/erapetfood\\\/\",\"https:\\\/\\\/www.youtube.com\\\/user\\\/cypmascota\"]}]}<\/script>\n<!-- \/ Yoast SEO plugin. -->","yoast_head_json":{"title":"ERA Immunity Friandises pour Chiens au Poulet avec \u00c9glantier - ERA Pet Food","robots":{"index":"index","follow":"follow","max-snippet":"max-snippet:-1","max-image-preview":"max-image-preview:large","max-video-preview":"max-video-preview:-1"},"canonical":"https:\/\/erapetfood.com\/fr\/producto\/snack-era-immunity-para-perros-de-pollo-con-rosa-mosqueta\/","og_locale":"fr_FR","og_type":"article","og_title":"ERA Immunity Friandises pour Chiens au Poulet avec \u00c9glantier - ERA Pet Food","og_description":"ERA Immunity, aliment compl\u00e9mentaire pour chiens adultes de toutes races. Au Poulet et \u00e0 l'\u00c9glantier dans sa recette et avec une exquise texture semi-humide en forme de pilule. Il fournit des ingr\u00e9dients naturels et fonctionnels, une excellente source d'antioxydants naturels, essentiels pour maintenir la sant\u00e9 dans un \u00e9tat de bien-\u00eatre. Des recettes sp\u00e9cialement con\u00e7ues pour les chiens exigeants.","og_url":"https:\/\/erapetfood.com\/fr\/producto\/snack-era-immunity-para-perros-de-pollo-con-rosa-mosqueta\/","og_site_name":"ERA Pet Food","article_publisher":"https:\/\/www.facebook.com\/Erapetfood\/","article_modified_time":"2026-01-25T21:42:23+00:00","og_image":[{"width":1500,"height":1500,"url":"https:\/\/erapetfood.com\/wp-content\/uploads\/ERA111464_1.jpg","type":"image\/jpeg"}],"twitter_card":"summary_large_image","twitter_site":"@Erapetfood","twitter_misc":{"Dur\u00e9e de lecture estim\u00e9e":"1 minute"},"schema":{"@context":"https:\/\/schema.org","@graph":[{"@type":"WebPage","@id":"https:\/\/erapetfood.com\/fr\/producto\/snack-era-immunity-para-perros-de-pollo-con-rosa-mosqueta\/","url":"https:\/\/erapetfood.com\/fr\/producto\/snack-era-immunity-para-perros-de-pollo-con-rosa-mosqueta\/","name":"ERA Immunity Friandises pour Chiens au Poulet avec \u00c9glantier - ERA Pet Food","isPartOf":{"@id":"https:\/\/erapetfood.com\/#website"},"primaryImageOfPage":{"@id":"https:\/\/erapetfood.com\/fr\/producto\/snack-era-immunity-para-perros-de-pollo-con-rosa-mosqueta\/#primaryimage"},"image":{"@id":"https:\/\/erapetfood.com\/fr\/producto\/snack-era-immunity-para-perros-de-pollo-con-rosa-mosqueta\/#primaryimage"},"thumbnailUrl":"https:\/\/erapetfood.com\/wp-content\/uploads\/ERA111464_1.webp","datePublished":"2023-08-31T11:25:47+00:00","dateModified":"2026-01-25T21:42:23+00:00","breadcrumb":{"@id":"https:\/\/erapetfood.com\/fr\/producto\/snack-era-immunity-para-perros-de-pollo-con-rosa-mosqueta\/#breadcrumb"},"inLanguage":"fr-FR","potentialAction":[{"@type":"ReadAction","target":["https:\/\/erapetfood.com\/fr\/producto\/snack-era-immunity-para-perros-de-pollo-con-rosa-mosqueta\/"]}]},{"@type":"ImageObject","inLanguage":"fr-FR","@id":"https:\/\/erapetfood.com\/fr\/producto\/snack-era-immunity-para-perros-de-pollo-con-rosa-mosqueta\/#primaryimage","url":"https:\/\/erapetfood.com\/wp-content\/uploads\/ERA111464_1.webp","contentUrl":"https:\/\/erapetfood.com\/wp-content\/uploads\/ERA111464_1.webp","width":1500,"height":1500,"caption":"Snack ERA Immunity para perros de Pollo con Rosa Mosqueta."},{"@type":"BreadcrumbList","@id":"https:\/\/erapetfood.com\/fr\/producto\/snack-era-immunity-para-perros-de-pollo-con-rosa-mosqueta\/#breadcrumb","itemListElement":[{"@type":"ListItem","position":1,"name":"Portada","item":"https:\/\/erapetfood.com\/"},{"@type":"ListItem","position":2,"name":"Produits","item":"https:\/\/erapetfood.com\/productos\/"},{"@type":"ListItem","position":3,"name":"ERA Immunity Friandises pour Chiens au Poulet avec \u00c9glantier"}]},{"@type":"WebSite","@id":"https:\/\/erapetfood.com\/#website","url":"https:\/\/erapetfood.com\/","name":"ERA Pet Food","description":"","publisher":{"@id":"https:\/\/erapetfood.com\/#organization"},"potentialAction":[{"@type":"SearchAction","target":{"@type":"EntryPoint","urlTemplate":"https:\/\/erapetfood.com\/?s={search_term_string}"},"query-input":{"@type":"PropertyValueSpecification","valueRequired":true,"valueName":"search_term_string"}}],"inLanguage":"fr-FR"},{"@type":"Organization","@id":"https:\/\/erapetfood.com\/#organization","name":"Pets Away Store SL","url":"https:\/\/erapetfood.com\/","logo":{"@type":"ImageObject","inLanguage":"fr-FR","@id":"https:\/\/erapetfood.com\/#\/schema\/logo\/image\/","url":"https:\/\/erapetfood.com\/wp-content\/uploads\/ERA_logo.webp","contentUrl":"https:\/\/erapetfood.com\/wp-content\/uploads\/ERA_logo.webp","width":750,"height":370,"caption":"Pets Away Store SL"},"image":{"@id":"https:\/\/erapetfood.com\/#\/schema\/logo\/image\/"},"sameAs":["https:\/\/www.facebook.com\/Erapetfood\/","https:\/\/x.com\/Erapetfood","https:\/\/www.instagram.com\/erapetfood\/","https:\/\/www.youtube.com\/user\/cypmascota"]}]}},"jetpack_sharing_enabled":true,"_links":{"self":[{"href":"https:\/\/erapetfood.com\/fr\/wp-json\/wp\/v2\/product\/1501","targetHints":{"allow":["GET"]}}],"collection":[{"href":"https:\/\/erapetfood.com\/fr\/wp-json\/wp\/v2\/product"}],"about":[{"href":"https:\/\/erapetfood.com\/fr\/wp-json\/wp\/v2\/types\/product"}],"replies":[{"embeddable":true,"href":"https:\/\/erapetfood.com\/fr\/wp-json\/wp\/v2\/comments?post=1501"}],"wp:featuredmedia":[{"embeddable":true,"href":"https:\/\/erapetfood.com\/fr\/wp-json\/wp\/v2\/media\/3961"}],"wp:attachment":[{"href":"https:\/\/erapetfood.com\/fr\/wp-json\/wp\/v2\/media?parent=1501"}],"wp:term":[{"taxonomy":"product_brand","embeddable":true,"href":"https:\/\/erapetfood.com\/fr\/wp-json\/wp\/v2\/product_brand?post=1501"},{"taxonomy":"product_cat","embeddable":true,"href":"https:\/\/erapetfood.com\/fr\/wp-json\/wp\/v2\/product_cat?post=1501"},{"taxonomy":"product_tag","embeddable":true,"href":"https:\/\/erapetfood.com\/fr\/wp-json\/wp\/v2\/product_tag?post=1501"}],"curies":[{"name":"wp","href":"https:\/\/api.w.org\/{rel}","templated":true}]}}