{"id":16291,"date":"2024-11-15T12:42:25","date_gmt":"2024-11-15T11:42:25","guid":{"rendered":"https:\/\/erapetfood.com\/producto\/rita-cave-pour-chats\/"},"modified":"2024-11-15T12:42:25","modified_gmt":"2024-11-15T11:42:25","slug":"rita-cave-pour-chats","status":"publish","type":"product","link":"https:\/\/erapetfood.com\/fr\/producto\/rita-cave-pour-chats\/","title":{"rendered":"Rita Cave pour chats"},"content":{"rendered":"<h3>Rita Cat Cave : l&#8217;abri minimaliste et douillet que votre chat m\u00e9rite<\/h3>\n<p>Nous savons que les chats aiment se sentir \u00e0 l&#8217;aise et en s\u00e9curit\u00e9 dans des espaces prot\u00e9g\u00e9s. La <strong>Rita Cat Cave<\/strong> sera leur nouveau refuge pr\u00e9f\u00e9r\u00e9, \u00e9l\u00e9gamment con\u00e7u pour leur bien-\u00eatre. <\/p>\n<p><strong>Design exclusif et mat\u00e9riaux naturels.<br \/>\n<\/strong>Fabriqu\u00e9e \u00e0 la main \u00e0 partir d&#8217;une seule pi\u00e8ce de feutre de laine 100 % naturelle, la <strong>Rita Cave<\/strong> se distingue par son design incurv\u00e9 et minimaliste. Ce mat\u00e9riau naturel assure non seulement une isolation thermique, vous gardant au chaud en hiver et au frais en \u00e9t\u00e9, mais il est \u00e9galement un excellent moyen de vous garder au frais en \u00e9t\u00e9 : <\/p>\n<ul>\n<li><strong>R\u00e9sistant \u00e0 l&#8217;humidit\u00e9 et \u00e0 la salet\u00e9<\/strong> : assure un environnement propre et sain.<\/li>\n<li><strong>S\u00fbr et b\u00e9n\u00e9fique pour la peau et le pelage <\/strong>: les fibres naturelles hydratent naturellement.<\/li>\n<li><strong>Hypoallerg\u00e9nique et respirant <\/strong>: id\u00e9al pour les chats sensibles.<\/li>\n<\/ul>\n<p><strong>Une polyvalence qui s&#8217;adapte \u00e0 votre style.<br \/>\n<\/strong>La <strong>Rita Cave<\/strong> se transforme facilement en lit confortable en l&#8217;aplatissant, offrant ainsi deux options en un seul produit. Disponible en deux teintes \u00e9l\u00e9gantes, Brown et Grey, elle s&#8217;adapte parfaitement \u00e0 tous les styles de d\u00e9coration, ajoutant une touche harmonieuse \u00e0 votre int\u00e9rieur. <\/p>\n<p><strong>Engagement en faveur de la durabilit\u00e9.<br \/>\n<\/strong>Mishum, marque engag\u00e9e en faveur de l&#8217;environnement, con\u00e7oit tous ses produits \u00e0 Barcelone et les fabrique \u00e0 la main au N\u00e9pal. Chaque pi\u00e8ce est fabriqu\u00e9e avec des mat\u00e9riaux naturels, durables et de haute qualit\u00e9, en respectant le bien-\u00eatre des animaux et en promouvant le commerce \u00e9quitable. <\/p>\n<p><strong>Un accessoire unique pour la maison et les animaux de compagnie.<br \/>\n<\/strong>La <strong>grotte \u00e0 chat Rita<\/strong> est plus qu&#8217;un simple espace de repos : c&#8217;est un accessoire fonctionnel et d\u00e9coratif. D\u00e9couvrez <a href=\"https:\/\/erapetfood.com\/fr\/etiqueta-producto\/accessoires-pour-chat\/\">notre collection de lits et de jouets \u00e9cologiques et choisissez<\/a> des produits qui prennent soin de votre chat et de la plan\u00e8te. <\/p>\n","protected":false},"excerpt":{"rendered":"<p>Grotte \u00e0 chat de forme ovale avec une \u00e9l\u00e9gante vague, fabriqu\u00e9e \u00e0 partir d&#8217;une seule pi\u00e8ce de feutre de laine 100 % naturelle. Ce mat\u00e9riau poss\u00e8de \u00e9galement des propri\u00e9t\u00e9s antistatiques et r\u00e9gule la temp\u00e9rature, de sorte que les grottes sont chaudes et douillettes en hiver et agr\u00e9ablement fra\u00eeches en \u00e9t\u00e9. En outre, il apporte de l&#8217;humidit\u00e9 \u00e0 leurs pattes et \u00e0 leur pelage. Il est \u00e9galement possible de l&#8217;aplatir et de l&#8217;utiliser comme lit au lieu d&#8217;une grotte. Cette pi\u00e8ce minimaliste est disponible en deux couleurs : Chestnut Brown ou Steel Grey.    <\/p>\n","protected":false},"featured_media":13863,"comment_status":"open","ping_status":"closed","template":"","meta":[],"product_brand":[],"product_cat":[80],"product_tag":[231],"class_list":{"0":"post-16291","1":"product","2":"type-product","3":"status-publish","4":"has-post-thumbnail","6":"product_cat-chats","7":"product_tag-accessoires-pour-chat","8":"sales-flash-overlay","9":"woocommerce-text-align-center","10":"woocommerce-image-align-center","11":"do-quantity-buttons","13":"first","14":"instock","15":"taxable","16":"shipping-taxable","17":"purchasable","18":"product-type-variable"},"yoast_head":"<!-- This site is optimized with the Yoast SEO plugin v27.5 - https:\/\/yoast.com\/product\/yoast-seo-wordpress\/ -->\n<title>Rita Cave pour chats - ERA Pet Food<\/title>\n<meta name=\"description\" content=\"La Rita Cave, en feutre 100% naturel, est l&#039;abri parfait pour votre chat. Isolation thermique, s\u00e9curit\u00e9 et design minimaliste, d\u00e9couvrez-la !\" \/>\n<meta name=\"robots\" content=\"index, follow, max-snippet:-1, max-image-preview:large, max-video-preview:-1\" \/>\n<link rel=\"canonical\" href=\"https:\/\/erapetfood.com\/producto\/cueva-rita-para-gatos\/\" \/>\n<meta property=\"og:locale\" content=\"fr_FR\" \/>\n<meta property=\"og:type\" content=\"article\" \/>\n<meta property=\"og:title\" content=\"Rita Cave pour chats - ERA Pet Food\" \/>\n<meta property=\"og:description\" content=\"La Rita Cave, en feutre 100% naturel, est l&#039;abri parfait pour votre chat. Isolation thermique, s\u00e9curit\u00e9 et design minimaliste, d\u00e9couvrez-la !\" \/>\n<meta property=\"og:url\" content=\"https:\/\/erapetfood.com\/producto\/cueva-rita-para-gatos\/\" \/>\n<meta property=\"og:site_name\" content=\"ERA Pet Food\" \/>\n<meta property=\"article:publisher\" content=\"https:\/\/www.facebook.com\/Erapetfood\/\" \/>\n<meta property=\"og:image\" content=\"https:\/\/erapetfood.com\/wp-content\/uploads\/Rita_cave_side-scaled.webp\" \/>\n\t<meta property=\"og:image:width\" content=\"2560\" \/>\n\t<meta property=\"og:image:height\" content=\"2560\" \/>\n\t<meta property=\"og:image:type\" content=\"image\/jpeg\" \/>\n<meta name=\"twitter:card\" content=\"summary_large_image\" \/>\n<meta name=\"twitter:site\" content=\"@Erapetfood\" \/>\n<meta name=\"twitter:label1\" content=\"Dur\u00e9e de lecture estim\u00e9e\" \/>\n\t<meta name=\"twitter:data1\" content=\"2 minutes\" \/>\n<script type=\"application\/ld+json\" class=\"yoast-schema-graph\">{\"@context\":\"https:\\\/\\\/schema.org\",\"@graph\":[{\"@type\":\"WebPage\",\"@id\":\"https:\\\/\\\/erapetfood.com\\\/producto\\\/cueva-rita-para-gatos\\\/\",\"url\":\"https:\\\/\\\/erapetfood.com\\\/producto\\\/cueva-rita-para-gatos\\\/\",\"name\":\"Rita Cave pour chats - ERA Pet Food\",\"isPartOf\":{\"@id\":\"https:\\\/\\\/erapetfood.com\\\/#website\"},\"primaryImageOfPage\":{\"@id\":\"https:\\\/\\\/erapetfood.com\\\/producto\\\/cueva-rita-para-gatos\\\/#primaryimage\"},\"image\":{\"@id\":\"https:\\\/\\\/erapetfood.com\\\/producto\\\/cueva-rita-para-gatos\\\/#primaryimage\"},\"thumbnailUrl\":\"https:\\\/\\\/erapetfood.com\\\/wp-content\\\/uploads\\\/Rita_cave_side-scaled.webp\",\"datePublished\":\"2024-11-15T11:42:25+00:00\",\"description\":\"La Rita Cave, en feutre 100% naturel, est l'abri parfait pour votre chat. Isolation thermique, s\u00e9curit\u00e9 et design minimaliste, d\u00e9couvrez-la !\",\"breadcrumb\":{\"@id\":\"https:\\\/\\\/erapetfood.com\\\/producto\\\/cueva-rita-para-gatos\\\/#breadcrumb\"},\"inLanguage\":\"fr-FR\",\"potentialAction\":[{\"@type\":\"ReadAction\",\"target\":[\"https:\\\/\\\/erapetfood.com\\\/producto\\\/cueva-rita-para-gatos\\\/\"]}]},{\"@type\":\"ImageObject\",\"inLanguage\":\"fr-FR\",\"@id\":\"https:\\\/\\\/erapetfood.com\\\/producto\\\/cueva-rita-para-gatos\\\/#primaryimage\",\"url\":\"https:\\\/\\\/erapetfood.com\\\/wp-content\\\/uploads\\\/Rita_cave_side-scaled.webp\",\"contentUrl\":\"https:\\\/\\\/erapetfood.com\\\/wp-content\\\/uploads\\\/Rita_cave_side-scaled.webp\",\"width\":2560,\"height\":2560},{\"@type\":\"BreadcrumbList\",\"@id\":\"https:\\\/\\\/erapetfood.com\\\/producto\\\/cueva-rita-para-gatos\\\/#breadcrumb\",\"itemListElement\":[{\"@type\":\"ListItem\",\"position\":1,\"name\":\"Portada\",\"item\":\"https:\\\/\\\/erapetfood.com\\\/\"},{\"@type\":\"ListItem\",\"position\":2,\"name\":\"Produits\",\"item\":\"https:\\\/\\\/erapetfood.com\\\/productos\\\/\"},{\"@type\":\"ListItem\",\"position\":3,\"name\":\"Rita Cave pour chats\"}]},{\"@type\":\"WebSite\",\"@id\":\"https:\\\/\\\/erapetfood.com\\\/#website\",\"url\":\"https:\\\/\\\/erapetfood.com\\\/\",\"name\":\"ERA Pet Food\",\"description\":\"\",\"publisher\":{\"@id\":\"https:\\\/\\\/erapetfood.com\\\/#organization\"},\"potentialAction\":[{\"@type\":\"SearchAction\",\"target\":{\"@type\":\"EntryPoint\",\"urlTemplate\":\"https:\\\/\\\/erapetfood.com\\\/?s={search_term_string}\"},\"query-input\":{\"@type\":\"PropertyValueSpecification\",\"valueRequired\":true,\"valueName\":\"search_term_string\"}}],\"inLanguage\":\"fr-FR\"},{\"@type\":\"Organization\",\"@id\":\"https:\\\/\\\/erapetfood.com\\\/#organization\",\"name\":\"Pets Away Store SL\",\"url\":\"https:\\\/\\\/erapetfood.com\\\/\",\"logo\":{\"@type\":\"ImageObject\",\"inLanguage\":\"fr-FR\",\"@id\":\"https:\\\/\\\/erapetfood.com\\\/#\\\/schema\\\/logo\\\/image\\\/\",\"url\":\"https:\\\/\\\/erapetfood.com\\\/wp-content\\\/uploads\\\/ERA_logo.webp\",\"contentUrl\":\"https:\\\/\\\/erapetfood.com\\\/wp-content\\\/uploads\\\/ERA_logo.webp\",\"width\":750,\"height\":370,\"caption\":\"Pets Away Store SL\"},\"image\":{\"@id\":\"https:\\\/\\\/erapetfood.com\\\/#\\\/schema\\\/logo\\\/image\\\/\"},\"sameAs\":[\"https:\\\/\\\/www.facebook.com\\\/Erapetfood\\\/\",\"https:\\\/\\\/x.com\\\/Erapetfood\",\"https:\\\/\\\/www.instagram.com\\\/erapetfood\\\/\",\"https:\\\/\\\/www.youtube.com\\\/user\\\/cypmascota\"]}]}<\/script>\n<!-- \/ Yoast SEO plugin. -->","yoast_head_json":{"title":"Rita Cave pour chats - ERA Pet Food","description":"La Rita Cave, en feutre 100% naturel, est l'abri parfait pour votre chat. Isolation thermique, s\u00e9curit\u00e9 et design minimaliste, d\u00e9couvrez-la !","robots":{"index":"index","follow":"follow","max-snippet":"max-snippet:-1","max-image-preview":"max-image-preview:large","max-video-preview":"max-video-preview:-1"},"canonical":"https:\/\/erapetfood.com\/producto\/cueva-rita-para-gatos\/","og_locale":"fr_FR","og_type":"article","og_title":"Rita Cave pour chats - ERA Pet Food","og_description":"La Rita Cave, en feutre 100% naturel, est l'abri parfait pour votre chat. Isolation thermique, s\u00e9curit\u00e9 et design minimaliste, d\u00e9couvrez-la !","og_url":"https:\/\/erapetfood.com\/producto\/cueva-rita-para-gatos\/","og_site_name":"ERA Pet Food","article_publisher":"https:\/\/www.facebook.com\/Erapetfood\/","og_image":[{"width":2560,"height":2560,"url":"https:\/\/erapetfood.com\/wp-content\/uploads\/Rita_cave_side-scaled.webp","type":"image\/jpeg"}],"twitter_card":"summary_large_image","twitter_site":"@Erapetfood","twitter_misc":{"Dur\u00e9e de lecture estim\u00e9e":"2 minutes"},"schema":{"@context":"https:\/\/schema.org","@graph":[{"@type":"WebPage","@id":"https:\/\/erapetfood.com\/producto\/cueva-rita-para-gatos\/","url":"https:\/\/erapetfood.com\/producto\/cueva-rita-para-gatos\/","name":"Rita Cave pour chats - ERA Pet Food","isPartOf":{"@id":"https:\/\/erapetfood.com\/#website"},"primaryImageOfPage":{"@id":"https:\/\/erapetfood.com\/producto\/cueva-rita-para-gatos\/#primaryimage"},"image":{"@id":"https:\/\/erapetfood.com\/producto\/cueva-rita-para-gatos\/#primaryimage"},"thumbnailUrl":"https:\/\/erapetfood.com\/wp-content\/uploads\/Rita_cave_side-scaled.webp","datePublished":"2024-11-15T11:42:25+00:00","description":"La Rita Cave, en feutre 100% naturel, est l'abri parfait pour votre chat. Isolation thermique, s\u00e9curit\u00e9 et design minimaliste, d\u00e9couvrez-la !","breadcrumb":{"@id":"https:\/\/erapetfood.com\/producto\/cueva-rita-para-gatos\/#breadcrumb"},"inLanguage":"fr-FR","potentialAction":[{"@type":"ReadAction","target":["https:\/\/erapetfood.com\/producto\/cueva-rita-para-gatos\/"]}]},{"@type":"ImageObject","inLanguage":"fr-FR","@id":"https:\/\/erapetfood.com\/producto\/cueva-rita-para-gatos\/#primaryimage","url":"https:\/\/erapetfood.com\/wp-content\/uploads\/Rita_cave_side-scaled.webp","contentUrl":"https:\/\/erapetfood.com\/wp-content\/uploads\/Rita_cave_side-scaled.webp","width":2560,"height":2560},{"@type":"BreadcrumbList","@id":"https:\/\/erapetfood.com\/producto\/cueva-rita-para-gatos\/#breadcrumb","itemListElement":[{"@type":"ListItem","position":1,"name":"Portada","item":"https:\/\/erapetfood.com\/"},{"@type":"ListItem","position":2,"name":"Produits","item":"https:\/\/erapetfood.com\/productos\/"},{"@type":"ListItem","position":3,"name":"Rita Cave pour chats"}]},{"@type":"WebSite","@id":"https:\/\/erapetfood.com\/#website","url":"https:\/\/erapetfood.com\/","name":"ERA Pet Food","description":"","publisher":{"@id":"https:\/\/erapetfood.com\/#organization"},"potentialAction":[{"@type":"SearchAction","target":{"@type":"EntryPoint","urlTemplate":"https:\/\/erapetfood.com\/?s={search_term_string}"},"query-input":{"@type":"PropertyValueSpecification","valueRequired":true,"valueName":"search_term_string"}}],"inLanguage":"fr-FR"},{"@type":"Organization","@id":"https:\/\/erapetfood.com\/#organization","name":"Pets Away Store SL","url":"https:\/\/erapetfood.com\/","logo":{"@type":"ImageObject","inLanguage":"fr-FR","@id":"https:\/\/erapetfood.com\/#\/schema\/logo\/image\/","url":"https:\/\/erapetfood.com\/wp-content\/uploads\/ERA_logo.webp","contentUrl":"https:\/\/erapetfood.com\/wp-content\/uploads\/ERA_logo.webp","width":750,"height":370,"caption":"Pets Away Store SL"},"image":{"@id":"https:\/\/erapetfood.com\/#\/schema\/logo\/image\/"},"sameAs":["https:\/\/www.facebook.com\/Erapetfood\/","https:\/\/x.com\/Erapetfood","https:\/\/www.instagram.com\/erapetfood\/","https:\/\/www.youtube.com\/user\/cypmascota"]}]}},"jetpack_sharing_enabled":true,"_links":{"self":[{"href":"https:\/\/erapetfood.com\/fr\/wp-json\/wp\/v2\/product\/16291","targetHints":{"allow":["GET"]}}],"collection":[{"href":"https:\/\/erapetfood.com\/fr\/wp-json\/wp\/v2\/product"}],"about":[{"href":"https:\/\/erapetfood.com\/fr\/wp-json\/wp\/v2\/types\/product"}],"replies":[{"embeddable":true,"href":"https:\/\/erapetfood.com\/fr\/wp-json\/wp\/v2\/comments?post=16291"}],"wp:featuredmedia":[{"embeddable":true,"href":"https:\/\/erapetfood.com\/fr\/wp-json\/wp\/v2\/media\/13863"}],"wp:attachment":[{"href":"https:\/\/erapetfood.com\/fr\/wp-json\/wp\/v2\/media?parent=16291"}],"wp:term":[{"taxonomy":"product_brand","embeddable":true,"href":"https:\/\/erapetfood.com\/fr\/wp-json\/wp\/v2\/product_brand?post=16291"},{"taxonomy":"product_cat","embeddable":true,"href":"https:\/\/erapetfood.com\/fr\/wp-json\/wp\/v2\/product_cat?post=16291"},{"taxonomy":"product_tag","embeddable":true,"href":"https:\/\/erapetfood.com\/fr\/wp-json\/wp\/v2\/product_tag?post=16291"}],"curies":[{"name":"wp","href":"https:\/\/api.w.org\/{rel}","templated":true}]}}