{"id":1670,"date":"2023-08-31T13:34:57","date_gmt":"2023-08-31T11:34:57","guid":{"rendered":"https:\/\/cunipic.com\/erapetfood\/producto\/aliment-humide-era-sybarite-pour-chats-aux-crevettes-carottes-et-romarin\/"},"modified":"2025-11-11T19:59:38","modified_gmt":"2025-11-11T18:59:38","slug":"alimento-humedo-era-sybarite-para-gatos-de-camarones-zanahoria-y-romero","status":"publish","type":"product","link":"https:\/\/erapetfood.com\/fr\/producto\/alimento-humedo-era-sybarite-para-gatos-de-camarones-zanahoria-y-romero\/","title":{"rendered":"Aliment humide ERA Sybarite pour chats aux Crevettes, Carottes et Romarin"},"content":{"rendered":"<p>L&#8217;aliment humide ERA Sybarite, pour les chats adultes aux Crevettes, Carottes et Romarin, est un repas complet pour les chats adultes de toutes les races. Elle est \u00e9labor\u00e9e avec 85 % de viande fra\u00eeche, ce qui lui conf\u00e8re une palatabilit\u00e9 exceptionnelle et une grande valeur biologique. Ce produit est pr\u00e9par\u00e9 avec des ingr\u00e9dients minutieusement s\u00e9lectionn\u00e9s, 100 % naturels et de tr\u00e8s haute qualit\u00e9. En cons\u00e9quence, il cr\u00e9e une exp\u00e9rience culinaire unique pour les chats exigeants, garantissant que votre compagnon f\u00e9lin b\u00e9n\u00e9ficie d&#8217;\u00e9nergie et d&#8217;un r\u00e9gime \u00e9quilibr\u00e9 et sain. L&#8217;aliment humide ERA Sybarite pour chats aux Crevettes, Carottes et Romarin contient des ingr\u00e9dients fonctionnels comme la carotte, riche en b\u00eata-carot\u00e8ne, qui est tr\u00e8s b\u00e9n\u00e9fique pour la sant\u00e9 des yeux.<\/p>\n<p>De plus, elle favorise un pelage brillant et une meilleure digestion. En outre, elle offre des sources de fibres et fournit des vitamines A, C, E et K. D&#8217;autre part, la pr\u00e9sence de romarin agit comme un agent antibact\u00e9rien gr\u00e2ce \u00e0 ses effets antiseptiques et poss\u00e8de de grandes qualit\u00e9s anti-inflammatoires. De plus, il s&#8217;agit d&#8217;une nourriture sans c\u00e9r\u00e9ales, ce qui est id\u00e9al pour les chats allergiques ou intol\u00e9rants et pour faciliter la digestion chez ceux ayant un estomac sensible.<\/p>\n<p>Gr\u00e2ce \u00e0 ce produit, vous pouvez vous assurer de fournir un r\u00e9gime alimentaire faible en mati\u00e8res grasses et sans OGM (Organismes G\u00e9n\u00e9tiquement Modifi\u00e9s).<\/p>\n","protected":false},"excerpt":{"rendered":"<p>Aliment humide ERA Sybarite pour chats adultes de toutes races. Avec des Crevettes, des Carottes et du Romarin dans sa recette et 85 % de viande fra\u00eeche comme premier ingr\u00e9dient. Il contient des ingr\u00e9dients naturels, fonctionnels, d\u00e9licieux et assure une excellente hydratation. Recettes sp\u00e9cialement con\u00e7ues pour les chats exigeants.<\/p>\n","protected":false},"featured_media":3991,"comment_status":"open","ping_status":"closed","template":"","meta":[],"product_brand":[],"product_cat":[80],"product_tag":[85],"class_list":{"0":"post-1670","1":"product","2":"type-product","3":"status-publish","4":"has-post-thumbnail","6":"product_cat-chats","7":"product_tag-aliment-humide-pour-chats","8":"sales-flash-overlay","9":"woocommerce-text-align-center","10":"woocommerce-image-align-center","11":"do-quantity-buttons","12":"wc-has-gallery","14":"first","15":"instock","16":"taxable","17":"shipping-taxable","18":"purchasable","19":"product-type-simple"},"yoast_head":"<!-- This site is optimized with the Yoast SEO plugin v27.2 - https:\/\/yoast.com\/product\/yoast-seo-wordpress\/ -->\n<title>Aliment humide ERA Sybarite pour chats aux Crevettes, Carottes et Romarin - ERA Pet Food<\/title>\n<meta name=\"robots\" content=\"index, follow, max-snippet:-1, max-image-preview:large, max-video-preview:-1\" \/>\n<link rel=\"canonical\" href=\"https:\/\/erapetfood.com\/fr\/producto\/alimento-humedo-era-sybarite-para-gatos-de-camarones-zanahoria-y-romero\/\" \/>\n<meta property=\"og:locale\" content=\"fr_FR\" \/>\n<meta property=\"og:type\" content=\"article\" \/>\n<meta property=\"og:title\" content=\"Aliment humide ERA Sybarite pour chats aux Crevettes, Carottes et Romarin - ERA Pet Food\" \/>\n<meta property=\"og:description\" content=\"Aliment humide ERA Sybarite pour chats adultes de toutes races. Avec des Crevettes, des Carottes et du Romarin dans sa recette et 85 % de viande fra\u00eeche comme premier ingr\u00e9dient. Il contient des ingr\u00e9dients naturels, fonctionnels, d\u00e9licieux et assure une excellente hydratation. Recettes sp\u00e9cialement con\u00e7ues pour les chats exigeants.\" \/>\n<meta property=\"og:url\" content=\"https:\/\/erapetfood.com\/fr\/producto\/alimento-humedo-era-sybarite-para-gatos-de-camarones-zanahoria-y-romero\/\" \/>\n<meta property=\"og:site_name\" content=\"ERA Pet Food\" \/>\n<meta property=\"article:publisher\" content=\"https:\/\/www.facebook.com\/Erapetfood\/\" \/>\n<meta property=\"article:modified_time\" content=\"2025-11-11T18:59:38+00:00\" \/>\n<meta property=\"og:image\" content=\"https:\/\/erapetfood.com\/wp-content\/uploads\/ERA100847_1.jpg\" \/>\n\t<meta property=\"og:image:width\" content=\"1500\" \/>\n\t<meta property=\"og:image:height\" content=\"1500\" \/>\n\t<meta property=\"og:image:type\" content=\"image\/jpeg\" \/>\n<meta name=\"twitter:card\" content=\"summary_large_image\" \/>\n<meta name=\"twitter:site\" content=\"@Erapetfood\" \/>\n<meta name=\"twitter:label1\" content=\"Dur\u00e9e de lecture estim\u00e9e\" \/>\n\t<meta name=\"twitter:data1\" content=\"2 minutes\" \/>\n<script type=\"application\/ld+json\" class=\"yoast-schema-graph\">{\"@context\":\"https:\/\/schema.org\",\"@graph\":[{\"@type\":\"WebPage\",\"@id\":\"https:\/\/erapetfood.com\/fr\/producto\/alimento-humedo-era-sybarite-para-gatos-de-camarones-zanahoria-y-romero\/\",\"url\":\"https:\/\/erapetfood.com\/fr\/producto\/alimento-humedo-era-sybarite-para-gatos-de-camarones-zanahoria-y-romero\/\",\"name\":\"Aliment humide ERA Sybarite pour chats aux Crevettes, Carottes et Romarin - ERA Pet Food\",\"isPartOf\":{\"@id\":\"https:\/\/erapetfood.com\/#website\"},\"primaryImageOfPage\":{\"@id\":\"https:\/\/erapetfood.com\/fr\/producto\/alimento-humedo-era-sybarite-para-gatos-de-camarones-zanahoria-y-romero\/#primaryimage\"},\"image\":{\"@id\":\"https:\/\/erapetfood.com\/fr\/producto\/alimento-humedo-era-sybarite-para-gatos-de-camarones-zanahoria-y-romero\/#primaryimage\"},\"thumbnailUrl\":\"https:\/\/erapetfood.com\/wp-content\/uploads\/ERA100847_1.webp\",\"datePublished\":\"2023-08-31T11:34:57+00:00\",\"dateModified\":\"2025-11-11T18:59:38+00:00\",\"breadcrumb\":{\"@id\":\"https:\/\/erapetfood.com\/fr\/producto\/alimento-humedo-era-sybarite-para-gatos-de-camarones-zanahoria-y-romero\/#breadcrumb\"},\"inLanguage\":\"fr-FR\",\"potentialAction\":[{\"@type\":\"ReadAction\",\"target\":[\"https:\/\/erapetfood.com\/fr\/producto\/alimento-humedo-era-sybarite-para-gatos-de-camarones-zanahoria-y-romero\/\"]}]},{\"@type\":\"ImageObject\",\"inLanguage\":\"fr-FR\",\"@id\":\"https:\/\/erapetfood.com\/fr\/producto\/alimento-humedo-era-sybarite-para-gatos-de-camarones-zanahoria-y-romero\/#primaryimage\",\"url\":\"https:\/\/erapetfood.com\/wp-content\/uploads\/ERA100847_1.webp\",\"contentUrl\":\"https:\/\/erapetfood.com\/wp-content\/uploads\/ERA100847_1.webp\",\"width\":1500,\"height\":1500,\"caption\":\"El alimento h\u00famedo ERA Sybarite Camarones para gatos\"},{\"@type\":\"BreadcrumbList\",\"@id\":\"https:\/\/erapetfood.com\/fr\/producto\/alimento-humedo-era-sybarite-para-gatos-de-camarones-zanahoria-y-romero\/#breadcrumb\",\"itemListElement\":[{\"@type\":\"ListItem\",\"position\":1,\"name\":\"Portada\",\"item\":\"https:\/\/erapetfood.com\/\"},{\"@type\":\"ListItem\",\"position\":2,\"name\":\"Produits\",\"item\":\"https:\/\/erapetfood.com\/productos\/\"},{\"@type\":\"ListItem\",\"position\":3,\"name\":\"Aliment humide ERA Sybarite pour chats aux Crevettes, Carottes et Romarin\"}]},{\"@type\":\"WebSite\",\"@id\":\"https:\/\/erapetfood.com\/#website\",\"url\":\"https:\/\/erapetfood.com\/\",\"name\":\"ERA Pet Food\",\"description\":\"\",\"publisher\":{\"@id\":\"https:\/\/erapetfood.com\/#organization\"},\"potentialAction\":[{\"@type\":\"SearchAction\",\"target\":{\"@type\":\"EntryPoint\",\"urlTemplate\":\"https:\/\/erapetfood.com\/?s={search_term_string}\"},\"query-input\":{\"@type\":\"PropertyValueSpecification\",\"valueRequired\":true,\"valueName\":\"search_term_string\"}}],\"inLanguage\":\"fr-FR\"},{\"@type\":\"Organization\",\"@id\":\"https:\/\/erapetfood.com\/#organization\",\"name\":\"Pets Away Store SL\",\"url\":\"https:\/\/erapetfood.com\/\",\"logo\":{\"@type\":\"ImageObject\",\"inLanguage\":\"fr-FR\",\"@id\":\"https:\/\/erapetfood.com\/#\/schema\/logo\/image\/\",\"url\":\"https:\/\/erapetfood.com\/wp-content\/uploads\/ERA_logo.webp\",\"contentUrl\":\"https:\/\/erapetfood.com\/wp-content\/uploads\/ERA_logo.webp\",\"width\":750,\"height\":370,\"caption\":\"Pets Away Store SL\"},\"image\":{\"@id\":\"https:\/\/erapetfood.com\/#\/schema\/logo\/image\/\"},\"sameAs\":[\"https:\/\/www.facebook.com\/Erapetfood\/\",\"https:\/\/x.com\/Erapetfood\",\"https:\/\/www.instagram.com\/erapetfood\/\",\"https:\/\/www.youtube.com\/user\/cypmascota\"]}]}<\/script>\n<!-- \/ Yoast SEO plugin. -->","yoast_head_json":{"title":"Aliment humide ERA Sybarite pour chats aux Crevettes, Carottes et Romarin - ERA Pet Food","robots":{"index":"index","follow":"follow","max-snippet":"max-snippet:-1","max-image-preview":"max-image-preview:large","max-video-preview":"max-video-preview:-1"},"canonical":"https:\/\/erapetfood.com\/fr\/producto\/alimento-humedo-era-sybarite-para-gatos-de-camarones-zanahoria-y-romero\/","og_locale":"fr_FR","og_type":"article","og_title":"Aliment humide ERA Sybarite pour chats aux Crevettes, Carottes et Romarin - ERA Pet Food","og_description":"Aliment humide ERA Sybarite pour chats adultes de toutes races. Avec des Crevettes, des Carottes et du Romarin dans sa recette et 85 % de viande fra\u00eeche comme premier ingr\u00e9dient. Il contient des ingr\u00e9dients naturels, fonctionnels, d\u00e9licieux et assure une excellente hydratation. Recettes sp\u00e9cialement con\u00e7ues pour les chats exigeants.","og_url":"https:\/\/erapetfood.com\/fr\/producto\/alimento-humedo-era-sybarite-para-gatos-de-camarones-zanahoria-y-romero\/","og_site_name":"ERA Pet Food","article_publisher":"https:\/\/www.facebook.com\/Erapetfood\/","article_modified_time":"2025-11-11T18:59:38+00:00","og_image":[{"width":1500,"height":1500,"url":"https:\/\/erapetfood.com\/wp-content\/uploads\/ERA100847_1.jpg","type":"image\/jpeg"}],"twitter_card":"summary_large_image","twitter_site":"@Erapetfood","twitter_misc":{"Dur\u00e9e de lecture estim\u00e9e":"2 minutes"},"schema":{"@context":"https:\/\/schema.org","@graph":[{"@type":"WebPage","@id":"https:\/\/erapetfood.com\/fr\/producto\/alimento-humedo-era-sybarite-para-gatos-de-camarones-zanahoria-y-romero\/","url":"https:\/\/erapetfood.com\/fr\/producto\/alimento-humedo-era-sybarite-para-gatos-de-camarones-zanahoria-y-romero\/","name":"Aliment humide ERA Sybarite pour chats aux Crevettes, Carottes et Romarin - ERA Pet Food","isPartOf":{"@id":"https:\/\/erapetfood.com\/#website"},"primaryImageOfPage":{"@id":"https:\/\/erapetfood.com\/fr\/producto\/alimento-humedo-era-sybarite-para-gatos-de-camarones-zanahoria-y-romero\/#primaryimage"},"image":{"@id":"https:\/\/erapetfood.com\/fr\/producto\/alimento-humedo-era-sybarite-para-gatos-de-camarones-zanahoria-y-romero\/#primaryimage"},"thumbnailUrl":"https:\/\/erapetfood.com\/wp-content\/uploads\/ERA100847_1.webp","datePublished":"2023-08-31T11:34:57+00:00","dateModified":"2025-11-11T18:59:38+00:00","breadcrumb":{"@id":"https:\/\/erapetfood.com\/fr\/producto\/alimento-humedo-era-sybarite-para-gatos-de-camarones-zanahoria-y-romero\/#breadcrumb"},"inLanguage":"fr-FR","potentialAction":[{"@type":"ReadAction","target":["https:\/\/erapetfood.com\/fr\/producto\/alimento-humedo-era-sybarite-para-gatos-de-camarones-zanahoria-y-romero\/"]}]},{"@type":"ImageObject","inLanguage":"fr-FR","@id":"https:\/\/erapetfood.com\/fr\/producto\/alimento-humedo-era-sybarite-para-gatos-de-camarones-zanahoria-y-romero\/#primaryimage","url":"https:\/\/erapetfood.com\/wp-content\/uploads\/ERA100847_1.webp","contentUrl":"https:\/\/erapetfood.com\/wp-content\/uploads\/ERA100847_1.webp","width":1500,"height":1500,"caption":"El alimento h\u00famedo ERA Sybarite Camarones para gatos"},{"@type":"BreadcrumbList","@id":"https:\/\/erapetfood.com\/fr\/producto\/alimento-humedo-era-sybarite-para-gatos-de-camarones-zanahoria-y-romero\/#breadcrumb","itemListElement":[{"@type":"ListItem","position":1,"name":"Portada","item":"https:\/\/erapetfood.com\/"},{"@type":"ListItem","position":2,"name":"Produits","item":"https:\/\/erapetfood.com\/productos\/"},{"@type":"ListItem","position":3,"name":"Aliment humide ERA Sybarite pour chats aux Crevettes, Carottes et Romarin"}]},{"@type":"WebSite","@id":"https:\/\/erapetfood.com\/#website","url":"https:\/\/erapetfood.com\/","name":"ERA Pet Food","description":"","publisher":{"@id":"https:\/\/erapetfood.com\/#organization"},"potentialAction":[{"@type":"SearchAction","target":{"@type":"EntryPoint","urlTemplate":"https:\/\/erapetfood.com\/?s={search_term_string}"},"query-input":{"@type":"PropertyValueSpecification","valueRequired":true,"valueName":"search_term_string"}}],"inLanguage":"fr-FR"},{"@type":"Organization","@id":"https:\/\/erapetfood.com\/#organization","name":"Pets Away Store SL","url":"https:\/\/erapetfood.com\/","logo":{"@type":"ImageObject","inLanguage":"fr-FR","@id":"https:\/\/erapetfood.com\/#\/schema\/logo\/image\/","url":"https:\/\/erapetfood.com\/wp-content\/uploads\/ERA_logo.webp","contentUrl":"https:\/\/erapetfood.com\/wp-content\/uploads\/ERA_logo.webp","width":750,"height":370,"caption":"Pets Away Store SL"},"image":{"@id":"https:\/\/erapetfood.com\/#\/schema\/logo\/image\/"},"sameAs":["https:\/\/www.facebook.com\/Erapetfood\/","https:\/\/x.com\/Erapetfood","https:\/\/www.instagram.com\/erapetfood\/","https:\/\/www.youtube.com\/user\/cypmascota"]}]}},"jetpack_sharing_enabled":true,"_links":{"self":[{"href":"https:\/\/erapetfood.com\/fr\/wp-json\/wp\/v2\/product\/1670","targetHints":{"allow":["GET"]}}],"collection":[{"href":"https:\/\/erapetfood.com\/fr\/wp-json\/wp\/v2\/product"}],"about":[{"href":"https:\/\/erapetfood.com\/fr\/wp-json\/wp\/v2\/types\/product"}],"replies":[{"embeddable":true,"href":"https:\/\/erapetfood.com\/fr\/wp-json\/wp\/v2\/comments?post=1670"}],"wp:featuredmedia":[{"embeddable":true,"href":"https:\/\/erapetfood.com\/fr\/wp-json\/wp\/v2\/media\/3991"}],"wp:attachment":[{"href":"https:\/\/erapetfood.com\/fr\/wp-json\/wp\/v2\/media?parent=1670"}],"wp:term":[{"taxonomy":"product_brand","embeddable":true,"href":"https:\/\/erapetfood.com\/fr\/wp-json\/wp\/v2\/product_brand?post=1670"},{"taxonomy":"product_cat","embeddable":true,"href":"https:\/\/erapetfood.com\/fr\/wp-json\/wp\/v2\/product_cat?post=1670"},{"taxonomy":"product_tag","embeddable":true,"href":"https:\/\/erapetfood.com\/fr\/wp-json\/wp\/v2\/product_tag?post=1670"}],"curies":[{"name":"wp","href":"https:\/\/api.w.org\/{rel}","templated":true}]}}