{"id":1687,"date":"2023-08-31T13:43:32","date_gmt":"2023-08-31T11:43:32","guid":{"rendered":"https:\/\/cunipic.com\/erapetfood\/producto\/aliment-humide-era-sybarite-pour-chiens-au-poulet-et-au-bauf\/"},"modified":"2025-05-11T08:47:47","modified_gmt":"2025-05-11T06:47:47","slug":"alimento-humedo-era-sybarite-para-perros-de-pollo-y-ternera","status":"publish","type":"product","link":"https:\/\/erapetfood.com\/fr\/producto\/alimento-humedo-era-sybarite-para-perros-de-pollo-y-ternera\/","title":{"rendered":"Aliment humide ERA Sybarite pour chiens au Poulet et au B\u0153uf"},"content":{"rendered":"<p>L&#8217;alimentation humide ERA Sybarite au Poulet et au B\u0153uf est un compl\u00e9ment alimentaire id\u00e9al pour les chiens adultes. ERA Sybarite contient une recette exquise avec une texture de p\u00e2t\u00e9 et offre diverses sources de glucides telles que le sarrasin, les pois, la patate douce ou la citrouille, qui fournissent une source \u00e9l\u00e9mentaire d&#8217;\u00e9nergie facilement disponible. Le manque de cet \u00e9l\u00e9ment peut entraver le bon d\u00e9veloppement de la structure musculaire ou du m\u00e9tabolisme. En plus de ces avantages, toutes les recettes d&#8217;ERA Sybarite contiennent des ingr\u00e9dients fonctionnels tels que le thym, le romarin ou l&#8217;huile de saumon, qui ont des propri\u00e9t\u00e9s anti-inflammatoires, antioxydantes, diur\u00e9tiques et fournissent de multiples vitamines et des acides gras essentiels.<\/p>\n<p>De plus, il offre une excellente hydratation gr\u00e2ce \u00e0 sa forte teneur en eau. L\u00b4aliment humide ERA Sybarite peut \u00eatre propos\u00e9e comme aliment principal ou en compl\u00e9ment de leur alimentation habituelle.<\/p>\n","protected":false},"excerpt":{"rendered":"<p>Aliment humide ERA Sybarite pour chiens adultes de toutes races. Avec du Poulet et du B\u0153uf dans sa recette et une exquise texture de p\u00e2t\u00e9. Fournit des ingr\u00e9dients naturels, fonctionnels, d\u00e9licieux et une excellente hydratation. Des recettes sp\u00e9cialement con\u00e7ues pour les chiens exigeants.<\/p>\n","protected":false},"featured_media":4036,"comment_status":"open","ping_status":"closed","template":"","meta":[],"product_brand":[],"product_cat":[76],"product_tag":[89],"class_list":{"0":"post-1687","1":"product","2":"type-product","3":"status-publish","4":"has-post-thumbnail","6":"product_cat-chiens","7":"product_tag-aliment-humide-pour-chiens","8":"sales-flash-overlay","9":"woocommerce-text-align-center","10":"woocommerce-image-align-center","11":"do-quantity-buttons","12":"wc-has-gallery","14":"first","15":"instock","16":"taxable","17":"shipping-taxable","18":"purchasable","19":"product-type-simple"},"yoast_head":"<!-- This site is optimized with the Yoast SEO plugin v27.2 - https:\/\/yoast.com\/product\/yoast-seo-wordpress\/ -->\n<title>Aliment humide ERA Sybarite pour chiens au Poulet et au B\u0153uf - ERA Pet Food<\/title>\n<meta name=\"robots\" content=\"index, follow, max-snippet:-1, max-image-preview:large, max-video-preview:-1\" \/>\n<link rel=\"canonical\" href=\"https:\/\/erapetfood.com\/fr\/producto\/alimento-humedo-era-sybarite-para-perros-de-pollo-y-ternera\/\" \/>\n<meta property=\"og:locale\" content=\"fr_FR\" \/>\n<meta property=\"og:type\" content=\"article\" \/>\n<meta property=\"og:title\" content=\"Aliment humide ERA Sybarite pour chiens au Poulet et au B\u0153uf - ERA Pet Food\" \/>\n<meta property=\"og:description\" content=\"Aliment humide ERA Sybarite pour chiens adultes de toutes races. Avec du Poulet et du B\u0153uf dans sa recette et une exquise texture de p\u00e2t\u00e9. Fournit des ingr\u00e9dients naturels, fonctionnels, d\u00e9licieux et une excellente hydratation. Des recettes sp\u00e9cialement con\u00e7ues pour les chiens exigeants.\" \/>\n<meta property=\"og:url\" content=\"https:\/\/erapetfood.com\/fr\/producto\/alimento-humedo-era-sybarite-para-perros-de-pollo-y-ternera\/\" \/>\n<meta property=\"og:site_name\" content=\"ERA Pet Food\" \/>\n<meta property=\"article:publisher\" content=\"https:\/\/www.facebook.com\/Erapetfood\/\" \/>\n<meta property=\"article:modified_time\" content=\"2025-05-11T06:47:47+00:00\" \/>\n<meta property=\"og:image\" content=\"https:\/\/erapetfood.com\/wp-content\/uploads\/ERA100634_1.jpg\" \/>\n\t<meta property=\"og:image:width\" content=\"1500\" \/>\n\t<meta property=\"og:image:height\" content=\"1500\" \/>\n\t<meta property=\"og:image:type\" content=\"image\/jpeg\" \/>\n<meta name=\"twitter:card\" content=\"summary_large_image\" \/>\n<meta name=\"twitter:site\" content=\"@Erapetfood\" \/>\n<meta name=\"twitter:label1\" content=\"Dur\u00e9e de lecture estim\u00e9e\" \/>\n\t<meta name=\"twitter:data1\" content=\"1 minute\" \/>\n<script type=\"application\/ld+json\" class=\"yoast-schema-graph\">{\"@context\":\"https:\/\/schema.org\",\"@graph\":[{\"@type\":\"WebPage\",\"@id\":\"https:\/\/erapetfood.com\/fr\/producto\/alimento-humedo-era-sybarite-para-perros-de-pollo-y-ternera\/\",\"url\":\"https:\/\/erapetfood.com\/fr\/producto\/alimento-humedo-era-sybarite-para-perros-de-pollo-y-ternera\/\",\"name\":\"Aliment humide ERA Sybarite pour chiens au Poulet et au B\u0153uf - ERA Pet Food\",\"isPartOf\":{\"@id\":\"https:\/\/erapetfood.com\/#website\"},\"primaryImageOfPage\":{\"@id\":\"https:\/\/erapetfood.com\/fr\/producto\/alimento-humedo-era-sybarite-para-perros-de-pollo-y-ternera\/#primaryimage\"},\"image\":{\"@id\":\"https:\/\/erapetfood.com\/fr\/producto\/alimento-humedo-era-sybarite-para-perros-de-pollo-y-ternera\/#primaryimage\"},\"thumbnailUrl\":\"https:\/\/erapetfood.com\/wp-content\/uploads\/ERA100634_1.webp\",\"datePublished\":\"2023-08-31T11:43:32+00:00\",\"dateModified\":\"2025-05-11T06:47:47+00:00\",\"breadcrumb\":{\"@id\":\"https:\/\/erapetfood.com\/fr\/producto\/alimento-humedo-era-sybarite-para-perros-de-pollo-y-ternera\/#breadcrumb\"},\"inLanguage\":\"fr-FR\",\"potentialAction\":[{\"@type\":\"ReadAction\",\"target\":[\"https:\/\/erapetfood.com\/fr\/producto\/alimento-humedo-era-sybarite-para-perros-de-pollo-y-ternera\/\"]}]},{\"@type\":\"ImageObject\",\"inLanguage\":\"fr-FR\",\"@id\":\"https:\/\/erapetfood.com\/fr\/producto\/alimento-humedo-era-sybarite-para-perros-de-pollo-y-ternera\/#primaryimage\",\"url\":\"https:\/\/erapetfood.com\/wp-content\/uploads\/ERA100634_1.webp\",\"contentUrl\":\"https:\/\/erapetfood.com\/wp-content\/uploads\/ERA100634_1.webp\",\"width\":1500,\"height\":1500},{\"@type\":\"BreadcrumbList\",\"@id\":\"https:\/\/erapetfood.com\/fr\/producto\/alimento-humedo-era-sybarite-para-perros-de-pollo-y-ternera\/#breadcrumb\",\"itemListElement\":[{\"@type\":\"ListItem\",\"position\":1,\"name\":\"Portada\",\"item\":\"https:\/\/erapetfood.com\/\"},{\"@type\":\"ListItem\",\"position\":2,\"name\":\"Produits\",\"item\":\"https:\/\/erapetfood.com\/productos\/\"},{\"@type\":\"ListItem\",\"position\":3,\"name\":\"Aliment humide ERA Sybarite pour chiens au Poulet et au B\u0153uf\"}]},{\"@type\":\"WebSite\",\"@id\":\"https:\/\/erapetfood.com\/#website\",\"url\":\"https:\/\/erapetfood.com\/\",\"name\":\"ERA Pet Food\",\"description\":\"\",\"publisher\":{\"@id\":\"https:\/\/erapetfood.com\/#organization\"},\"potentialAction\":[{\"@type\":\"SearchAction\",\"target\":{\"@type\":\"EntryPoint\",\"urlTemplate\":\"https:\/\/erapetfood.com\/?s={search_term_string}\"},\"query-input\":{\"@type\":\"PropertyValueSpecification\",\"valueRequired\":true,\"valueName\":\"search_term_string\"}}],\"inLanguage\":\"fr-FR\"},{\"@type\":\"Organization\",\"@id\":\"https:\/\/erapetfood.com\/#organization\",\"name\":\"Pets Away Store SL\",\"url\":\"https:\/\/erapetfood.com\/\",\"logo\":{\"@type\":\"ImageObject\",\"inLanguage\":\"fr-FR\",\"@id\":\"https:\/\/erapetfood.com\/#\/schema\/logo\/image\/\",\"url\":\"https:\/\/erapetfood.com\/wp-content\/uploads\/ERA_logo.webp\",\"contentUrl\":\"https:\/\/erapetfood.com\/wp-content\/uploads\/ERA_logo.webp\",\"width\":750,\"height\":370,\"caption\":\"Pets Away Store SL\"},\"image\":{\"@id\":\"https:\/\/erapetfood.com\/#\/schema\/logo\/image\/\"},\"sameAs\":[\"https:\/\/www.facebook.com\/Erapetfood\/\",\"https:\/\/x.com\/Erapetfood\",\"https:\/\/www.instagram.com\/erapetfood\/\",\"https:\/\/www.youtube.com\/user\/cypmascota\"]}]}<\/script>\n<!-- \/ Yoast SEO plugin. -->","yoast_head_json":{"title":"Aliment humide ERA Sybarite pour chiens au Poulet et au B\u0153uf - ERA Pet Food","robots":{"index":"index","follow":"follow","max-snippet":"max-snippet:-1","max-image-preview":"max-image-preview:large","max-video-preview":"max-video-preview:-1"},"canonical":"https:\/\/erapetfood.com\/fr\/producto\/alimento-humedo-era-sybarite-para-perros-de-pollo-y-ternera\/","og_locale":"fr_FR","og_type":"article","og_title":"Aliment humide ERA Sybarite pour chiens au Poulet et au B\u0153uf - ERA Pet Food","og_description":"Aliment humide ERA Sybarite pour chiens adultes de toutes races. Avec du Poulet et du B\u0153uf dans sa recette et une exquise texture de p\u00e2t\u00e9. Fournit des ingr\u00e9dients naturels, fonctionnels, d\u00e9licieux et une excellente hydratation. Des recettes sp\u00e9cialement con\u00e7ues pour les chiens exigeants.","og_url":"https:\/\/erapetfood.com\/fr\/producto\/alimento-humedo-era-sybarite-para-perros-de-pollo-y-ternera\/","og_site_name":"ERA Pet Food","article_publisher":"https:\/\/www.facebook.com\/Erapetfood\/","article_modified_time":"2025-05-11T06:47:47+00:00","og_image":[{"width":1500,"height":1500,"url":"https:\/\/erapetfood.com\/wp-content\/uploads\/ERA100634_1.jpg","type":"image\/jpeg"}],"twitter_card":"summary_large_image","twitter_site":"@Erapetfood","twitter_misc":{"Dur\u00e9e de lecture estim\u00e9e":"1 minute"},"schema":{"@context":"https:\/\/schema.org","@graph":[{"@type":"WebPage","@id":"https:\/\/erapetfood.com\/fr\/producto\/alimento-humedo-era-sybarite-para-perros-de-pollo-y-ternera\/","url":"https:\/\/erapetfood.com\/fr\/producto\/alimento-humedo-era-sybarite-para-perros-de-pollo-y-ternera\/","name":"Aliment humide ERA Sybarite pour chiens au Poulet et au B\u0153uf - ERA Pet Food","isPartOf":{"@id":"https:\/\/erapetfood.com\/#website"},"primaryImageOfPage":{"@id":"https:\/\/erapetfood.com\/fr\/producto\/alimento-humedo-era-sybarite-para-perros-de-pollo-y-ternera\/#primaryimage"},"image":{"@id":"https:\/\/erapetfood.com\/fr\/producto\/alimento-humedo-era-sybarite-para-perros-de-pollo-y-ternera\/#primaryimage"},"thumbnailUrl":"https:\/\/erapetfood.com\/wp-content\/uploads\/ERA100634_1.webp","datePublished":"2023-08-31T11:43:32+00:00","dateModified":"2025-05-11T06:47:47+00:00","breadcrumb":{"@id":"https:\/\/erapetfood.com\/fr\/producto\/alimento-humedo-era-sybarite-para-perros-de-pollo-y-ternera\/#breadcrumb"},"inLanguage":"fr-FR","potentialAction":[{"@type":"ReadAction","target":["https:\/\/erapetfood.com\/fr\/producto\/alimento-humedo-era-sybarite-para-perros-de-pollo-y-ternera\/"]}]},{"@type":"ImageObject","inLanguage":"fr-FR","@id":"https:\/\/erapetfood.com\/fr\/producto\/alimento-humedo-era-sybarite-para-perros-de-pollo-y-ternera\/#primaryimage","url":"https:\/\/erapetfood.com\/wp-content\/uploads\/ERA100634_1.webp","contentUrl":"https:\/\/erapetfood.com\/wp-content\/uploads\/ERA100634_1.webp","width":1500,"height":1500},{"@type":"BreadcrumbList","@id":"https:\/\/erapetfood.com\/fr\/producto\/alimento-humedo-era-sybarite-para-perros-de-pollo-y-ternera\/#breadcrumb","itemListElement":[{"@type":"ListItem","position":1,"name":"Portada","item":"https:\/\/erapetfood.com\/"},{"@type":"ListItem","position":2,"name":"Produits","item":"https:\/\/erapetfood.com\/productos\/"},{"@type":"ListItem","position":3,"name":"Aliment humide ERA Sybarite pour chiens au Poulet et au B\u0153uf"}]},{"@type":"WebSite","@id":"https:\/\/erapetfood.com\/#website","url":"https:\/\/erapetfood.com\/","name":"ERA Pet Food","description":"","publisher":{"@id":"https:\/\/erapetfood.com\/#organization"},"potentialAction":[{"@type":"SearchAction","target":{"@type":"EntryPoint","urlTemplate":"https:\/\/erapetfood.com\/?s={search_term_string}"},"query-input":{"@type":"PropertyValueSpecification","valueRequired":true,"valueName":"search_term_string"}}],"inLanguage":"fr-FR"},{"@type":"Organization","@id":"https:\/\/erapetfood.com\/#organization","name":"Pets Away Store SL","url":"https:\/\/erapetfood.com\/","logo":{"@type":"ImageObject","inLanguage":"fr-FR","@id":"https:\/\/erapetfood.com\/#\/schema\/logo\/image\/","url":"https:\/\/erapetfood.com\/wp-content\/uploads\/ERA_logo.webp","contentUrl":"https:\/\/erapetfood.com\/wp-content\/uploads\/ERA_logo.webp","width":750,"height":370,"caption":"Pets Away Store SL"},"image":{"@id":"https:\/\/erapetfood.com\/#\/schema\/logo\/image\/"},"sameAs":["https:\/\/www.facebook.com\/Erapetfood\/","https:\/\/x.com\/Erapetfood","https:\/\/www.instagram.com\/erapetfood\/","https:\/\/www.youtube.com\/user\/cypmascota"]}]}},"jetpack_sharing_enabled":true,"_links":{"self":[{"href":"https:\/\/erapetfood.com\/fr\/wp-json\/wp\/v2\/product\/1687","targetHints":{"allow":["GET"]}}],"collection":[{"href":"https:\/\/erapetfood.com\/fr\/wp-json\/wp\/v2\/product"}],"about":[{"href":"https:\/\/erapetfood.com\/fr\/wp-json\/wp\/v2\/types\/product"}],"replies":[{"embeddable":true,"href":"https:\/\/erapetfood.com\/fr\/wp-json\/wp\/v2\/comments?post=1687"}],"wp:featuredmedia":[{"embeddable":true,"href":"https:\/\/erapetfood.com\/fr\/wp-json\/wp\/v2\/media\/4036"}],"wp:attachment":[{"href":"https:\/\/erapetfood.com\/fr\/wp-json\/wp\/v2\/media?parent=1687"}],"wp:term":[{"taxonomy":"product_brand","embeddable":true,"href":"https:\/\/erapetfood.com\/fr\/wp-json\/wp\/v2\/product_brand?post=1687"},{"taxonomy":"product_cat","embeddable":true,"href":"https:\/\/erapetfood.com\/fr\/wp-json\/wp\/v2\/product_cat?post=1687"},{"taxonomy":"product_tag","embeddable":true,"href":"https:\/\/erapetfood.com\/fr\/wp-json\/wp\/v2\/product_tag?post=1687"}],"curies":[{"name":"wp","href":"https:\/\/api.w.org\/{rel}","templated":true}]}}