{"id":1694,"date":"2023-08-31T13:51:44","date_gmt":"2023-08-31T11:51:44","guid":{"rendered":"https:\/\/cunipic.com\/erapetfood\/producto\/alimentation-sans-caraales-era-pour-chats-adultes-sensibles-au-saumon-et-a-la-dinde\/"},"modified":"2026-04-11T19:33:43","modified_gmt":"2026-04-11T17:33:43","slug":"pienso-era-sin-cereales-para-gatos-adultos-sensible-de-salmon-y-pavo","status":"publish","type":"product","link":"https:\/\/erapetfood.com\/fr\/producto\/pienso-era-sin-cereales-para-gatos-adultos-sensible-de-salmon-y-pavo\/","title":{"rendered":"Alimentation Sans C\u00e9r\u00e9ales ERA pour Chats adultes sensibles au Saumon et la Dinde"},"content":{"rendered":"<p>L&#8217;alimentation pour chats ERA au Saumon et \u00e0 la Dinde est un aliment complet pour les chats st\u00e9rilis\u00e9s de toutes les races, \u00e9labor\u00e9 sans c\u00e9r\u00e9ales, ce qui le rend id\u00e9al pour ceux qui sont intol\u00e9rants ou allergiques \u00e0 certains ingr\u00e9dients. Ce produit est pr\u00e9par\u00e9 avec des ingr\u00e9dients soigneusement s\u00e9lectionn\u00e9s et des ingr\u00e9dients fonctionnels, notamment des probiotiques inactiv\u00e9s, des antioxydants naturels, du zinc et des vitamines. Tous ces \u00e9l\u00e9ments contribuent \u00e0 renforcer le syst\u00e8me immunitaire. L&#8217;aliment pour chats ERA sans c\u00e9r\u00e9ales au saumon et \u00e0 la dinde contient des ingr\u00e9dients fonctionnels tels que la taurine, des plantes et des fruits rouges riches en bioflavono\u00efdes, b\u00e9n\u00e9fiques pour la protection cardiovasculaire. Il comprend \u00e9galement de la lignocellulose, une fibre soluble qui am\u00e9liore la digestibilit\u00e9 et contribue \u00e0 contr\u00f4ler la formation de boules de poils. De plus, la pr\u00e9sence de l&#8217;algue &#8220;Ascophyllum nodosum&#8221;, riche en phlorotannins et en acide alginique, prot\u00e9ge l&#8217;hygi\u00e9ne dentaire de votre chat. Il s&#8217;agit d&#8217;une alimentation sans c\u00e9r\u00e9ales, ce qui est id\u00e9al pour les chats allergiques ou intol\u00e9rants et qui facilite la digestion pour ceux ayant une sensibilit\u00e9 gastrique.<\/p>\n","protected":false},"excerpt":{"rendered":"<p>Aliment pour chats adultes au Saumon et \u00e0 la Dinde. Sa recette sans c\u00e9r\u00e9ales est id\u00e9ale pour les chats intol\u00e9rants ou allergiques \u00e0 certains ingr\u00e9dients. ERA contient des ingr\u00e9dients fonctionnels, une teneur \u00e9lev\u00e9e en prot\u00e9ines de haute qualit\u00e9 et des vitamines, ainsi que des probiotiques et des pr\u00e9biotiques. Tout cela fait de cette alimentation pour chats un r\u00e9gime complet et \u00e9quilibr\u00e9 qui offrira \u00e0 votre chat une bonne condition physique, \u00e0 la fois int\u00e9rieure et ext\u00e9rieure.<\/p>\n","protected":false},"featured_media":4049,"comment_status":"open","ping_status":"closed","template":"","meta":[],"product_brand":[],"product_cat":[80,268],"product_tag":[247],"class_list":{"0":"post-1694","1":"product","2":"type-product","3":"status-publish","4":"has-post-thumbnail","6":"product_cat-chats","7":"product_cat-chats-adultes","8":"product_tag-aliment-pour-chats","9":"sales-flash-overlay","10":"woocommerce-text-align-center","11":"woocommerce-image-align-center","12":"do-quantity-buttons","13":"wc-has-gallery","15":"first","16":"instock","17":"taxable","18":"shipping-taxable","19":"purchasable","20":"product-type-variable","21":"has-default-attributes"},"yoast_head":"<!-- This site is optimized with the Yoast SEO plugin v27.5 - https:\/\/yoast.com\/product\/yoast-seo-wordpress\/ -->\n<title>Alimentation Sans C\u00e9r\u00e9ales ERA pour Chats adultes sensibles au Saumon et la Dinde - ERA Pet Food<\/title>\n<meta name=\"robots\" content=\"index, follow, max-snippet:-1, max-image-preview:large, max-video-preview:-1\" \/>\n<link rel=\"canonical\" href=\"https:\/\/erapetfood.com\/fr\/producto\/pienso-era-sin-cereales-para-gatos-adultos-sensible-de-salmon-y-pavo\/\" \/>\n<meta property=\"og:locale\" content=\"fr_FR\" \/>\n<meta property=\"og:type\" content=\"article\" \/>\n<meta property=\"og:title\" content=\"Alimentation Sans C\u00e9r\u00e9ales ERA pour Chats adultes sensibles au Saumon et la Dinde - ERA Pet Food\" \/>\n<meta property=\"og:description\" content=\"Aliment pour chats adultes au Saumon et \u00e0 la Dinde. Sa recette sans c\u00e9r\u00e9ales est id\u00e9ale pour les chats intol\u00e9rants ou allergiques \u00e0 certains ingr\u00e9dients. ERA contient des ingr\u00e9dients fonctionnels, une teneur \u00e9lev\u00e9e en prot\u00e9ines de haute qualit\u00e9 et des vitamines, ainsi que des probiotiques et des pr\u00e9biotiques. Tout cela fait de cette alimentation pour chats un r\u00e9gime complet et \u00e9quilibr\u00e9 qui offrira \u00e0 votre chat une bonne condition physique, \u00e0 la fois int\u00e9rieure et ext\u00e9rieure.\" \/>\n<meta property=\"og:url\" content=\"https:\/\/erapetfood.com\/fr\/producto\/pienso-era-sin-cereales-para-gatos-adultos-sensible-de-salmon-y-pavo\/\" \/>\n<meta property=\"og:site_name\" content=\"ERA Pet Food\" \/>\n<meta property=\"article:publisher\" content=\"https:\/\/www.facebook.com\/Erapetfood\/\" \/>\n<meta property=\"article:modified_time\" content=\"2026-04-11T17:33:43+00:00\" \/>\n<meta property=\"og:image\" content=\"https:\/\/erapetfood.com\/wp-content\/uploads\/ERA172234_1.webp\" \/>\n\t<meta property=\"og:image:width\" content=\"1500\" \/>\n\t<meta property=\"og:image:height\" content=\"1500\" \/>\n\t<meta property=\"og:image:type\" content=\"image\/jpeg\" \/>\n<meta name=\"twitter:card\" content=\"summary_large_image\" \/>\n<meta name=\"twitter:site\" content=\"@Erapetfood\" \/>\n<meta name=\"twitter:label1\" content=\"Dur\u00e9e de lecture estim\u00e9e\" \/>\n\t<meta name=\"twitter:data1\" content=\"2 minutes\" \/>\n<script type=\"application\/ld+json\" class=\"yoast-schema-graph\">{\"@context\":\"https:\\\/\\\/schema.org\",\"@graph\":[{\"@type\":\"WebPage\",\"@id\":\"https:\\\/\\\/erapetfood.com\\\/fr\\\/producto\\\/pienso-era-sin-cereales-para-gatos-adultos-sensible-de-salmon-y-pavo\\\/\",\"url\":\"https:\\\/\\\/erapetfood.com\\\/fr\\\/producto\\\/pienso-era-sin-cereales-para-gatos-adultos-sensible-de-salmon-y-pavo\\\/\",\"name\":\"Alimentation Sans C\u00e9r\u00e9ales ERA pour Chats adultes sensibles au Saumon et la Dinde - ERA Pet Food\",\"isPartOf\":{\"@id\":\"https:\\\/\\\/erapetfood.com\\\/#website\"},\"primaryImageOfPage\":{\"@id\":\"https:\\\/\\\/erapetfood.com\\\/fr\\\/producto\\\/pienso-era-sin-cereales-para-gatos-adultos-sensible-de-salmon-y-pavo\\\/#primaryimage\"},\"image\":{\"@id\":\"https:\\\/\\\/erapetfood.com\\\/fr\\\/producto\\\/pienso-era-sin-cereales-para-gatos-adultos-sensible-de-salmon-y-pavo\\\/#primaryimage\"},\"thumbnailUrl\":\"https:\\\/\\\/erapetfood.com\\\/wp-content\\\/uploads\\\/ERA172234_1.webp\",\"datePublished\":\"2023-08-31T11:51:44+00:00\",\"dateModified\":\"2026-04-11T17:33:43+00:00\",\"breadcrumb\":{\"@id\":\"https:\\\/\\\/erapetfood.com\\\/fr\\\/producto\\\/pienso-era-sin-cereales-para-gatos-adultos-sensible-de-salmon-y-pavo\\\/#breadcrumb\"},\"inLanguage\":\"fr-FR\",\"potentialAction\":[{\"@type\":\"ReadAction\",\"target\":[\"https:\\\/\\\/erapetfood.com\\\/fr\\\/producto\\\/pienso-era-sin-cereales-para-gatos-adultos-sensible-de-salmon-y-pavo\\\/\"]}]},{\"@type\":\"ImageObject\",\"inLanguage\":\"fr-FR\",\"@id\":\"https:\\\/\\\/erapetfood.com\\\/fr\\\/producto\\\/pienso-era-sin-cereales-para-gatos-adultos-sensible-de-salmon-y-pavo\\\/#primaryimage\",\"url\":\"https:\\\/\\\/erapetfood.com\\\/wp-content\\\/uploads\\\/ERA172234_1.webp\",\"contentUrl\":\"https:\\\/\\\/erapetfood.com\\\/wp-content\\\/uploads\\\/ERA172234_1.webp\",\"width\":1500,\"height\":1500},{\"@type\":\"BreadcrumbList\",\"@id\":\"https:\\\/\\\/erapetfood.com\\\/fr\\\/producto\\\/pienso-era-sin-cereales-para-gatos-adultos-sensible-de-salmon-y-pavo\\\/#breadcrumb\",\"itemListElement\":[{\"@type\":\"ListItem\",\"position\":1,\"name\":\"Portada\",\"item\":\"https:\\\/\\\/erapetfood.com\\\/\"},{\"@type\":\"ListItem\",\"position\":2,\"name\":\"Produits\",\"item\":\"https:\\\/\\\/erapetfood.com\\\/productos\\\/\"},{\"@type\":\"ListItem\",\"position\":3,\"name\":\"Alimentation Sans C\u00e9r\u00e9ales ERA pour Chats adultes sensibles au Saumon et la Dinde\"}]},{\"@type\":\"WebSite\",\"@id\":\"https:\\\/\\\/erapetfood.com\\\/#website\",\"url\":\"https:\\\/\\\/erapetfood.com\\\/\",\"name\":\"ERA Pet Food\",\"description\":\"\",\"publisher\":{\"@id\":\"https:\\\/\\\/erapetfood.com\\\/#organization\"},\"potentialAction\":[{\"@type\":\"SearchAction\",\"target\":{\"@type\":\"EntryPoint\",\"urlTemplate\":\"https:\\\/\\\/erapetfood.com\\\/?s={search_term_string}\"},\"query-input\":{\"@type\":\"PropertyValueSpecification\",\"valueRequired\":true,\"valueName\":\"search_term_string\"}}],\"inLanguage\":\"fr-FR\"},{\"@type\":\"Organization\",\"@id\":\"https:\\\/\\\/erapetfood.com\\\/#organization\",\"name\":\"Pets Away Store SL\",\"url\":\"https:\\\/\\\/erapetfood.com\\\/\",\"logo\":{\"@type\":\"ImageObject\",\"inLanguage\":\"fr-FR\",\"@id\":\"https:\\\/\\\/erapetfood.com\\\/#\\\/schema\\\/logo\\\/image\\\/\",\"url\":\"https:\\\/\\\/erapetfood.com\\\/wp-content\\\/uploads\\\/ERA_logo.webp\",\"contentUrl\":\"https:\\\/\\\/erapetfood.com\\\/wp-content\\\/uploads\\\/ERA_logo.webp\",\"width\":750,\"height\":370,\"caption\":\"Pets Away Store SL\"},\"image\":{\"@id\":\"https:\\\/\\\/erapetfood.com\\\/#\\\/schema\\\/logo\\\/image\\\/\"},\"sameAs\":[\"https:\\\/\\\/www.facebook.com\\\/Erapetfood\\\/\",\"https:\\\/\\\/x.com\\\/Erapetfood\",\"https:\\\/\\\/www.instagram.com\\\/erapetfood\\\/\",\"https:\\\/\\\/www.youtube.com\\\/user\\\/cypmascota\"]}]}<\/script>\n<!-- \/ Yoast SEO plugin. -->","yoast_head_json":{"title":"Alimentation Sans C\u00e9r\u00e9ales ERA pour Chats adultes sensibles au Saumon et la Dinde - ERA Pet Food","robots":{"index":"index","follow":"follow","max-snippet":"max-snippet:-1","max-image-preview":"max-image-preview:large","max-video-preview":"max-video-preview:-1"},"canonical":"https:\/\/erapetfood.com\/fr\/producto\/pienso-era-sin-cereales-para-gatos-adultos-sensible-de-salmon-y-pavo\/","og_locale":"fr_FR","og_type":"article","og_title":"Alimentation Sans C\u00e9r\u00e9ales ERA pour Chats adultes sensibles au Saumon et la Dinde - ERA Pet Food","og_description":"Aliment pour chats adultes au Saumon et \u00e0 la Dinde. Sa recette sans c\u00e9r\u00e9ales est id\u00e9ale pour les chats intol\u00e9rants ou allergiques \u00e0 certains ingr\u00e9dients. ERA contient des ingr\u00e9dients fonctionnels, une teneur \u00e9lev\u00e9e en prot\u00e9ines de haute qualit\u00e9 et des vitamines, ainsi que des probiotiques et des pr\u00e9biotiques. Tout cela fait de cette alimentation pour chats un r\u00e9gime complet et \u00e9quilibr\u00e9 qui offrira \u00e0 votre chat une bonne condition physique, \u00e0 la fois int\u00e9rieure et ext\u00e9rieure.","og_url":"https:\/\/erapetfood.com\/fr\/producto\/pienso-era-sin-cereales-para-gatos-adultos-sensible-de-salmon-y-pavo\/","og_site_name":"ERA Pet Food","article_publisher":"https:\/\/www.facebook.com\/Erapetfood\/","article_modified_time":"2026-04-11T17:33:43+00:00","og_image":[{"width":1500,"height":1500,"url":"https:\/\/erapetfood.com\/wp-content\/uploads\/ERA172234_1.webp","type":"image\/jpeg"}],"twitter_card":"summary_large_image","twitter_site":"@Erapetfood","twitter_misc":{"Dur\u00e9e de lecture estim\u00e9e":"2 minutes"},"schema":{"@context":"https:\/\/schema.org","@graph":[{"@type":"WebPage","@id":"https:\/\/erapetfood.com\/fr\/producto\/pienso-era-sin-cereales-para-gatos-adultos-sensible-de-salmon-y-pavo\/","url":"https:\/\/erapetfood.com\/fr\/producto\/pienso-era-sin-cereales-para-gatos-adultos-sensible-de-salmon-y-pavo\/","name":"Alimentation Sans C\u00e9r\u00e9ales ERA pour Chats adultes sensibles au Saumon et la Dinde - ERA Pet Food","isPartOf":{"@id":"https:\/\/erapetfood.com\/#website"},"primaryImageOfPage":{"@id":"https:\/\/erapetfood.com\/fr\/producto\/pienso-era-sin-cereales-para-gatos-adultos-sensible-de-salmon-y-pavo\/#primaryimage"},"image":{"@id":"https:\/\/erapetfood.com\/fr\/producto\/pienso-era-sin-cereales-para-gatos-adultos-sensible-de-salmon-y-pavo\/#primaryimage"},"thumbnailUrl":"https:\/\/erapetfood.com\/wp-content\/uploads\/ERA172234_1.webp","datePublished":"2023-08-31T11:51:44+00:00","dateModified":"2026-04-11T17:33:43+00:00","breadcrumb":{"@id":"https:\/\/erapetfood.com\/fr\/producto\/pienso-era-sin-cereales-para-gatos-adultos-sensible-de-salmon-y-pavo\/#breadcrumb"},"inLanguage":"fr-FR","potentialAction":[{"@type":"ReadAction","target":["https:\/\/erapetfood.com\/fr\/producto\/pienso-era-sin-cereales-para-gatos-adultos-sensible-de-salmon-y-pavo\/"]}]},{"@type":"ImageObject","inLanguage":"fr-FR","@id":"https:\/\/erapetfood.com\/fr\/producto\/pienso-era-sin-cereales-para-gatos-adultos-sensible-de-salmon-y-pavo\/#primaryimage","url":"https:\/\/erapetfood.com\/wp-content\/uploads\/ERA172234_1.webp","contentUrl":"https:\/\/erapetfood.com\/wp-content\/uploads\/ERA172234_1.webp","width":1500,"height":1500},{"@type":"BreadcrumbList","@id":"https:\/\/erapetfood.com\/fr\/producto\/pienso-era-sin-cereales-para-gatos-adultos-sensible-de-salmon-y-pavo\/#breadcrumb","itemListElement":[{"@type":"ListItem","position":1,"name":"Portada","item":"https:\/\/erapetfood.com\/"},{"@type":"ListItem","position":2,"name":"Produits","item":"https:\/\/erapetfood.com\/productos\/"},{"@type":"ListItem","position":3,"name":"Alimentation Sans C\u00e9r\u00e9ales ERA pour Chats adultes sensibles au Saumon et la Dinde"}]},{"@type":"WebSite","@id":"https:\/\/erapetfood.com\/#website","url":"https:\/\/erapetfood.com\/","name":"ERA Pet Food","description":"","publisher":{"@id":"https:\/\/erapetfood.com\/#organization"},"potentialAction":[{"@type":"SearchAction","target":{"@type":"EntryPoint","urlTemplate":"https:\/\/erapetfood.com\/?s={search_term_string}"},"query-input":{"@type":"PropertyValueSpecification","valueRequired":true,"valueName":"search_term_string"}}],"inLanguage":"fr-FR"},{"@type":"Organization","@id":"https:\/\/erapetfood.com\/#organization","name":"Pets Away Store SL","url":"https:\/\/erapetfood.com\/","logo":{"@type":"ImageObject","inLanguage":"fr-FR","@id":"https:\/\/erapetfood.com\/#\/schema\/logo\/image\/","url":"https:\/\/erapetfood.com\/wp-content\/uploads\/ERA_logo.webp","contentUrl":"https:\/\/erapetfood.com\/wp-content\/uploads\/ERA_logo.webp","width":750,"height":370,"caption":"Pets Away Store SL"},"image":{"@id":"https:\/\/erapetfood.com\/#\/schema\/logo\/image\/"},"sameAs":["https:\/\/www.facebook.com\/Erapetfood\/","https:\/\/x.com\/Erapetfood","https:\/\/www.instagram.com\/erapetfood\/","https:\/\/www.youtube.com\/user\/cypmascota"]}]}},"jetpack_sharing_enabled":true,"_links":{"self":[{"href":"https:\/\/erapetfood.com\/fr\/wp-json\/wp\/v2\/product\/1694","targetHints":{"allow":["GET"]}}],"collection":[{"href":"https:\/\/erapetfood.com\/fr\/wp-json\/wp\/v2\/product"}],"about":[{"href":"https:\/\/erapetfood.com\/fr\/wp-json\/wp\/v2\/types\/product"}],"replies":[{"embeddable":true,"href":"https:\/\/erapetfood.com\/fr\/wp-json\/wp\/v2\/comments?post=1694"}],"wp:featuredmedia":[{"embeddable":true,"href":"https:\/\/erapetfood.com\/fr\/wp-json\/wp\/v2\/media\/4049"}],"wp:attachment":[{"href":"https:\/\/erapetfood.com\/fr\/wp-json\/wp\/v2\/media?parent=1694"}],"wp:term":[{"taxonomy":"product_brand","embeddable":true,"href":"https:\/\/erapetfood.com\/fr\/wp-json\/wp\/v2\/product_brand?post=1694"},{"taxonomy":"product_cat","embeddable":true,"href":"https:\/\/erapetfood.com\/fr\/wp-json\/wp\/v2\/product_cat?post=1694"},{"taxonomy":"product_tag","embeddable":true,"href":"https:\/\/erapetfood.com\/fr\/wp-json\/wp\/v2\/product_tag?post=1694"}],"curies":[{"name":"wp","href":"https:\/\/api.w.org\/{rel}","templated":true}]}}