{"id":1892,"date":"2023-08-31T14:01:36","date_gmt":"2023-08-31T12:01:36","guid":{"rendered":"https:\/\/cunipic.com\/erapetfood\/producto\/aliment-pour-chatons-era-sans-caraales-au-poulet-et-a-la-dinde\/"},"modified":"2026-03-27T13:05:29","modified_gmt":"2026-03-27T12:05:29","slug":"pienso-era-sin-cereales-para-gatitos-de-pollo-y-pavo","status":"publish","type":"product","link":"https:\/\/erapetfood.com\/fr\/producto\/pienso-era-sin-cereales-para-gatitos-de-pollo-y-pavo\/","title":{"rendered":"Aliment pour Chatons ERA Sans C\u00e9r\u00e9ales au Poulet et la Dinde"},"content":{"rendered":"<p>La alimentation pour chatons ERA au Poulet et \u00e0 la Dinde sans c\u00e9r\u00e9ales est un aliment complet pour chatons (recommand\u00e9 depuis le sevrage jusqu&#8217;\u00e0 6 mois) de toutes les races, formul\u00e9 sans c\u00e9r\u00e9ales, ce qui en fait une option id\u00e9ale pour les chatons intol\u00e9rants ou allergiques \u00e0 certains ingr\u00e9dients.<\/p>\n<p>Ce produit est pr\u00e9par\u00e9 avec des ingr\u00e9dients soigneusement s\u00e9lectionn\u00e9s, des ingr\u00e9dients fonctionnels, une teneur \u00e9lev\u00e9e en prot\u00e9ines de haute qualit\u00e9, des vitamines et des min\u00e9raux contribuant \u00e0 une croissance optimale ainsi qu&#8217;au d\u00e9veloppement musculaire et osseux.<\/p>\n<p>La nourriture pour chatons sans c\u00e9r\u00e9ales au Poulet et \u00e0 la Dinde d&#8217;ERA contient des ingr\u00e9dients fonctionnels tels que l&#8217;huile de saumon, riche en acides gras Omega-3 DHA, ainsi qu&#8217;une teneur \u00e9lev\u00e9e en taurine, contribuant \u00e0 un d\u00e9veloppement sain du cerveau, de la vision et des fonctions cognitives. De plus, elle contient des pr\u00e9biotiques tels que l&#8217;inuline de racine de chicore (FOS) et la levure (MOS), en plus de probiotiques. Tous ces composants contribuent \u00e0 maintenir la sant\u00e9 intestinale de votre chaton.<\/p>\n<p>Par ailleurs, la pr\u00e9sence de l&#8217;algue &#8220;Ascophyllum nodosum&#8221;, riche en phlorotannins et en acide alginique, prot\u00e9ge l&#8217;hygi\u00e9ne dentaire de votre chaton.<\/p>\n<p>Il s&#8217;agit d&#8217;une alimentation sans c\u00e9r\u00e9ales, ce qui est id\u00e9al pour les chats allergiques ou intol\u00e9rants et qui facilite la digestion pour ceux ayant une sensibilit\u00e9 gastrique.<\/p>\n","protected":false},"excerpt":{"rendered":"<p>Aliment pour chatons au poulet et \u00e0 la dinde. Sa recette sans c\u00e9r\u00e9ales est id\u00e9ale pour les chats intol\u00e9rants ou allergiques \u00e0 certains ingr\u00e9dients. ERA contient des ingr\u00e9dients fonctionnels, une teneur \u00e9lev\u00e9e en prot\u00e9ines de haute qualit\u00e9 et des vitamines, ainsi que des probiotiques et des pr\u00e9biotiques. Tout cela fait de cette alimentation pour chats un r\u00e9gime complet et \u00e9quilibr\u00e9 qui offrira \u00e0 votre chat une bonne condition physique, \u00e0 la fois int\u00e9rieure et ext\u00e9rieure.<\/p>\n","protected":false},"featured_media":4079,"comment_status":"open","ping_status":"closed","template":"","meta":[],"product_brand":[],"product_cat":[80],"product_tag":[247],"class_list":{"0":"post-1892","1":"product","2":"type-product","3":"status-publish","4":"has-post-thumbnail","6":"product_cat-chats","7":"product_tag-aliment-pour-chats","8":"sales-flash-overlay","9":"woocommerce-text-align-center","10":"woocommerce-image-align-center","11":"do-quantity-buttons","12":"wc-has-gallery","14":"first","15":"instock","16":"taxable","17":"shipping-taxable","18":"purchasable","19":"product-type-variable","20":"has-default-attributes"},"yoast_head":"<!-- This site is optimized with the Yoast SEO plugin v27.5 - https:\/\/yoast.com\/product\/yoast-seo-wordpress\/ -->\n<title>Aliment pour Chatons ERA Sans C\u00e9r\u00e9ales au Poulet et la Dinde - ERA Pet Food<\/title>\n<meta name=\"robots\" content=\"index, follow, max-snippet:-1, max-image-preview:large, max-video-preview:-1\" \/>\n<link rel=\"canonical\" href=\"https:\/\/erapetfood.com\/fr\/producto\/pienso-era-sin-cereales-para-gatitos-de-pollo-y-pavo\/\" \/>\n<meta property=\"og:locale\" content=\"fr_FR\" \/>\n<meta property=\"og:type\" content=\"article\" \/>\n<meta property=\"og:title\" content=\"Aliment pour Chatons ERA Sans C\u00e9r\u00e9ales au Poulet et la Dinde - ERA Pet Food\" \/>\n<meta property=\"og:description\" content=\"Aliment pour chatons au poulet et \u00e0 la dinde. Sa recette sans c\u00e9r\u00e9ales est id\u00e9ale pour les chats intol\u00e9rants ou allergiques \u00e0 certains ingr\u00e9dients. ERA contient des ingr\u00e9dients fonctionnels, une teneur \u00e9lev\u00e9e en prot\u00e9ines de haute qualit\u00e9 et des vitamines, ainsi que des probiotiques et des pr\u00e9biotiques. Tout cela fait de cette alimentation pour chats un r\u00e9gime complet et \u00e9quilibr\u00e9 qui offrira \u00e0 votre chat une bonne condition physique, \u00e0 la fois int\u00e9rieure et ext\u00e9rieure.\" \/>\n<meta property=\"og:url\" content=\"https:\/\/erapetfood.com\/fr\/producto\/pienso-era-sin-cereales-para-gatitos-de-pollo-y-pavo\/\" \/>\n<meta property=\"og:site_name\" content=\"ERA Pet Food\" \/>\n<meta property=\"article:publisher\" content=\"https:\/\/www.facebook.com\/Erapetfood\/\" \/>\n<meta property=\"article:modified_time\" content=\"2026-03-27T12:05:29+00:00\" \/>\n<meta property=\"og:image\" content=\"https:\/\/erapetfood.com\/wp-content\/uploads\/ERA172233_1.webp\" \/>\n\t<meta property=\"og:image:width\" content=\"1500\" \/>\n\t<meta property=\"og:image:height\" content=\"1500\" \/>\n\t<meta property=\"og:image:type\" content=\"image\/jpeg\" \/>\n<meta name=\"twitter:card\" content=\"summary_large_image\" \/>\n<meta name=\"twitter:site\" content=\"@Erapetfood\" \/>\n<meta name=\"twitter:label1\" content=\"Dur\u00e9e de lecture estim\u00e9e\" \/>\n\t<meta name=\"twitter:data1\" content=\"2 minutes\" \/>\n<script type=\"application\/ld+json\" class=\"yoast-schema-graph\">{\"@context\":\"https:\\\/\\\/schema.org\",\"@graph\":[{\"@type\":\"WebPage\",\"@id\":\"https:\\\/\\\/erapetfood.com\\\/fr\\\/producto\\\/pienso-era-sin-cereales-para-gatitos-de-pollo-y-pavo\\\/\",\"url\":\"https:\\\/\\\/erapetfood.com\\\/fr\\\/producto\\\/pienso-era-sin-cereales-para-gatitos-de-pollo-y-pavo\\\/\",\"name\":\"Aliment pour Chatons ERA Sans C\u00e9r\u00e9ales au Poulet et la Dinde - ERA Pet Food\",\"isPartOf\":{\"@id\":\"https:\\\/\\\/erapetfood.com\\\/#website\"},\"primaryImageOfPage\":{\"@id\":\"https:\\\/\\\/erapetfood.com\\\/fr\\\/producto\\\/pienso-era-sin-cereales-para-gatitos-de-pollo-y-pavo\\\/#primaryimage\"},\"image\":{\"@id\":\"https:\\\/\\\/erapetfood.com\\\/fr\\\/producto\\\/pienso-era-sin-cereales-para-gatitos-de-pollo-y-pavo\\\/#primaryimage\"},\"thumbnailUrl\":\"https:\\\/\\\/erapetfood.com\\\/wp-content\\\/uploads\\\/ERA172233_1.webp\",\"datePublished\":\"2023-08-31T12:01:36+00:00\",\"dateModified\":\"2026-03-27T12:05:29+00:00\",\"breadcrumb\":{\"@id\":\"https:\\\/\\\/erapetfood.com\\\/fr\\\/producto\\\/pienso-era-sin-cereales-para-gatitos-de-pollo-y-pavo\\\/#breadcrumb\"},\"inLanguage\":\"fr-FR\",\"potentialAction\":[{\"@type\":\"ReadAction\",\"target\":[\"https:\\\/\\\/erapetfood.com\\\/fr\\\/producto\\\/pienso-era-sin-cereales-para-gatitos-de-pollo-y-pavo\\\/\"]}]},{\"@type\":\"ImageObject\",\"inLanguage\":\"fr-FR\",\"@id\":\"https:\\\/\\\/erapetfood.com\\\/fr\\\/producto\\\/pienso-era-sin-cereales-para-gatitos-de-pollo-y-pavo\\\/#primaryimage\",\"url\":\"https:\\\/\\\/erapetfood.com\\\/wp-content\\\/uploads\\\/ERA172233_1.webp\",\"contentUrl\":\"https:\\\/\\\/erapetfood.com\\\/wp-content\\\/uploads\\\/ERA172233_1.webp\",\"width\":1500,\"height\":1500},{\"@type\":\"BreadcrumbList\",\"@id\":\"https:\\\/\\\/erapetfood.com\\\/fr\\\/producto\\\/pienso-era-sin-cereales-para-gatitos-de-pollo-y-pavo\\\/#breadcrumb\",\"itemListElement\":[{\"@type\":\"ListItem\",\"position\":1,\"name\":\"Portada\",\"item\":\"https:\\\/\\\/erapetfood.com\\\/\"},{\"@type\":\"ListItem\",\"position\":2,\"name\":\"Produits\",\"item\":\"https:\\\/\\\/erapetfood.com\\\/productos\\\/\"},{\"@type\":\"ListItem\",\"position\":3,\"name\":\"Aliment pour Chatons ERA Sans C\u00e9r\u00e9ales au Poulet et la Dinde\"}]},{\"@type\":\"WebSite\",\"@id\":\"https:\\\/\\\/erapetfood.com\\\/#website\",\"url\":\"https:\\\/\\\/erapetfood.com\\\/\",\"name\":\"ERA Pet Food\",\"description\":\"\",\"publisher\":{\"@id\":\"https:\\\/\\\/erapetfood.com\\\/#organization\"},\"potentialAction\":[{\"@type\":\"SearchAction\",\"target\":{\"@type\":\"EntryPoint\",\"urlTemplate\":\"https:\\\/\\\/erapetfood.com\\\/?s={search_term_string}\"},\"query-input\":{\"@type\":\"PropertyValueSpecification\",\"valueRequired\":true,\"valueName\":\"search_term_string\"}}],\"inLanguage\":\"fr-FR\"},{\"@type\":\"Organization\",\"@id\":\"https:\\\/\\\/erapetfood.com\\\/#organization\",\"name\":\"Pets Away Store SL\",\"url\":\"https:\\\/\\\/erapetfood.com\\\/\",\"logo\":{\"@type\":\"ImageObject\",\"inLanguage\":\"fr-FR\",\"@id\":\"https:\\\/\\\/erapetfood.com\\\/#\\\/schema\\\/logo\\\/image\\\/\",\"url\":\"https:\\\/\\\/erapetfood.com\\\/wp-content\\\/uploads\\\/ERA_logo.webp\",\"contentUrl\":\"https:\\\/\\\/erapetfood.com\\\/wp-content\\\/uploads\\\/ERA_logo.webp\",\"width\":750,\"height\":370,\"caption\":\"Pets Away Store SL\"},\"image\":{\"@id\":\"https:\\\/\\\/erapetfood.com\\\/#\\\/schema\\\/logo\\\/image\\\/\"},\"sameAs\":[\"https:\\\/\\\/www.facebook.com\\\/Erapetfood\\\/\",\"https:\\\/\\\/x.com\\\/Erapetfood\",\"https:\\\/\\\/www.instagram.com\\\/erapetfood\\\/\",\"https:\\\/\\\/www.youtube.com\\\/user\\\/cypmascota\"]}]}<\/script>\n<!-- \/ Yoast SEO plugin. -->","yoast_head_json":{"title":"Aliment pour Chatons ERA Sans C\u00e9r\u00e9ales au Poulet et la Dinde - ERA Pet Food","robots":{"index":"index","follow":"follow","max-snippet":"max-snippet:-1","max-image-preview":"max-image-preview:large","max-video-preview":"max-video-preview:-1"},"canonical":"https:\/\/erapetfood.com\/fr\/producto\/pienso-era-sin-cereales-para-gatitos-de-pollo-y-pavo\/","og_locale":"fr_FR","og_type":"article","og_title":"Aliment pour Chatons ERA Sans C\u00e9r\u00e9ales au Poulet et la Dinde - ERA Pet Food","og_description":"Aliment pour chatons au poulet et \u00e0 la dinde. Sa recette sans c\u00e9r\u00e9ales est id\u00e9ale pour les chats intol\u00e9rants ou allergiques \u00e0 certains ingr\u00e9dients. ERA contient des ingr\u00e9dients fonctionnels, une teneur \u00e9lev\u00e9e en prot\u00e9ines de haute qualit\u00e9 et des vitamines, ainsi que des probiotiques et des pr\u00e9biotiques. Tout cela fait de cette alimentation pour chats un r\u00e9gime complet et \u00e9quilibr\u00e9 qui offrira \u00e0 votre chat une bonne condition physique, \u00e0 la fois int\u00e9rieure et ext\u00e9rieure.","og_url":"https:\/\/erapetfood.com\/fr\/producto\/pienso-era-sin-cereales-para-gatitos-de-pollo-y-pavo\/","og_site_name":"ERA Pet Food","article_publisher":"https:\/\/www.facebook.com\/Erapetfood\/","article_modified_time":"2026-03-27T12:05:29+00:00","og_image":[{"width":1500,"height":1500,"url":"https:\/\/erapetfood.com\/wp-content\/uploads\/ERA172233_1.webp","type":"image\/jpeg"}],"twitter_card":"summary_large_image","twitter_site":"@Erapetfood","twitter_misc":{"Dur\u00e9e de lecture estim\u00e9e":"2 minutes"},"schema":{"@context":"https:\/\/schema.org","@graph":[{"@type":"WebPage","@id":"https:\/\/erapetfood.com\/fr\/producto\/pienso-era-sin-cereales-para-gatitos-de-pollo-y-pavo\/","url":"https:\/\/erapetfood.com\/fr\/producto\/pienso-era-sin-cereales-para-gatitos-de-pollo-y-pavo\/","name":"Aliment pour Chatons ERA Sans C\u00e9r\u00e9ales au Poulet et la Dinde - ERA Pet Food","isPartOf":{"@id":"https:\/\/erapetfood.com\/#website"},"primaryImageOfPage":{"@id":"https:\/\/erapetfood.com\/fr\/producto\/pienso-era-sin-cereales-para-gatitos-de-pollo-y-pavo\/#primaryimage"},"image":{"@id":"https:\/\/erapetfood.com\/fr\/producto\/pienso-era-sin-cereales-para-gatitos-de-pollo-y-pavo\/#primaryimage"},"thumbnailUrl":"https:\/\/erapetfood.com\/wp-content\/uploads\/ERA172233_1.webp","datePublished":"2023-08-31T12:01:36+00:00","dateModified":"2026-03-27T12:05:29+00:00","breadcrumb":{"@id":"https:\/\/erapetfood.com\/fr\/producto\/pienso-era-sin-cereales-para-gatitos-de-pollo-y-pavo\/#breadcrumb"},"inLanguage":"fr-FR","potentialAction":[{"@type":"ReadAction","target":["https:\/\/erapetfood.com\/fr\/producto\/pienso-era-sin-cereales-para-gatitos-de-pollo-y-pavo\/"]}]},{"@type":"ImageObject","inLanguage":"fr-FR","@id":"https:\/\/erapetfood.com\/fr\/producto\/pienso-era-sin-cereales-para-gatitos-de-pollo-y-pavo\/#primaryimage","url":"https:\/\/erapetfood.com\/wp-content\/uploads\/ERA172233_1.webp","contentUrl":"https:\/\/erapetfood.com\/wp-content\/uploads\/ERA172233_1.webp","width":1500,"height":1500},{"@type":"BreadcrumbList","@id":"https:\/\/erapetfood.com\/fr\/producto\/pienso-era-sin-cereales-para-gatitos-de-pollo-y-pavo\/#breadcrumb","itemListElement":[{"@type":"ListItem","position":1,"name":"Portada","item":"https:\/\/erapetfood.com\/"},{"@type":"ListItem","position":2,"name":"Produits","item":"https:\/\/erapetfood.com\/productos\/"},{"@type":"ListItem","position":3,"name":"Aliment pour Chatons ERA Sans C\u00e9r\u00e9ales au Poulet et la Dinde"}]},{"@type":"WebSite","@id":"https:\/\/erapetfood.com\/#website","url":"https:\/\/erapetfood.com\/","name":"ERA Pet Food","description":"","publisher":{"@id":"https:\/\/erapetfood.com\/#organization"},"potentialAction":[{"@type":"SearchAction","target":{"@type":"EntryPoint","urlTemplate":"https:\/\/erapetfood.com\/?s={search_term_string}"},"query-input":{"@type":"PropertyValueSpecification","valueRequired":true,"valueName":"search_term_string"}}],"inLanguage":"fr-FR"},{"@type":"Organization","@id":"https:\/\/erapetfood.com\/#organization","name":"Pets Away Store SL","url":"https:\/\/erapetfood.com\/","logo":{"@type":"ImageObject","inLanguage":"fr-FR","@id":"https:\/\/erapetfood.com\/#\/schema\/logo\/image\/","url":"https:\/\/erapetfood.com\/wp-content\/uploads\/ERA_logo.webp","contentUrl":"https:\/\/erapetfood.com\/wp-content\/uploads\/ERA_logo.webp","width":750,"height":370,"caption":"Pets Away Store SL"},"image":{"@id":"https:\/\/erapetfood.com\/#\/schema\/logo\/image\/"},"sameAs":["https:\/\/www.facebook.com\/Erapetfood\/","https:\/\/x.com\/Erapetfood","https:\/\/www.instagram.com\/erapetfood\/","https:\/\/www.youtube.com\/user\/cypmascota"]}]}},"jetpack_sharing_enabled":true,"_links":{"self":[{"href":"https:\/\/erapetfood.com\/fr\/wp-json\/wp\/v2\/product\/1892","targetHints":{"allow":["GET"]}}],"collection":[{"href":"https:\/\/erapetfood.com\/fr\/wp-json\/wp\/v2\/product"}],"about":[{"href":"https:\/\/erapetfood.com\/fr\/wp-json\/wp\/v2\/types\/product"}],"replies":[{"embeddable":true,"href":"https:\/\/erapetfood.com\/fr\/wp-json\/wp\/v2\/comments?post=1892"}],"wp:featuredmedia":[{"embeddable":true,"href":"https:\/\/erapetfood.com\/fr\/wp-json\/wp\/v2\/media\/4079"}],"wp:attachment":[{"href":"https:\/\/erapetfood.com\/fr\/wp-json\/wp\/v2\/media?parent=1892"}],"wp:term":[{"taxonomy":"product_brand","embeddable":true,"href":"https:\/\/erapetfood.com\/fr\/wp-json\/wp\/v2\/product_brand?post=1892"},{"taxonomy":"product_cat","embeddable":true,"href":"https:\/\/erapetfood.com\/fr\/wp-json\/wp\/v2\/product_cat?post=1892"},{"taxonomy":"product_tag","embeddable":true,"href":"https:\/\/erapetfood.com\/fr\/wp-json\/wp\/v2\/product_tag?post=1892"}],"curies":[{"name":"wp","href":"https:\/\/api.w.org\/{rel}","templated":true}]}}