{"id":1910,"date":"2026-03-06T10:38:52","date_gmt":"2026-03-06T09:38:52","guid":{"rendered":"https:\/\/cunipic.com\/erapetfood\/producto\/era-grain-free-au-saumon-et-au-cerf-pour-chiens-adultes-de-taille-moyenne-et-grande\/"},"modified":"2026-03-31T21:32:30","modified_gmt":"2026-03-31T19:32:30","slug":"era-grain-free-de-salmon-y-venado-para-perros-adultos-de-raza-medianas-y-grandes","status":"publish","type":"product","link":"https:\/\/erapetfood.com\/fr\/producto\/era-grain-free-de-salmon-y-venado-para-perros-adultos-de-raza-medianas-y-grandes\/","title":{"rendered":"ERA Grain Free au Saumon et au Cerf pour chiens adultes de taille moyenne et grande"},"content":{"rendered":"<p>ERA Centurion au saumon et au cerf est une alimentation compl\u00e8te et \u00e9quilibr\u00e9e pour les chiens adultes de races moyennes et grandes (&gt;10 kg). Sa formule exclusive conf\u00e8re \u00e0 la recette une teneur \u00e9lev\u00e9e en prot\u00e9ines et un m\u00e9lange soigneusement s\u00e9lectionn\u00e9 d&#8217;ingr\u00e9dients fonctionnels qui aideront votre chien \u00e0 atteindre une croissance optimale et en bonne sant\u00e9. ERA Centurion au saumon et au cerf pour chiens adultes de races moyennes et grandes contient 60 % d&#8217;ingr\u00e9dients d&#8217;origine animale, avec du saumon frais comme ingr\u00e9dient principal et une proportion \u00e9lev\u00e9e de cerf d\u00e9shydrat\u00e9, ce qui lui conf\u00e8re une excellente digestibilit\u00e9 et un go\u00fbt exceptionnel. Le produit est sans c\u00e9r\u00e9ales, ce qui le rend id\u00e9al pour les chiens souffrant d&#8217;allergies ou d&#8217;intol\u00e9rances et pour faciliter la digestion des chiens ayant un estomac sensible. Les recettes ERA Centurion Grain Free incluent du foie hydrolys\u00e9 et un liquide naturel app\u00e9tissant pour offrir un excellent go\u00fbt.<\/p>\n<p>En plus de la patate douce, qui contient des niveaux \u00e9lev\u00e9s d&#8217;antioxydants et de vitamines ainsi qu&#8217;un faible indice glyc\u00e9mique, et des pois. Tout est dos\u00e9 de mani\u00e8re \u00e9quilibr\u00e9e pour cr\u00e9er une recette \u00e9quilibr\u00e9e, saine et savoureuse. Avec les recettes de la gamme ERA Centurion, vous r\u00e9pondrez \u00e0 100 % aux besoins nutritionnels de votre chien, en b\u00e9n\u00e9ficiant non seulement de sa sant\u00e9, mais aussi en le r\u00e9galant avec des saveurs intenses et d\u00e9licieuses. Les fortes teneurs en viande fra\u00eeche et l&#8217;ajout d&#8217;huile de saumon contribuent \u00e0 une plus grande app\u00e9tence. Les recettes de la gamme ERA ne contiennent pas d&#8217;ar\u00f4mes artificiels.<\/p>\n<p>La gamme ERA Centurion au saumon et au cerf est si exclusive car elle utilise des ingr\u00e9dients de haute qualit\u00e9, produits dans un seul processus thermique, et une s\u00e9lection d&#8217;ingr\u00e9dients fonctionnels appel\u00e9s OptiImmuno+ qui ont d\u00e9montr\u00e9 apporter des bienfaits pour la sant\u00e9, favorisant le bon fonctionnement du corps et encourageant un mode de vie plus sain, ce qui favorise la sant\u00e9 de votre chien.<\/p>\n","protected":false},"excerpt":{"rendered":"<p>Alimentation pour chiens sans c\u00e9r\u00e9ales pour chiens adultes de races moyennes et grandes. Avec du saumon et du cerf, de la viande fra\u00eeche comme premier ingr\u00e9dient et de la patate douce. Nutrition \u00e9quilibr\u00e9e de haute qualit\u00e9. Comprend des fruits, des l\u00e9gumes, des vitamines et un go\u00fbt exceptionnel.<\/p>\n","protected":false},"featured_media":4115,"comment_status":"open","ping_status":"closed","template":"","meta":[],"product_brand":[],"product_cat":[76,104],"product_tag":[248],"class_list":{"0":"post-1910","1":"product","2":"type-product","3":"status-publish","4":"has-post-thumbnail","6":"product_cat-chiens","7":"product_cat-sans-cereales","8":"product_tag-aliment-pour-chiens","9":"sales-flash-overlay","10":"woocommerce-text-align-center","11":"woocommerce-image-align-center","12":"do-quantity-buttons","13":"wc-has-gallery","15":"first","16":"instock","17":"taxable","18":"shipping-taxable","19":"purchasable","20":"product-type-variable","21":"has-default-attributes"},"yoast_head":"<!-- This site is optimized with the Yoast SEO plugin v27.5 - https:\/\/yoast.com\/product\/yoast-seo-wordpress\/ -->\n<title>ERA Grain Free au Saumon et au Cerf pour chiens adultes de taille moyenne et grande - ERA Pet Food<\/title>\n<meta name=\"robots\" content=\"index, follow, max-snippet:-1, max-image-preview:large, max-video-preview:-1\" \/>\n<link rel=\"canonical\" href=\"https:\/\/erapetfood.com\/producto\/era-grain-free-de-salmon-y-venado-para-perros-adultos-de-raza-medianas-y-grandes\/\" \/>\n<meta property=\"og:locale\" content=\"fr_FR\" \/>\n<meta property=\"og:type\" content=\"article\" \/>\n<meta property=\"og:title\" content=\"ERA Grain Free au Saumon et au Cerf pour chiens adultes de taille moyenne et grande - ERA Pet Food\" \/>\n<meta property=\"og:description\" content=\"Alimentation pour chiens sans c\u00e9r\u00e9ales pour chiens adultes de races moyennes et grandes. Avec du saumon et du cerf, de la viande fra\u00eeche comme premier ingr\u00e9dient et de la patate douce. Nutrition \u00e9quilibr\u00e9e de haute qualit\u00e9. Comprend des fruits, des l\u00e9gumes, des vitamines et un go\u00fbt exceptionnel.\" \/>\n<meta property=\"og:url\" content=\"https:\/\/erapetfood.com\/producto\/era-grain-free-de-salmon-y-venado-para-perros-adultos-de-raza-medianas-y-grandes\/\" \/>\n<meta property=\"og:site_name\" content=\"ERA Pet Food\" \/>\n<meta property=\"article:publisher\" content=\"https:\/\/www.facebook.com\/Erapetfood\/\" \/>\n<meta property=\"article:modified_time\" content=\"2026-03-31T19:32:30+00:00\" \/>\n<meta property=\"og:image\" content=\"https:\/\/erapetfood.com\/wp-content\/uploads\/ERA171401_1.webp\" \/>\n\t<meta property=\"og:image:width\" content=\"1500\" \/>\n\t<meta property=\"og:image:height\" content=\"1500\" \/>\n\t<meta property=\"og:image:type\" content=\"image\/jpeg\" \/>\n<meta name=\"twitter:card\" content=\"summary_large_image\" \/>\n<meta name=\"twitter:site\" content=\"@Erapetfood\" \/>\n<meta name=\"twitter:label1\" content=\"Dur\u00e9e de lecture estim\u00e9e\" \/>\n\t<meta name=\"twitter:data1\" content=\"2 minutes\" \/>\n<script type=\"application\/ld+json\" class=\"yoast-schema-graph\">{\"@context\":\"https:\\\/\\\/schema.org\",\"@graph\":[{\"@type\":\"WebPage\",\"@id\":\"https:\\\/\\\/erapetfood.com\\\/producto\\\/era-grain-free-de-salmon-y-venado-para-perros-adultos-de-raza-medianas-y-grandes\\\/\",\"url\":\"https:\\\/\\\/erapetfood.com\\\/producto\\\/era-grain-free-de-salmon-y-venado-para-perros-adultos-de-raza-medianas-y-grandes\\\/\",\"name\":\"ERA Grain Free au Saumon et au Cerf pour chiens adultes de taille moyenne et grande - ERA Pet Food\",\"isPartOf\":{\"@id\":\"https:\\\/\\\/erapetfood.com\\\/#website\"},\"primaryImageOfPage\":{\"@id\":\"https:\\\/\\\/erapetfood.com\\\/producto\\\/era-grain-free-de-salmon-y-venado-para-perros-adultos-de-raza-medianas-y-grandes\\\/#primaryimage\"},\"image\":{\"@id\":\"https:\\\/\\\/erapetfood.com\\\/producto\\\/era-grain-free-de-salmon-y-venado-para-perros-adultos-de-raza-medianas-y-grandes\\\/#primaryimage\"},\"thumbnailUrl\":\"https:\\\/\\\/erapetfood.com\\\/wp-content\\\/uploads\\\/ERA171401_1.webp\",\"datePublished\":\"2026-03-06T09:38:52+00:00\",\"dateModified\":\"2026-03-31T19:32:30+00:00\",\"breadcrumb\":{\"@id\":\"https:\\\/\\\/erapetfood.com\\\/producto\\\/era-grain-free-de-salmon-y-venado-para-perros-adultos-de-raza-medianas-y-grandes\\\/#breadcrumb\"},\"inLanguage\":\"fr-FR\",\"potentialAction\":[{\"@type\":\"ReadAction\",\"target\":[\"https:\\\/\\\/erapetfood.com\\\/producto\\\/era-grain-free-de-salmon-y-venado-para-perros-adultos-de-raza-medianas-y-grandes\\\/\"]}]},{\"@type\":\"ImageObject\",\"inLanguage\":\"fr-FR\",\"@id\":\"https:\\\/\\\/erapetfood.com\\\/producto\\\/era-grain-free-de-salmon-y-venado-para-perros-adultos-de-raza-medianas-y-grandes\\\/#primaryimage\",\"url\":\"https:\\\/\\\/erapetfood.com\\\/wp-content\\\/uploads\\\/ERA171401_1.webp\",\"contentUrl\":\"https:\\\/\\\/erapetfood.com\\\/wp-content\\\/uploads\\\/ERA171401_1.webp\",\"width\":1500,\"height\":1500},{\"@type\":\"BreadcrumbList\",\"@id\":\"https:\\\/\\\/erapetfood.com\\\/producto\\\/era-grain-free-de-salmon-y-venado-para-perros-adultos-de-raza-medianas-y-grandes\\\/#breadcrumb\",\"itemListElement\":[{\"@type\":\"ListItem\",\"position\":1,\"name\":\"Portada\",\"item\":\"https:\\\/\\\/erapetfood.com\\\/\"},{\"@type\":\"ListItem\",\"position\":2,\"name\":\"Produits\",\"item\":\"https:\\\/\\\/erapetfood.com\\\/productos\\\/\"},{\"@type\":\"ListItem\",\"position\":3,\"name\":\"ERA Grain Free au Saumon et au Cerf pour chiens adultes de taille moyenne et grande\"}]},{\"@type\":\"WebSite\",\"@id\":\"https:\\\/\\\/erapetfood.com\\\/#website\",\"url\":\"https:\\\/\\\/erapetfood.com\\\/\",\"name\":\"ERA Pet Food\",\"description\":\"\",\"publisher\":{\"@id\":\"https:\\\/\\\/erapetfood.com\\\/#organization\"},\"potentialAction\":[{\"@type\":\"SearchAction\",\"target\":{\"@type\":\"EntryPoint\",\"urlTemplate\":\"https:\\\/\\\/erapetfood.com\\\/?s={search_term_string}\"},\"query-input\":{\"@type\":\"PropertyValueSpecification\",\"valueRequired\":true,\"valueName\":\"search_term_string\"}}],\"inLanguage\":\"fr-FR\"},{\"@type\":\"Organization\",\"@id\":\"https:\\\/\\\/erapetfood.com\\\/#organization\",\"name\":\"Pets Away Store SL\",\"url\":\"https:\\\/\\\/erapetfood.com\\\/\",\"logo\":{\"@type\":\"ImageObject\",\"inLanguage\":\"fr-FR\",\"@id\":\"https:\\\/\\\/erapetfood.com\\\/#\\\/schema\\\/logo\\\/image\\\/\",\"url\":\"https:\\\/\\\/erapetfood.com\\\/wp-content\\\/uploads\\\/ERA_logo.webp\",\"contentUrl\":\"https:\\\/\\\/erapetfood.com\\\/wp-content\\\/uploads\\\/ERA_logo.webp\",\"width\":750,\"height\":370,\"caption\":\"Pets Away Store SL\"},\"image\":{\"@id\":\"https:\\\/\\\/erapetfood.com\\\/#\\\/schema\\\/logo\\\/image\\\/\"},\"sameAs\":[\"https:\\\/\\\/www.facebook.com\\\/Erapetfood\\\/\",\"https:\\\/\\\/x.com\\\/Erapetfood\",\"https:\\\/\\\/www.instagram.com\\\/erapetfood\\\/\",\"https:\\\/\\\/www.youtube.com\\\/user\\\/cypmascota\"]}]}<\/script>\n<!-- \/ Yoast SEO plugin. -->","yoast_head_json":{"title":"ERA Grain Free au Saumon et au Cerf pour chiens adultes de taille moyenne et grande - ERA Pet Food","robots":{"index":"index","follow":"follow","max-snippet":"max-snippet:-1","max-image-preview":"max-image-preview:large","max-video-preview":"max-video-preview:-1"},"canonical":"https:\/\/erapetfood.com\/producto\/era-grain-free-de-salmon-y-venado-para-perros-adultos-de-raza-medianas-y-grandes\/","og_locale":"fr_FR","og_type":"article","og_title":"ERA Grain Free au Saumon et au Cerf pour chiens adultes de taille moyenne et grande - ERA Pet Food","og_description":"Alimentation pour chiens sans c\u00e9r\u00e9ales pour chiens adultes de races moyennes et grandes. Avec du saumon et du cerf, de la viande fra\u00eeche comme premier ingr\u00e9dient et de la patate douce. Nutrition \u00e9quilibr\u00e9e de haute qualit\u00e9. Comprend des fruits, des l\u00e9gumes, des vitamines et un go\u00fbt exceptionnel.","og_url":"https:\/\/erapetfood.com\/producto\/era-grain-free-de-salmon-y-venado-para-perros-adultos-de-raza-medianas-y-grandes\/","og_site_name":"ERA Pet Food","article_publisher":"https:\/\/www.facebook.com\/Erapetfood\/","article_modified_time":"2026-03-31T19:32:30+00:00","og_image":[{"width":1500,"height":1500,"url":"https:\/\/erapetfood.com\/wp-content\/uploads\/ERA171401_1.webp","type":"image\/jpeg"}],"twitter_card":"summary_large_image","twitter_site":"@Erapetfood","twitter_misc":{"Dur\u00e9e de lecture estim\u00e9e":"2 minutes"},"schema":{"@context":"https:\/\/schema.org","@graph":[{"@type":"WebPage","@id":"https:\/\/erapetfood.com\/producto\/era-grain-free-de-salmon-y-venado-para-perros-adultos-de-raza-medianas-y-grandes\/","url":"https:\/\/erapetfood.com\/producto\/era-grain-free-de-salmon-y-venado-para-perros-adultos-de-raza-medianas-y-grandes\/","name":"ERA Grain Free au Saumon et au Cerf pour chiens adultes de taille moyenne et grande - ERA Pet Food","isPartOf":{"@id":"https:\/\/erapetfood.com\/#website"},"primaryImageOfPage":{"@id":"https:\/\/erapetfood.com\/producto\/era-grain-free-de-salmon-y-venado-para-perros-adultos-de-raza-medianas-y-grandes\/#primaryimage"},"image":{"@id":"https:\/\/erapetfood.com\/producto\/era-grain-free-de-salmon-y-venado-para-perros-adultos-de-raza-medianas-y-grandes\/#primaryimage"},"thumbnailUrl":"https:\/\/erapetfood.com\/wp-content\/uploads\/ERA171401_1.webp","datePublished":"2026-03-06T09:38:52+00:00","dateModified":"2026-03-31T19:32:30+00:00","breadcrumb":{"@id":"https:\/\/erapetfood.com\/producto\/era-grain-free-de-salmon-y-venado-para-perros-adultos-de-raza-medianas-y-grandes\/#breadcrumb"},"inLanguage":"fr-FR","potentialAction":[{"@type":"ReadAction","target":["https:\/\/erapetfood.com\/producto\/era-grain-free-de-salmon-y-venado-para-perros-adultos-de-raza-medianas-y-grandes\/"]}]},{"@type":"ImageObject","inLanguage":"fr-FR","@id":"https:\/\/erapetfood.com\/producto\/era-grain-free-de-salmon-y-venado-para-perros-adultos-de-raza-medianas-y-grandes\/#primaryimage","url":"https:\/\/erapetfood.com\/wp-content\/uploads\/ERA171401_1.webp","contentUrl":"https:\/\/erapetfood.com\/wp-content\/uploads\/ERA171401_1.webp","width":1500,"height":1500},{"@type":"BreadcrumbList","@id":"https:\/\/erapetfood.com\/producto\/era-grain-free-de-salmon-y-venado-para-perros-adultos-de-raza-medianas-y-grandes\/#breadcrumb","itemListElement":[{"@type":"ListItem","position":1,"name":"Portada","item":"https:\/\/erapetfood.com\/"},{"@type":"ListItem","position":2,"name":"Produits","item":"https:\/\/erapetfood.com\/productos\/"},{"@type":"ListItem","position":3,"name":"ERA Grain Free au Saumon et au Cerf pour chiens adultes de taille moyenne et grande"}]},{"@type":"WebSite","@id":"https:\/\/erapetfood.com\/#website","url":"https:\/\/erapetfood.com\/","name":"ERA Pet Food","description":"","publisher":{"@id":"https:\/\/erapetfood.com\/#organization"},"potentialAction":[{"@type":"SearchAction","target":{"@type":"EntryPoint","urlTemplate":"https:\/\/erapetfood.com\/?s={search_term_string}"},"query-input":{"@type":"PropertyValueSpecification","valueRequired":true,"valueName":"search_term_string"}}],"inLanguage":"fr-FR"},{"@type":"Organization","@id":"https:\/\/erapetfood.com\/#organization","name":"Pets Away Store SL","url":"https:\/\/erapetfood.com\/","logo":{"@type":"ImageObject","inLanguage":"fr-FR","@id":"https:\/\/erapetfood.com\/#\/schema\/logo\/image\/","url":"https:\/\/erapetfood.com\/wp-content\/uploads\/ERA_logo.webp","contentUrl":"https:\/\/erapetfood.com\/wp-content\/uploads\/ERA_logo.webp","width":750,"height":370,"caption":"Pets Away Store SL"},"image":{"@id":"https:\/\/erapetfood.com\/#\/schema\/logo\/image\/"},"sameAs":["https:\/\/www.facebook.com\/Erapetfood\/","https:\/\/x.com\/Erapetfood","https:\/\/www.instagram.com\/erapetfood\/","https:\/\/www.youtube.com\/user\/cypmascota"]}]}},"jetpack_sharing_enabled":true,"_links":{"self":[{"href":"https:\/\/erapetfood.com\/fr\/wp-json\/wp\/v2\/product\/1910","targetHints":{"allow":["GET"]}}],"collection":[{"href":"https:\/\/erapetfood.com\/fr\/wp-json\/wp\/v2\/product"}],"about":[{"href":"https:\/\/erapetfood.com\/fr\/wp-json\/wp\/v2\/types\/product"}],"replies":[{"embeddable":true,"href":"https:\/\/erapetfood.com\/fr\/wp-json\/wp\/v2\/comments?post=1910"}],"wp:featuredmedia":[{"embeddable":true,"href":"https:\/\/erapetfood.com\/fr\/wp-json\/wp\/v2\/media\/4115"}],"wp:attachment":[{"href":"https:\/\/erapetfood.com\/fr\/wp-json\/wp\/v2\/media?parent=1910"}],"wp:term":[{"taxonomy":"product_brand","embeddable":true,"href":"https:\/\/erapetfood.com\/fr\/wp-json\/wp\/v2\/product_brand?post=1910"},{"taxonomy":"product_cat","embeddable":true,"href":"https:\/\/erapetfood.com\/fr\/wp-json\/wp\/v2\/product_cat?post=1910"},{"taxonomy":"product_tag","embeddable":true,"href":"https:\/\/erapetfood.com\/fr\/wp-json\/wp\/v2\/product_tag?post=1910"}],"curies":[{"name":"wp","href":"https:\/\/api.w.org\/{rel}","templated":true}]}}