{"id":1917,"date":"2023-08-31T15:09:36","date_gmt":"2023-08-31T13:09:36","guid":{"rendered":"https:\/\/cunipic.com\/erapetfood\/producto\/era-millennium-saumon-et-hareng-pour-chiens-adultes-de-races-moyennes-et-grandes\/"},"modified":"2025-03-07T10:45:05","modified_gmt":"2025-03-07T09:45:05","slug":"era-millennium-salmon-y-arenque-perros-adultos-grandes","status":"publish","type":"product","link":"https:\/\/erapetfood.com\/fr\/producto\/era-millennium-salmon-y-arenque-perros-adultos-grandes\/","title":{"rendered":"ERA Millennium Saumon et Hareng pour chiens adultes de races moyennes et grandes"},"content":{"rendered":"<p>ERA Millennium au Saumon et au Hareng est une alimentation compl\u00e8te et \u00e9quilibr\u00e9e pour les chiens adultes de taille moyenne et grande (&gt;10 kg). Sa formule exclusive apporte \u00e0 la recette une teneur \u00e9lev\u00e9e en prot\u00e9ines et un m\u00e9lange soigneusement s\u00e9lectionn\u00e9 d&#8217;ingr\u00e9dients fonctionnels qui contribueront \u00e0 une croissance optimale et \u00e0 une bonne sant\u00e9 de votre chien. ERA Millennium au Saumon et au Hareng pour chiens adultes de taille moyenne et grande contient 60 % d&#8217;ingr\u00e9dients d&#8217;origine animale et du saumon frais comme ingr\u00e9dient principal, ce qui lui conf\u00e8re une excellente digestibilit\u00e9 et un go\u00fbt exceptionnel. Le produit contient \u00e9galement du riz complet et de la patate douce, fournissant de l&#8217;\u00e9nergie \u00e0 faible indice glyc\u00e9mique, ainsi que des sources naturelles d&#8217;om\u00e9ga-3 et d&#8217;om\u00e9ga-6, qui contribuent \u00e0 maintenir une bonne sant\u00e9 mentale, une peau saine et un pelage brillant. De plus, il contient des fruits et l\u00e9gumes s\u00e9lectionn\u00e9s, riches en antioxydants naturels (polyph\u00e9nols et carot\u00e9no\u00efdes).<\/p>\n<p>De m\u00eame, les probiotiques et les pr\u00e9biotiques pr\u00e9sents dans les recettes contribuent \u00e0 maintenir une bonne sant\u00e9 intestinale et renforcent le syst\u00e8me immunitaire. Avec les recettes de la gamme ERA Millennium, vous couvrez \u00e0 100 % les besoins nutritionnels de votre chien, ce qui b\u00e9n\u00e9ficie non seulement \u00e0 sa sant\u00e9, mais lui procure \u00e9galement un plaisir gustatif gr\u00e2ce \u00e0 ses saveurs intenses et d\u00e9licieuses. Les fortes teneurs en viande fra\u00eeche et l&#8217;ajout d&#8217;huile de saumon contribuent \u00e0 une plus grande app\u00e9tence. Les recettes de la gamme ERA ne contiennent pas d&#8217;ar\u00f4mes artificiels.<\/p>\n<p>La gamme ERA Millennium est si exclusive car elle utilise des ingr\u00e9dients de haute qualit\u00e9, produits dans un seul processus thermique, et une s\u00e9lection d&#8217;ingr\u00e9dients fonctionnels appel\u00e9s OptiImmuno+ qui ont d\u00e9montr\u00e9 apporter des bienfaits pour la sant\u00e9, en favorisant un bon fonctionnement de l&#8217;organisme et un mode de vie plus sain, ce qui favorise la sant\u00e9 de votre chien.<\/p>\n","protected":false},"excerpt":{"rendered":"<p>Croquette pour chiens adultes de races moyennes et grandes. \u00c0 base de saumon et de hareng, avec de la viande fra\u00eeche comme premier ingr\u00e9dient et du riz complet. Nutrition \u00e9quilibr\u00e9e de haute qualit\u00e9. Avec des fruits, des l\u00e9gumes, des vitamines et une saveur exceptionnelle.<\/p>\n","protected":false},"featured_media":4128,"comment_status":"open","ping_status":"closed","template":"","meta":[],"product_brand":[],"product_cat":[113,272,76],"product_tag":[248],"class_list":{"0":"post-1917","1":"product","2":"type-product","3":"status-publish","4":"has-post-thumbnail","6":"product_cat-adultes-races-moyennes-et-grandes","7":"product_cat-aliment-pour-chiens","8":"product_cat-chiens","9":"product_tag-aliment-pour-chiens","10":"sales-flash-overlay","11":"woocommerce-text-align-center","12":"woocommerce-image-align-center","13":"do-quantity-buttons","14":"wc-has-gallery","16":"first","17":"instock","18":"taxable","19":"shipping-taxable","20":"purchasable","21":"product-type-variable","22":"has-default-attributes"},"yoast_head":"<!-- This site is optimized with the Yoast SEO plugin v27.5 - https:\/\/yoast.com\/product\/yoast-seo-wordpress\/ -->\n<title>ERA Millennium Saumon et Hareng pour chiens adultes de races moyennes et grandes - ERA Pet Food<\/title>\n<meta name=\"robots\" content=\"index, follow, max-snippet:-1, max-image-preview:large, max-video-preview:-1\" \/>\n<link rel=\"canonical\" href=\"https:\/\/erapetfood.com\/producto\/era-millennium-salmon-y-arenque-perros-adultos-grandes\/\" \/>\n<meta property=\"og:locale\" content=\"fr_FR\" \/>\n<meta property=\"og:type\" content=\"article\" \/>\n<meta property=\"og:title\" content=\"ERA Millennium Saumon et Hareng pour chiens adultes de races moyennes et grandes - ERA Pet Food\" \/>\n<meta property=\"og:description\" content=\"Croquette pour chiens adultes de races moyennes et grandes. \u00c0 base de saumon et de hareng, avec de la viande fra\u00eeche comme premier ingr\u00e9dient et du riz complet. Nutrition \u00e9quilibr\u00e9e de haute qualit\u00e9. Avec des fruits, des l\u00e9gumes, des vitamines et une saveur exceptionnelle.\" \/>\n<meta property=\"og:url\" content=\"https:\/\/erapetfood.com\/producto\/era-millennium-salmon-y-arenque-perros-adultos-grandes\/\" \/>\n<meta property=\"og:site_name\" content=\"ERA Pet Food\" \/>\n<meta property=\"article:publisher\" content=\"https:\/\/www.facebook.com\/Erapetfood\/\" \/>\n<meta property=\"article:modified_time\" content=\"2025-03-07T09:45:05+00:00\" \/>\n<meta property=\"og:image\" content=\"https:\/\/erapetfood.com\/wp-content\/uploads\/ERA170917_1.webp\" \/>\n\t<meta property=\"og:image:width\" content=\"1500\" \/>\n\t<meta property=\"og:image:height\" content=\"1500\" \/>\n\t<meta property=\"og:image:type\" content=\"image\/jpeg\" \/>\n<meta name=\"twitter:card\" content=\"summary_large_image\" \/>\n<meta name=\"twitter:site\" content=\"@Erapetfood\" \/>\n<meta name=\"twitter:label1\" content=\"Dur\u00e9e de lecture estim\u00e9e\" \/>\n\t<meta name=\"twitter:data1\" content=\"2 minutes\" \/>\n<script type=\"application\/ld+json\" class=\"yoast-schema-graph\">{\"@context\":\"https:\\\/\\\/schema.org\",\"@graph\":[{\"@type\":\"WebPage\",\"@id\":\"https:\\\/\\\/erapetfood.com\\\/producto\\\/era-millennium-salmon-y-arenque-perros-adultos-grandes\\\/\",\"url\":\"https:\\\/\\\/erapetfood.com\\\/producto\\\/era-millennium-salmon-y-arenque-perros-adultos-grandes\\\/\",\"name\":\"ERA Millennium Saumon et Hareng pour chiens adultes de races moyennes et grandes - ERA Pet Food\",\"isPartOf\":{\"@id\":\"https:\\\/\\\/erapetfood.com\\\/#website\"},\"primaryImageOfPage\":{\"@id\":\"https:\\\/\\\/erapetfood.com\\\/producto\\\/era-millennium-salmon-y-arenque-perros-adultos-grandes\\\/#primaryimage\"},\"image\":{\"@id\":\"https:\\\/\\\/erapetfood.com\\\/producto\\\/era-millennium-salmon-y-arenque-perros-adultos-grandes\\\/#primaryimage\"},\"thumbnailUrl\":\"https:\\\/\\\/erapetfood.com\\\/wp-content\\\/uploads\\\/ERA170917_1.webp\",\"datePublished\":\"2023-08-31T13:09:36+00:00\",\"dateModified\":\"2025-03-07T09:45:05+00:00\",\"breadcrumb\":{\"@id\":\"https:\\\/\\\/erapetfood.com\\\/producto\\\/era-millennium-salmon-y-arenque-perros-adultos-grandes\\\/#breadcrumb\"},\"inLanguage\":\"fr-FR\",\"potentialAction\":[{\"@type\":\"ReadAction\",\"target\":[\"https:\\\/\\\/erapetfood.com\\\/producto\\\/era-millennium-salmon-y-arenque-perros-adultos-grandes\\\/\"]}]},{\"@type\":\"ImageObject\",\"inLanguage\":\"fr-FR\",\"@id\":\"https:\\\/\\\/erapetfood.com\\\/producto\\\/era-millennium-salmon-y-arenque-perros-adultos-grandes\\\/#primaryimage\",\"url\":\"https:\\\/\\\/erapetfood.com\\\/wp-content\\\/uploads\\\/ERA170917_1.webp\",\"contentUrl\":\"https:\\\/\\\/erapetfood.com\\\/wp-content\\\/uploads\\\/ERA170917_1.webp\",\"width\":1500,\"height\":1500},{\"@type\":\"BreadcrumbList\",\"@id\":\"https:\\\/\\\/erapetfood.com\\\/producto\\\/era-millennium-salmon-y-arenque-perros-adultos-grandes\\\/#breadcrumb\",\"itemListElement\":[{\"@type\":\"ListItem\",\"position\":1,\"name\":\"Portada\",\"item\":\"https:\\\/\\\/erapetfood.com\\\/\"},{\"@type\":\"ListItem\",\"position\":2,\"name\":\"Produits\",\"item\":\"https:\\\/\\\/erapetfood.com\\\/productos\\\/\"},{\"@type\":\"ListItem\",\"position\":3,\"name\":\"ERA Millennium Saumon et Hareng pour chiens adultes de races moyennes et grandes\"}]},{\"@type\":\"WebSite\",\"@id\":\"https:\\\/\\\/erapetfood.com\\\/#website\",\"url\":\"https:\\\/\\\/erapetfood.com\\\/\",\"name\":\"ERA Pet Food\",\"description\":\"\",\"publisher\":{\"@id\":\"https:\\\/\\\/erapetfood.com\\\/#organization\"},\"potentialAction\":[{\"@type\":\"SearchAction\",\"target\":{\"@type\":\"EntryPoint\",\"urlTemplate\":\"https:\\\/\\\/erapetfood.com\\\/?s={search_term_string}\"},\"query-input\":{\"@type\":\"PropertyValueSpecification\",\"valueRequired\":true,\"valueName\":\"search_term_string\"}}],\"inLanguage\":\"fr-FR\"},{\"@type\":\"Organization\",\"@id\":\"https:\\\/\\\/erapetfood.com\\\/#organization\",\"name\":\"Pets Away Store SL\",\"url\":\"https:\\\/\\\/erapetfood.com\\\/\",\"logo\":{\"@type\":\"ImageObject\",\"inLanguage\":\"fr-FR\",\"@id\":\"https:\\\/\\\/erapetfood.com\\\/#\\\/schema\\\/logo\\\/image\\\/\",\"url\":\"https:\\\/\\\/erapetfood.com\\\/wp-content\\\/uploads\\\/ERA_logo.webp\",\"contentUrl\":\"https:\\\/\\\/erapetfood.com\\\/wp-content\\\/uploads\\\/ERA_logo.webp\",\"width\":750,\"height\":370,\"caption\":\"Pets Away Store SL\"},\"image\":{\"@id\":\"https:\\\/\\\/erapetfood.com\\\/#\\\/schema\\\/logo\\\/image\\\/\"},\"sameAs\":[\"https:\\\/\\\/www.facebook.com\\\/Erapetfood\\\/\",\"https:\\\/\\\/x.com\\\/Erapetfood\",\"https:\\\/\\\/www.instagram.com\\\/erapetfood\\\/\",\"https:\\\/\\\/www.youtube.com\\\/user\\\/cypmascota\"]}]}<\/script>\n<!-- \/ Yoast SEO plugin. -->","yoast_head_json":{"title":"ERA Millennium Saumon et Hareng pour chiens adultes de races moyennes et grandes - ERA Pet Food","robots":{"index":"index","follow":"follow","max-snippet":"max-snippet:-1","max-image-preview":"max-image-preview:large","max-video-preview":"max-video-preview:-1"},"canonical":"https:\/\/erapetfood.com\/producto\/era-millennium-salmon-y-arenque-perros-adultos-grandes\/","og_locale":"fr_FR","og_type":"article","og_title":"ERA Millennium Saumon et Hareng pour chiens adultes de races moyennes et grandes - ERA Pet Food","og_description":"Croquette pour chiens adultes de races moyennes et grandes. \u00c0 base de saumon et de hareng, avec de la viande fra\u00eeche comme premier ingr\u00e9dient et du riz complet. Nutrition \u00e9quilibr\u00e9e de haute qualit\u00e9. Avec des fruits, des l\u00e9gumes, des vitamines et une saveur exceptionnelle.","og_url":"https:\/\/erapetfood.com\/producto\/era-millennium-salmon-y-arenque-perros-adultos-grandes\/","og_site_name":"ERA Pet Food","article_publisher":"https:\/\/www.facebook.com\/Erapetfood\/","article_modified_time":"2025-03-07T09:45:05+00:00","og_image":[{"width":1500,"height":1500,"url":"https:\/\/erapetfood.com\/wp-content\/uploads\/ERA170917_1.webp","type":"image\/jpeg"}],"twitter_card":"summary_large_image","twitter_site":"@Erapetfood","twitter_misc":{"Dur\u00e9e de lecture estim\u00e9e":"2 minutes"},"schema":{"@context":"https:\/\/schema.org","@graph":[{"@type":"WebPage","@id":"https:\/\/erapetfood.com\/producto\/era-millennium-salmon-y-arenque-perros-adultos-grandes\/","url":"https:\/\/erapetfood.com\/producto\/era-millennium-salmon-y-arenque-perros-adultos-grandes\/","name":"ERA Millennium Saumon et Hareng pour chiens adultes de races moyennes et grandes - ERA Pet Food","isPartOf":{"@id":"https:\/\/erapetfood.com\/#website"},"primaryImageOfPage":{"@id":"https:\/\/erapetfood.com\/producto\/era-millennium-salmon-y-arenque-perros-adultos-grandes\/#primaryimage"},"image":{"@id":"https:\/\/erapetfood.com\/producto\/era-millennium-salmon-y-arenque-perros-adultos-grandes\/#primaryimage"},"thumbnailUrl":"https:\/\/erapetfood.com\/wp-content\/uploads\/ERA170917_1.webp","datePublished":"2023-08-31T13:09:36+00:00","dateModified":"2025-03-07T09:45:05+00:00","breadcrumb":{"@id":"https:\/\/erapetfood.com\/producto\/era-millennium-salmon-y-arenque-perros-adultos-grandes\/#breadcrumb"},"inLanguage":"fr-FR","potentialAction":[{"@type":"ReadAction","target":["https:\/\/erapetfood.com\/producto\/era-millennium-salmon-y-arenque-perros-adultos-grandes\/"]}]},{"@type":"ImageObject","inLanguage":"fr-FR","@id":"https:\/\/erapetfood.com\/producto\/era-millennium-salmon-y-arenque-perros-adultos-grandes\/#primaryimage","url":"https:\/\/erapetfood.com\/wp-content\/uploads\/ERA170917_1.webp","contentUrl":"https:\/\/erapetfood.com\/wp-content\/uploads\/ERA170917_1.webp","width":1500,"height":1500},{"@type":"BreadcrumbList","@id":"https:\/\/erapetfood.com\/producto\/era-millennium-salmon-y-arenque-perros-adultos-grandes\/#breadcrumb","itemListElement":[{"@type":"ListItem","position":1,"name":"Portada","item":"https:\/\/erapetfood.com\/"},{"@type":"ListItem","position":2,"name":"Produits","item":"https:\/\/erapetfood.com\/productos\/"},{"@type":"ListItem","position":3,"name":"ERA Millennium Saumon et Hareng pour chiens adultes de races moyennes et grandes"}]},{"@type":"WebSite","@id":"https:\/\/erapetfood.com\/#website","url":"https:\/\/erapetfood.com\/","name":"ERA Pet Food","description":"","publisher":{"@id":"https:\/\/erapetfood.com\/#organization"},"potentialAction":[{"@type":"SearchAction","target":{"@type":"EntryPoint","urlTemplate":"https:\/\/erapetfood.com\/?s={search_term_string}"},"query-input":{"@type":"PropertyValueSpecification","valueRequired":true,"valueName":"search_term_string"}}],"inLanguage":"fr-FR"},{"@type":"Organization","@id":"https:\/\/erapetfood.com\/#organization","name":"Pets Away Store SL","url":"https:\/\/erapetfood.com\/","logo":{"@type":"ImageObject","inLanguage":"fr-FR","@id":"https:\/\/erapetfood.com\/#\/schema\/logo\/image\/","url":"https:\/\/erapetfood.com\/wp-content\/uploads\/ERA_logo.webp","contentUrl":"https:\/\/erapetfood.com\/wp-content\/uploads\/ERA_logo.webp","width":750,"height":370,"caption":"Pets Away Store SL"},"image":{"@id":"https:\/\/erapetfood.com\/#\/schema\/logo\/image\/"},"sameAs":["https:\/\/www.facebook.com\/Erapetfood\/","https:\/\/x.com\/Erapetfood","https:\/\/www.instagram.com\/erapetfood\/","https:\/\/www.youtube.com\/user\/cypmascota"]}]}},"jetpack_sharing_enabled":true,"_links":{"self":[{"href":"https:\/\/erapetfood.com\/fr\/wp-json\/wp\/v2\/product\/1917","targetHints":{"allow":["GET"]}}],"collection":[{"href":"https:\/\/erapetfood.com\/fr\/wp-json\/wp\/v2\/product"}],"about":[{"href":"https:\/\/erapetfood.com\/fr\/wp-json\/wp\/v2\/types\/product"}],"replies":[{"embeddable":true,"href":"https:\/\/erapetfood.com\/fr\/wp-json\/wp\/v2\/comments?post=1917"}],"wp:featuredmedia":[{"embeddable":true,"href":"https:\/\/erapetfood.com\/fr\/wp-json\/wp\/v2\/media\/4128"}],"wp:attachment":[{"href":"https:\/\/erapetfood.com\/fr\/wp-json\/wp\/v2\/media?parent=1917"}],"wp:term":[{"taxonomy":"product_brand","embeddable":true,"href":"https:\/\/erapetfood.com\/fr\/wp-json\/wp\/v2\/product_brand?post=1917"},{"taxonomy":"product_cat","embeddable":true,"href":"https:\/\/erapetfood.com\/fr\/wp-json\/wp\/v2\/product_cat?post=1917"},{"taxonomy":"product_tag","embeddable":true,"href":"https:\/\/erapetfood.com\/fr\/wp-json\/wp\/v2\/product_tag?post=1917"}],"curies":[{"name":"wp","href":"https:\/\/api.w.org\/{rel}","templated":true}]}}