{"id":1925,"date":"2023-08-31T15:14:56","date_gmt":"2023-08-31T13:14:56","guid":{"rendered":"https:\/\/cunipic.com\/erapetfood\/producto\/era-millennium-canard-et-agneau-pour-les-races-moyennes-et-grandes\/"},"modified":"2026-03-17T17:55:15","modified_gmt":"2026-03-17T16:55:15","slug":"era-millennium-pato-y-cordero-para-razas-medianas-y-grandes","status":"publish","type":"product","link":"https:\/\/erapetfood.com\/fr\/producto\/era-millennium-pato-y-cordero-para-razas-medianas-y-grandes\/","title":{"rendered":"ERA Millennium Canard et Agneau pour les races moyennes et grandes"},"content":{"rendered":"<p>ERA Millennium Canard et Agneau est une alimentation compl\u00e8te et \u00e9quilibr\u00e9e pour les chiens adultes de races moyennes et grandes (&gt;10 kg).&gt; Sa formule exclusive conf\u00e8re \u00e0 la recette une teneur \u00e9lev\u00e9e en prot\u00e9ines et un m\u00e9lange soign\u00e9 d&#8217;ingr\u00e9dients fonctionnels qui aideront votre chien \u00e0 avoir des os solides et une sant\u00e9 optimale. ERA Millennium Canard et Agneau pour chiens adultes de races moyennes et grandes contient 60 % d&#8217;ingr\u00e9dients d&#8217;origine animale et de la viande de canard d\u00e9soss\u00e9e comme ingr\u00e9dient principal, ce qui lui conf\u00e8re une grande digestibilit\u00e9 et un excellent go\u00fbt. Le produit contient du riz complet et de la patate douce, ce qui lui apporte de l&#8217;\u00e9nergie avec un faible indice glyc\u00e9mique, ainsi que des sources naturelles d&#8217;om\u00e9ga 3 et 6, qui contribuent \u00e0 maintenir une bonne sant\u00e9 mentale, une peau saine et un pelage brillant. De plus, il contient des fruits et l\u00e9gumes s\u00e9lectionn\u00e9s, riches en antioxydants naturels (polyph\u00e9nols et carot\u00e9no\u00efdes).<\/p>\n<p>De m\u00eame, les probiotiques et pr\u00e9biotiques contenus dans les recettes contribuent \u00e0 maintenir une bonne sant\u00e9 intestinale et renforcent le syst\u00e8me immunitaire. Avec les recettes de la gamme ERA Millennium, vous couvrirez \u00e0 100 % les besoins nutritionnels de votre chien, ce qui b\u00e9n\u00e9ficiera non seulement \u00e0 sa sant\u00e9, mais aussi \u00e0 son plaisir gr\u00e2ce \u00e0 ses saveurs intenses et d\u00e9licieuses. Les fortes inclusions de viande fra\u00eeche et l&#8217;ajout de foie de poulet hydrolys\u00e9, \u00e0 l&#8217;exception des recettes au saumon et au hareng, contribuent \u00e0 une plus grande app\u00e9tence. Les recettes de la gamme ERA ne contiennent pas de saveurs artificielles.<\/p>\n<p>La gamme ERA Millennium est si exclusive car elle utilise des ingr\u00e9dients de haute qualit\u00e9, produits en un seul processus thermique, et une s\u00e9lection d&#8217;ingr\u00e9dients fonctionnels appel\u00e9s OptiImmuno+ qui ont d\u00e9montr\u00e9 des bienfaits pour la sant\u00e9, favorisant le bon fonctionnement de l&#8217;organisme et encourageant un mode de vie plus sain, favorisant ainsi la sant\u00e9 de votre chien.<\/p>\n","protected":false},"excerpt":{"rendered":"<p>ERA Millennium Canard et Agneau est une alimentation compl\u00e8te et \u00e9quilibr\u00e9e pour les chiens adultes de races moyennes et grandes (&gt;10 kg). &gt; Sa formule exclusive conf\u00e8re \u00e0 la recette une teneur \u00e9lev\u00e9e en prot\u00e9ines et un m\u00e9lange soign\u00e9 d&#8217;ingr\u00e9dients fonctionnels qui aideront votre chien \u00e0 avoir des os solides et une sant\u00e9 optimale. ERA Millennium Canard et Agneau pour les chiens adultes de races moyennes et grandes contient 60 % d&#8217;ingr\u00e9dients d&#8217;origine animale et du canard frais d\u00e9soss\u00e9 comme ingr\u00e9dient principal, ce qui lui conf\u00e8re une grande digestibilit\u00e9 et un excellent go\u00fbt.<\/p>\n","protected":false},"featured_media":4140,"comment_status":"open","ping_status":"closed","template":"","meta":[],"product_brand":[],"product_cat":[113,272,76],"product_tag":[248],"class_list":{"0":"post-1925","1":"product","2":"type-product","3":"status-publish","4":"has-post-thumbnail","6":"product_cat-adultes-races-moyennes-et-grandes","7":"product_cat-aliment-pour-chiens","8":"product_cat-chiens","9":"product_tag-aliment-pour-chiens","10":"sales-flash-overlay","11":"woocommerce-text-align-center","12":"woocommerce-image-align-center","13":"do-quantity-buttons","14":"wc-has-gallery","16":"first","17":"instock","18":"taxable","19":"shipping-taxable","20":"purchasable","21":"product-type-variable","22":"has-default-attributes"},"yoast_head":"<!-- This site is optimized with the Yoast SEO plugin v27.2 - https:\/\/yoast.com\/product\/yoast-seo-wordpress\/ -->\n<title>ERA Millennium Canard et Agneau pour les races moyennes et grandes - ERA Pet Food<\/title>\n<meta name=\"robots\" content=\"index, follow, max-snippet:-1, max-image-preview:large, max-video-preview:-1\" \/>\n<link rel=\"canonical\" href=\"https:\/\/erapetfood.com\/producto\/era-millennium-pato-y-cordero-para-razas-medianas-y-grandes\/\" \/>\n<meta property=\"og:locale\" content=\"fr_FR\" \/>\n<meta property=\"og:type\" content=\"article\" \/>\n<meta property=\"og:title\" content=\"ERA Millennium Canard et Agneau pour les races moyennes et grandes - ERA Pet Food\" \/>\n<meta property=\"og:description\" content=\"ERA Millennium Canard et Agneau est une alimentation compl\u00e8te et \u00e9quilibr\u00e9e pour les chiens adultes de races moyennes et grandes (&gt;10 kg). &gt; Sa formule exclusive conf\u00e8re \u00e0 la recette une teneur \u00e9lev\u00e9e en prot\u00e9ines et un m\u00e9lange soign\u00e9 d&#039;ingr\u00e9dients fonctionnels qui aideront votre chien \u00e0 avoir des os solides et une sant\u00e9 optimale. ERA Millennium Canard et Agneau pour les chiens adultes de races moyennes et grandes contient 60 % d&#039;ingr\u00e9dients d&#039;origine animale et du canard frais d\u00e9soss\u00e9 comme ingr\u00e9dient principal, ce qui lui conf\u00e8re une grande digestibilit\u00e9 et un excellent go\u00fbt.\" \/>\n<meta property=\"og:url\" content=\"https:\/\/erapetfood.com\/producto\/era-millennium-pato-y-cordero-para-razas-medianas-y-grandes\/\" \/>\n<meta property=\"og:site_name\" content=\"ERA Pet Food\" \/>\n<meta property=\"article:publisher\" content=\"https:\/\/www.facebook.com\/Erapetfood\/\" \/>\n<meta property=\"article:modified_time\" content=\"2026-03-17T16:55:15+00:00\" \/>\n<meta property=\"og:image\" content=\"https:\/\/erapetfood.com\/wp-content\/uploads\/ERA170915_1.webp\" \/>\n\t<meta property=\"og:image:width\" content=\"1500\" \/>\n\t<meta property=\"og:image:height\" content=\"1500\" \/>\n\t<meta property=\"og:image:type\" content=\"image\/jpeg\" \/>\n<meta name=\"twitter:card\" content=\"summary_large_image\" \/>\n<meta name=\"twitter:site\" content=\"@Erapetfood\" \/>\n<meta name=\"twitter:label1\" content=\"Dur\u00e9e de lecture estim\u00e9e\" \/>\n\t<meta name=\"twitter:data1\" content=\"2 minutes\" \/>\n<script type=\"application\/ld+json\" class=\"yoast-schema-graph\">{\"@context\":\"https:\/\/schema.org\",\"@graph\":[{\"@type\":\"WebPage\",\"@id\":\"https:\/\/erapetfood.com\/producto\/era-millennium-pato-y-cordero-para-razas-medianas-y-grandes\/\",\"url\":\"https:\/\/erapetfood.com\/producto\/era-millennium-pato-y-cordero-para-razas-medianas-y-grandes\/\",\"name\":\"ERA Millennium Canard et Agneau pour les races moyennes et grandes - ERA Pet Food\",\"isPartOf\":{\"@id\":\"https:\/\/erapetfood.com\/#website\"},\"primaryImageOfPage\":{\"@id\":\"https:\/\/erapetfood.com\/producto\/era-millennium-pato-y-cordero-para-razas-medianas-y-grandes\/#primaryimage\"},\"image\":{\"@id\":\"https:\/\/erapetfood.com\/producto\/era-millennium-pato-y-cordero-para-razas-medianas-y-grandes\/#primaryimage\"},\"thumbnailUrl\":\"https:\/\/erapetfood.com\/wp-content\/uploads\/ERA170915_1.webp\",\"datePublished\":\"2023-08-31T13:14:56+00:00\",\"dateModified\":\"2026-03-17T16:55:15+00:00\",\"breadcrumb\":{\"@id\":\"https:\/\/erapetfood.com\/producto\/era-millennium-pato-y-cordero-para-razas-medianas-y-grandes\/#breadcrumb\"},\"inLanguage\":\"fr-FR\",\"potentialAction\":[{\"@type\":\"ReadAction\",\"target\":[\"https:\/\/erapetfood.com\/producto\/era-millennium-pato-y-cordero-para-razas-medianas-y-grandes\/\"]}]},{\"@type\":\"ImageObject\",\"inLanguage\":\"fr-FR\",\"@id\":\"https:\/\/erapetfood.com\/producto\/era-millennium-pato-y-cordero-para-razas-medianas-y-grandes\/#primaryimage\",\"url\":\"https:\/\/erapetfood.com\/wp-content\/uploads\/ERA170915_1.webp\",\"contentUrl\":\"https:\/\/erapetfood.com\/wp-content\/uploads\/ERA170915_1.webp\",\"width\":1500,\"height\":1500},{\"@type\":\"BreadcrumbList\",\"@id\":\"https:\/\/erapetfood.com\/producto\/era-millennium-pato-y-cordero-para-razas-medianas-y-grandes\/#breadcrumb\",\"itemListElement\":[{\"@type\":\"ListItem\",\"position\":1,\"name\":\"Portada\",\"item\":\"https:\/\/erapetfood.com\/\"},{\"@type\":\"ListItem\",\"position\":2,\"name\":\"Produits\",\"item\":\"https:\/\/erapetfood.com\/productos\/\"},{\"@type\":\"ListItem\",\"position\":3,\"name\":\"ERA Millennium Canard et Agneau pour les races moyennes et grandes\"}]},{\"@type\":\"WebSite\",\"@id\":\"https:\/\/erapetfood.com\/#website\",\"url\":\"https:\/\/erapetfood.com\/\",\"name\":\"ERA Pet Food\",\"description\":\"\",\"publisher\":{\"@id\":\"https:\/\/erapetfood.com\/#organization\"},\"potentialAction\":[{\"@type\":\"SearchAction\",\"target\":{\"@type\":\"EntryPoint\",\"urlTemplate\":\"https:\/\/erapetfood.com\/?s={search_term_string}\"},\"query-input\":{\"@type\":\"PropertyValueSpecification\",\"valueRequired\":true,\"valueName\":\"search_term_string\"}}],\"inLanguage\":\"fr-FR\"},{\"@type\":\"Organization\",\"@id\":\"https:\/\/erapetfood.com\/#organization\",\"name\":\"Pets Away Store SL\",\"url\":\"https:\/\/erapetfood.com\/\",\"logo\":{\"@type\":\"ImageObject\",\"inLanguage\":\"fr-FR\",\"@id\":\"https:\/\/erapetfood.com\/#\/schema\/logo\/image\/\",\"url\":\"https:\/\/erapetfood.com\/wp-content\/uploads\/ERA_logo.webp\",\"contentUrl\":\"https:\/\/erapetfood.com\/wp-content\/uploads\/ERA_logo.webp\",\"width\":750,\"height\":370,\"caption\":\"Pets Away Store SL\"},\"image\":{\"@id\":\"https:\/\/erapetfood.com\/#\/schema\/logo\/image\/\"},\"sameAs\":[\"https:\/\/www.facebook.com\/Erapetfood\/\",\"https:\/\/x.com\/Erapetfood\",\"https:\/\/www.instagram.com\/erapetfood\/\",\"https:\/\/www.youtube.com\/user\/cypmascota\"]}]}<\/script>\n<!-- \/ Yoast SEO plugin. -->","yoast_head_json":{"title":"ERA Millennium Canard et Agneau pour les races moyennes et grandes - ERA Pet Food","robots":{"index":"index","follow":"follow","max-snippet":"max-snippet:-1","max-image-preview":"max-image-preview:large","max-video-preview":"max-video-preview:-1"},"canonical":"https:\/\/erapetfood.com\/producto\/era-millennium-pato-y-cordero-para-razas-medianas-y-grandes\/","og_locale":"fr_FR","og_type":"article","og_title":"ERA Millennium Canard et Agneau pour les races moyennes et grandes - ERA Pet Food","og_description":"ERA Millennium Canard et Agneau est une alimentation compl\u00e8te et \u00e9quilibr\u00e9e pour les chiens adultes de races moyennes et grandes (&gt;10 kg). &gt; Sa formule exclusive conf\u00e8re \u00e0 la recette une teneur \u00e9lev\u00e9e en prot\u00e9ines et un m\u00e9lange soign\u00e9 d'ingr\u00e9dients fonctionnels qui aideront votre chien \u00e0 avoir des os solides et une sant\u00e9 optimale. ERA Millennium Canard et Agneau pour les chiens adultes de races moyennes et grandes contient 60 % d'ingr\u00e9dients d'origine animale et du canard frais d\u00e9soss\u00e9 comme ingr\u00e9dient principal, ce qui lui conf\u00e8re une grande digestibilit\u00e9 et un excellent go\u00fbt.","og_url":"https:\/\/erapetfood.com\/producto\/era-millennium-pato-y-cordero-para-razas-medianas-y-grandes\/","og_site_name":"ERA Pet Food","article_publisher":"https:\/\/www.facebook.com\/Erapetfood\/","article_modified_time":"2026-03-17T16:55:15+00:00","og_image":[{"width":1500,"height":1500,"url":"https:\/\/erapetfood.com\/wp-content\/uploads\/ERA170915_1.webp","type":"image\/jpeg"}],"twitter_card":"summary_large_image","twitter_site":"@Erapetfood","twitter_misc":{"Dur\u00e9e de lecture estim\u00e9e":"2 minutes"},"schema":{"@context":"https:\/\/schema.org","@graph":[{"@type":"WebPage","@id":"https:\/\/erapetfood.com\/producto\/era-millennium-pato-y-cordero-para-razas-medianas-y-grandes\/","url":"https:\/\/erapetfood.com\/producto\/era-millennium-pato-y-cordero-para-razas-medianas-y-grandes\/","name":"ERA Millennium Canard et Agneau pour les races moyennes et grandes - ERA Pet Food","isPartOf":{"@id":"https:\/\/erapetfood.com\/#website"},"primaryImageOfPage":{"@id":"https:\/\/erapetfood.com\/producto\/era-millennium-pato-y-cordero-para-razas-medianas-y-grandes\/#primaryimage"},"image":{"@id":"https:\/\/erapetfood.com\/producto\/era-millennium-pato-y-cordero-para-razas-medianas-y-grandes\/#primaryimage"},"thumbnailUrl":"https:\/\/erapetfood.com\/wp-content\/uploads\/ERA170915_1.webp","datePublished":"2023-08-31T13:14:56+00:00","dateModified":"2026-03-17T16:55:15+00:00","breadcrumb":{"@id":"https:\/\/erapetfood.com\/producto\/era-millennium-pato-y-cordero-para-razas-medianas-y-grandes\/#breadcrumb"},"inLanguage":"fr-FR","potentialAction":[{"@type":"ReadAction","target":["https:\/\/erapetfood.com\/producto\/era-millennium-pato-y-cordero-para-razas-medianas-y-grandes\/"]}]},{"@type":"ImageObject","inLanguage":"fr-FR","@id":"https:\/\/erapetfood.com\/producto\/era-millennium-pato-y-cordero-para-razas-medianas-y-grandes\/#primaryimage","url":"https:\/\/erapetfood.com\/wp-content\/uploads\/ERA170915_1.webp","contentUrl":"https:\/\/erapetfood.com\/wp-content\/uploads\/ERA170915_1.webp","width":1500,"height":1500},{"@type":"BreadcrumbList","@id":"https:\/\/erapetfood.com\/producto\/era-millennium-pato-y-cordero-para-razas-medianas-y-grandes\/#breadcrumb","itemListElement":[{"@type":"ListItem","position":1,"name":"Portada","item":"https:\/\/erapetfood.com\/"},{"@type":"ListItem","position":2,"name":"Produits","item":"https:\/\/erapetfood.com\/productos\/"},{"@type":"ListItem","position":3,"name":"ERA Millennium Canard et Agneau pour les races moyennes et grandes"}]},{"@type":"WebSite","@id":"https:\/\/erapetfood.com\/#website","url":"https:\/\/erapetfood.com\/","name":"ERA Pet Food","description":"","publisher":{"@id":"https:\/\/erapetfood.com\/#organization"},"potentialAction":[{"@type":"SearchAction","target":{"@type":"EntryPoint","urlTemplate":"https:\/\/erapetfood.com\/?s={search_term_string}"},"query-input":{"@type":"PropertyValueSpecification","valueRequired":true,"valueName":"search_term_string"}}],"inLanguage":"fr-FR"},{"@type":"Organization","@id":"https:\/\/erapetfood.com\/#organization","name":"Pets Away Store SL","url":"https:\/\/erapetfood.com\/","logo":{"@type":"ImageObject","inLanguage":"fr-FR","@id":"https:\/\/erapetfood.com\/#\/schema\/logo\/image\/","url":"https:\/\/erapetfood.com\/wp-content\/uploads\/ERA_logo.webp","contentUrl":"https:\/\/erapetfood.com\/wp-content\/uploads\/ERA_logo.webp","width":750,"height":370,"caption":"Pets Away Store SL"},"image":{"@id":"https:\/\/erapetfood.com\/#\/schema\/logo\/image\/"},"sameAs":["https:\/\/www.facebook.com\/Erapetfood\/","https:\/\/x.com\/Erapetfood","https:\/\/www.instagram.com\/erapetfood\/","https:\/\/www.youtube.com\/user\/cypmascota"]}]}},"jetpack_sharing_enabled":true,"_links":{"self":[{"href":"https:\/\/erapetfood.com\/fr\/wp-json\/wp\/v2\/product\/1925","targetHints":{"allow":["GET"]}}],"collection":[{"href":"https:\/\/erapetfood.com\/fr\/wp-json\/wp\/v2\/product"}],"about":[{"href":"https:\/\/erapetfood.com\/fr\/wp-json\/wp\/v2\/types\/product"}],"replies":[{"embeddable":true,"href":"https:\/\/erapetfood.com\/fr\/wp-json\/wp\/v2\/comments?post=1925"}],"wp:featuredmedia":[{"embeddable":true,"href":"https:\/\/erapetfood.com\/fr\/wp-json\/wp\/v2\/media\/4140"}],"wp:attachment":[{"href":"https:\/\/erapetfood.com\/fr\/wp-json\/wp\/v2\/media?parent=1925"}],"wp:term":[{"taxonomy":"product_brand","embeddable":true,"href":"https:\/\/erapetfood.com\/fr\/wp-json\/wp\/v2\/product_brand?post=1925"},{"taxonomy":"product_cat","embeddable":true,"href":"https:\/\/erapetfood.com\/fr\/wp-json\/wp\/v2\/product_cat?post=1925"},{"taxonomy":"product_tag","embeddable":true,"href":"https:\/\/erapetfood.com\/fr\/wp-json\/wp\/v2\/product_tag?post=1925"}],"curies":[{"name":"wp","href":"https:\/\/api.w.org\/{rel}","templated":true}]}}