{"id":21065,"date":"2025-12-16T19:11:15","date_gmt":"2025-12-16T18:11:15","guid":{"rendered":"https:\/\/erapetfood.com\/?post_type=product&#038;p=21065"},"modified":"2026-04-18T11:39:48","modified_gmt":"2026-04-18T09:39:48","slug":"alimentation-pour-chats-adultes-era-sans-cereales-au-saumon-et-au-canard-copia","status":"publish","type":"product","link":"https:\/\/erapetfood.com\/fr\/producto\/alimentation-pour-chats-adultes-era-sans-cereales-au-saumon-et-au-canard-copia\/","title":{"rendered":"Alimentation pour Chats Adultes ERA Sans C\u00e9r\u00e9ales au Saumon et au Canard (copia)"},"content":{"rendered":"<p><strong data-start=\"449\" data-end=\"485\">ERA Grain-Free Light Canard &amp; Dinde<\/strong> est un aliment complet et nutritif sp\u00e9cialement con\u00e7u pour r\u00e9pondre aux besoins des chats de toutes les races. \u00c9labor\u00e9 sans c\u00e9r\u00e9ales, c\u2019est une excellente option pour les chats intol\u00e9rants ou allergiques \u00e0 certains ingr\u00e9dients couramment pr\u00e9sents dans d\u2019autres aliments. Gr\u00e2ce \u00e0 une s\u00e9lection rigoureuse d\u2019ingr\u00e9dients de haute qualit\u00e9 et de composants fonctionnels cl\u00e9s, ce produit offre des bienfaits exceptionnels pour la sant\u00e9 de votre animal.  <\/p>\n<p>De plus, en tant que formule <strong data-start=\"971\" data-end=\"980\">Light<\/strong>, elle est id\u00e9ale pour aider \u00e0 <strong data-start=\"1005\" data-end=\"1031\">contr\u00f4ler le surpoids<\/strong> et maintenir un <strong data-start=\"1046\" data-end=\"1064\">poids sain<\/strong>, en particulier chez les <strong data-start=\"1083\" data-end=\"1104\">chats d\u2019int\u00e9rieur<\/strong> ayant un niveau d\u2019activit\u00e9 plus faible ou ayant tendance \u00e0 prendre du poids. Sa composition est con\u00e7ue pour favoriser une <strong data-start=\"1211\" data-end=\"1240\">condition corporelle optimale<\/strong>, aidant votre chat \u00e0 rester agile, confortable et en pleine forme au quotidien, sans renoncer \u00e0 une nutrition compl\u00e8te. <\/p>\n<p>Notre formule unique inclut des probiotiques, des antioxydants naturels, du zinc et des vitamines qui contribuent \u00e0 renforcer le syst\u00e8me immunitaire de votre chat. Ces composants aident votre chat \u00e0 rester en bonne sant\u00e9 et plus r\u00e9sistant aux maladies. De plus, les croquettes Light au Canard et \u00e0 la Dinde contiennent des ingr\u00e9dients fonctionnels tels que la <strong data-start=\"1681\" data-end=\"1692\">taurine<\/strong> et des <strong data-start=\"1695\" data-end=\"1711\">fruits rouges<\/strong> qui favorisent la sant\u00e9 cardiovasculaire de votre animal. Pour une digestion optimale et le contr\u00f4le des boules de poils, nous avons inclus de la <strong data-start=\"1841\" data-end=\"1858\">lignocellulose<\/strong>, qui am\u00e9liore la digestibilit\u00e9 et contribue \u00e0 la sant\u00e9 intestinale. Par ailleurs, la pr\u00e9sence de l\u2019algue <em><strong data-start=\"1955\" data-end=\"1978\">Ascophyllum nodosum<\/strong><\/em> aide \u00e0 maintenir l\u2019hygi\u00e8ne dentaire de votre chat, en prot\u00e9geant naturellement ses dents et ses gencives.    <\/p>\n<p>\u00c9tant sans c\u00e9r\u00e9ales, cet aliment est particuli\u00e8rement adapt\u00e9 aux chats pr\u00e9sentant des sensibilit\u00e9s alimentaires ou des probl\u00e8mes digestifs, offrant une option s\u00fbre et saine. Avec les croquettes<a href=\"https:\/\/www.youtube.com\/watch?v=R6gTfieg108\"> ERA Grain Free Light<\/a> Canard &amp; Dinde, vous pouvez \u00eatre s\u00fbr de fournir \u00e0 votre chat une alimentation de haute qualit\u00e9 qui non seulement r\u00e9pond \u00e0 ses besoins nutritionnels, mais l\u2019aide \u00e9galement \u00e0 <strong data-start=\"2477\" data-end=\"2503\">maintenir un poids id\u00e9al <\/strong>et \u00e0 rester heureux et en bonne sant\u00e9 tout au long de sa vie. <\/p>\n","protected":false},"excerpt":{"rendered":"<p>Croquettes pour chats adultes au <strong data-start=\"29\" data-end=\"44\">Canard et \u00e0 la Dinde<\/strong>. Sa recette<strong data-start=\"56\" data-end=\"72\"> sans c\u00e9r\u00e9ales<\/strong> est id\u00e9ale pour les chats intol\u00e9rants ou allergiques \u00e0 certains ingr\u00e9dients. <strong data-start=\"151\" data-end=\"158\">ERA<\/strong> contient des ingr\u00e9dients fonctionnels, une teneur \u00e9lev\u00e9e en prot\u00e9ines de haute qualit\u00e9 et en vitamines, ainsi que des probiotiques et des pr\u00e9biotiques. Tout cela fait de ces croquettes un aliment complet et \u00e9quilibr\u00e9 qui contribuera au bon \u00e9tat physique de votre chat, tant \u00e0 l\u2019int\u00e9rieur qu\u2019\u00e0 l\u2019ext\u00e9rieur.  <\/p>\n","protected":false},"featured_media":21098,"comment_status":"open","ping_status":"closed","template":"","meta":[],"product_brand":[],"product_cat":[80,268],"product_tag":[247],"class_list":{"0":"post-21065","1":"product","2":"type-product","3":"status-publish","4":"has-post-thumbnail","6":"product_cat-chats","7":"product_cat-chats-adultes","8":"product_tag-aliment-pour-chats","9":"sales-flash-overlay","10":"woocommerce-text-align-center","11":"woocommerce-image-align-center","12":"do-quantity-buttons","13":"wc-has-gallery","15":"first","16":"instock","17":"taxable","18":"shipping-taxable","19":"purchasable","20":"product-type-variable","21":"has-default-attributes"},"yoast_head":"<!-- This site is optimized with the Yoast SEO plugin v27.5 - https:\/\/yoast.com\/product\/yoast-seo-wordpress\/ -->\n<title>Alimentation pour Chats Adultes ERA Sans C\u00e9r\u00e9ales au Saumon et au Canard (copia) - ERA Pet Food<\/title>\n<meta name=\"description\" content=\"ERA Grain Free Saumon &amp; Canard est un aliment complet pour chats, \u00e9labor\u00e9 sans c\u00e9r\u00e9ales, id\u00e9al pour les chats intol\u00e9rants ou allergiques \u00e0 certains ingr\u00e9dients.\" \/>\n<meta name=\"robots\" content=\"index, follow, max-snippet:-1, max-image-preview:large, max-video-preview:-1\" \/>\n<link rel=\"canonical\" href=\"https:\/\/erapetfood.com\/fr\/producto\/alimentation-pour-chats-adultes-era-sans-cereales-au-saumon-et-au-canard-copia\/\" \/>\n<meta property=\"og:locale\" content=\"fr_FR\" \/>\n<meta property=\"og:type\" content=\"article\" \/>\n<meta property=\"og:title\" content=\"Alimentation pour Chats Adultes ERA Sans C\u00e9r\u00e9ales au Saumon et au Canard (copia) - ERA Pet Food\" \/>\n<meta property=\"og:description\" content=\"ERA Grain Free Saumon &amp; Canard est un aliment complet pour chats, \u00e9labor\u00e9 sans c\u00e9r\u00e9ales, id\u00e9al pour les chats intol\u00e9rants ou allergiques \u00e0 certains ingr\u00e9dients.\" \/>\n<meta property=\"og:url\" content=\"https:\/\/erapetfood.com\/fr\/producto\/alimentation-pour-chats-adultes-era-sans-cereales-au-saumon-et-au-canard-copia\/\" \/>\n<meta property=\"og:site_name\" content=\"ERA Pet Food\" \/>\n<meta property=\"article:publisher\" content=\"https:\/\/www.facebook.com\/Erapetfood\/\" \/>\n<meta property=\"article:modified_time\" content=\"2026-04-18T09:39:48+00:00\" \/>\n<meta property=\"og:image\" content=\"https:\/\/erapetfood.com\/wp-content\/uploads\/ERA-light-gato-1.25-kg_1.webp\" \/>\n\t<meta property=\"og:image:width\" content=\"700\" \/>\n\t<meta property=\"og:image:height\" content=\"700\" \/>\n\t<meta property=\"og:image:type\" content=\"image\/png\" \/>\n<meta name=\"twitter:card\" content=\"summary_large_image\" \/>\n<meta name=\"twitter:site\" content=\"@Erapetfood\" \/>\n<meta name=\"twitter:label1\" content=\"Dur\u00e9e de lecture estim\u00e9e\" \/>\n\t<meta name=\"twitter:data1\" content=\"2 minutes\" \/>\n<script type=\"application\/ld+json\" class=\"yoast-schema-graph\">{\"@context\":\"https:\\\/\\\/schema.org\",\"@graph\":[{\"@type\":\"WebPage\",\"@id\":\"https:\\\/\\\/erapetfood.com\\\/fr\\\/producto\\\/alimentation-pour-chats-adultes-era-sans-cereales-au-saumon-et-au-canard-copia\\\/\",\"url\":\"https:\\\/\\\/erapetfood.com\\\/fr\\\/producto\\\/alimentation-pour-chats-adultes-era-sans-cereales-au-saumon-et-au-canard-copia\\\/\",\"name\":\"Alimentation pour Chats Adultes ERA Sans C\u00e9r\u00e9ales au Saumon et au Canard (copia) - ERA Pet Food\",\"isPartOf\":{\"@id\":\"https:\\\/\\\/erapetfood.com\\\/#website\"},\"primaryImageOfPage\":{\"@id\":\"https:\\\/\\\/erapetfood.com\\\/fr\\\/producto\\\/alimentation-pour-chats-adultes-era-sans-cereales-au-saumon-et-au-canard-copia\\\/#primaryimage\"},\"image\":{\"@id\":\"https:\\\/\\\/erapetfood.com\\\/fr\\\/producto\\\/alimentation-pour-chats-adultes-era-sans-cereales-au-saumon-et-au-canard-copia\\\/#primaryimage\"},\"thumbnailUrl\":\"https:\\\/\\\/erapetfood.com\\\/wp-content\\\/uploads\\\/ERA-light-gato-1.25-kg_1.webp\",\"datePublished\":\"2025-12-16T18:11:15+00:00\",\"dateModified\":\"2026-04-18T09:39:48+00:00\",\"description\":\"ERA Grain Free Saumon & Canard est un aliment complet pour chats, \u00e9labor\u00e9 sans c\u00e9r\u00e9ales, id\u00e9al pour les chats intol\u00e9rants ou allergiques \u00e0 certains ingr\u00e9dients.\",\"breadcrumb\":{\"@id\":\"https:\\\/\\\/erapetfood.com\\\/fr\\\/producto\\\/alimentation-pour-chats-adultes-era-sans-cereales-au-saumon-et-au-canard-copia\\\/#breadcrumb\"},\"inLanguage\":\"fr-FR\",\"potentialAction\":[{\"@type\":\"ReadAction\",\"target\":[\"https:\\\/\\\/erapetfood.com\\\/fr\\\/producto\\\/alimentation-pour-chats-adultes-era-sans-cereales-au-saumon-et-au-canard-copia\\\/\"]}]},{\"@type\":\"ImageObject\",\"inLanguage\":\"fr-FR\",\"@id\":\"https:\\\/\\\/erapetfood.com\\\/fr\\\/producto\\\/alimentation-pour-chats-adultes-era-sans-cereales-au-saumon-et-au-canard-copia\\\/#primaryimage\",\"url\":\"https:\\\/\\\/erapetfood.com\\\/wp-content\\\/uploads\\\/ERA-light-gato-1.25-kg_1.webp\",\"contentUrl\":\"https:\\\/\\\/erapetfood.com\\\/wp-content\\\/uploads\\\/ERA-light-gato-1.25-kg_1.webp\",\"width\":700,\"height\":700},{\"@type\":\"BreadcrumbList\",\"@id\":\"https:\\\/\\\/erapetfood.com\\\/fr\\\/producto\\\/alimentation-pour-chats-adultes-era-sans-cereales-au-saumon-et-au-canard-copia\\\/#breadcrumb\",\"itemListElement\":[{\"@type\":\"ListItem\",\"position\":1,\"name\":\"Portada\",\"item\":\"https:\\\/\\\/erapetfood.com\\\/\"},{\"@type\":\"ListItem\",\"position\":2,\"name\":\"Produits\",\"item\":\"https:\\\/\\\/erapetfood.com\\\/productos\\\/\"},{\"@type\":\"ListItem\",\"position\":3,\"name\":\"Alimentation pour Chats Adultes ERA Sans C\u00e9r\u00e9ales au Saumon et au Canard (copia)\"}]},{\"@type\":\"WebSite\",\"@id\":\"https:\\\/\\\/erapetfood.com\\\/#website\",\"url\":\"https:\\\/\\\/erapetfood.com\\\/\",\"name\":\"ERA Pet Food\",\"description\":\"\",\"publisher\":{\"@id\":\"https:\\\/\\\/erapetfood.com\\\/#organization\"},\"potentialAction\":[{\"@type\":\"SearchAction\",\"target\":{\"@type\":\"EntryPoint\",\"urlTemplate\":\"https:\\\/\\\/erapetfood.com\\\/?s={search_term_string}\"},\"query-input\":{\"@type\":\"PropertyValueSpecification\",\"valueRequired\":true,\"valueName\":\"search_term_string\"}}],\"inLanguage\":\"fr-FR\"},{\"@type\":\"Organization\",\"@id\":\"https:\\\/\\\/erapetfood.com\\\/#organization\",\"name\":\"Pets Away Store SL\",\"url\":\"https:\\\/\\\/erapetfood.com\\\/\",\"logo\":{\"@type\":\"ImageObject\",\"inLanguage\":\"fr-FR\",\"@id\":\"https:\\\/\\\/erapetfood.com\\\/#\\\/schema\\\/logo\\\/image\\\/\",\"url\":\"https:\\\/\\\/erapetfood.com\\\/wp-content\\\/uploads\\\/ERA_logo.webp\",\"contentUrl\":\"https:\\\/\\\/erapetfood.com\\\/wp-content\\\/uploads\\\/ERA_logo.webp\",\"width\":750,\"height\":370,\"caption\":\"Pets Away Store SL\"},\"image\":{\"@id\":\"https:\\\/\\\/erapetfood.com\\\/#\\\/schema\\\/logo\\\/image\\\/\"},\"sameAs\":[\"https:\\\/\\\/www.facebook.com\\\/Erapetfood\\\/\",\"https:\\\/\\\/x.com\\\/Erapetfood\",\"https:\\\/\\\/www.instagram.com\\\/erapetfood\\\/\",\"https:\\\/\\\/www.youtube.com\\\/user\\\/cypmascota\"]}]}<\/script>\n<!-- \/ Yoast SEO plugin. -->","yoast_head_json":{"title":"Alimentation pour Chats Adultes ERA Sans C\u00e9r\u00e9ales au Saumon et au Canard (copia) - ERA Pet Food","description":"ERA Grain Free Saumon & Canard est un aliment complet pour chats, \u00e9labor\u00e9 sans c\u00e9r\u00e9ales, id\u00e9al pour les chats intol\u00e9rants ou allergiques \u00e0 certains ingr\u00e9dients.","robots":{"index":"index","follow":"follow","max-snippet":"max-snippet:-1","max-image-preview":"max-image-preview:large","max-video-preview":"max-video-preview:-1"},"canonical":"https:\/\/erapetfood.com\/fr\/producto\/alimentation-pour-chats-adultes-era-sans-cereales-au-saumon-et-au-canard-copia\/","og_locale":"fr_FR","og_type":"article","og_title":"Alimentation pour Chats Adultes ERA Sans C\u00e9r\u00e9ales au Saumon et au Canard (copia) - ERA Pet Food","og_description":"ERA Grain Free Saumon & Canard est un aliment complet pour chats, \u00e9labor\u00e9 sans c\u00e9r\u00e9ales, id\u00e9al pour les chats intol\u00e9rants ou allergiques \u00e0 certains ingr\u00e9dients.","og_url":"https:\/\/erapetfood.com\/fr\/producto\/alimentation-pour-chats-adultes-era-sans-cereales-au-saumon-et-au-canard-copia\/","og_site_name":"ERA Pet Food","article_publisher":"https:\/\/www.facebook.com\/Erapetfood\/","article_modified_time":"2026-04-18T09:39:48+00:00","og_image":[{"width":700,"height":700,"url":"https:\/\/erapetfood.com\/wp-content\/uploads\/ERA-light-gato-1.25-kg_1.webp","type":"image\/png"}],"twitter_card":"summary_large_image","twitter_site":"@Erapetfood","twitter_misc":{"Dur\u00e9e de lecture estim\u00e9e":"2 minutes"},"schema":{"@context":"https:\/\/schema.org","@graph":[{"@type":"WebPage","@id":"https:\/\/erapetfood.com\/fr\/producto\/alimentation-pour-chats-adultes-era-sans-cereales-au-saumon-et-au-canard-copia\/","url":"https:\/\/erapetfood.com\/fr\/producto\/alimentation-pour-chats-adultes-era-sans-cereales-au-saumon-et-au-canard-copia\/","name":"Alimentation pour Chats Adultes ERA Sans C\u00e9r\u00e9ales au Saumon et au Canard (copia) - ERA Pet Food","isPartOf":{"@id":"https:\/\/erapetfood.com\/#website"},"primaryImageOfPage":{"@id":"https:\/\/erapetfood.com\/fr\/producto\/alimentation-pour-chats-adultes-era-sans-cereales-au-saumon-et-au-canard-copia\/#primaryimage"},"image":{"@id":"https:\/\/erapetfood.com\/fr\/producto\/alimentation-pour-chats-adultes-era-sans-cereales-au-saumon-et-au-canard-copia\/#primaryimage"},"thumbnailUrl":"https:\/\/erapetfood.com\/wp-content\/uploads\/ERA-light-gato-1.25-kg_1.webp","datePublished":"2025-12-16T18:11:15+00:00","dateModified":"2026-04-18T09:39:48+00:00","description":"ERA Grain Free Saumon & Canard est un aliment complet pour chats, \u00e9labor\u00e9 sans c\u00e9r\u00e9ales, id\u00e9al pour les chats intol\u00e9rants ou allergiques \u00e0 certains ingr\u00e9dients.","breadcrumb":{"@id":"https:\/\/erapetfood.com\/fr\/producto\/alimentation-pour-chats-adultes-era-sans-cereales-au-saumon-et-au-canard-copia\/#breadcrumb"},"inLanguage":"fr-FR","potentialAction":[{"@type":"ReadAction","target":["https:\/\/erapetfood.com\/fr\/producto\/alimentation-pour-chats-adultes-era-sans-cereales-au-saumon-et-au-canard-copia\/"]}]},{"@type":"ImageObject","inLanguage":"fr-FR","@id":"https:\/\/erapetfood.com\/fr\/producto\/alimentation-pour-chats-adultes-era-sans-cereales-au-saumon-et-au-canard-copia\/#primaryimage","url":"https:\/\/erapetfood.com\/wp-content\/uploads\/ERA-light-gato-1.25-kg_1.webp","contentUrl":"https:\/\/erapetfood.com\/wp-content\/uploads\/ERA-light-gato-1.25-kg_1.webp","width":700,"height":700},{"@type":"BreadcrumbList","@id":"https:\/\/erapetfood.com\/fr\/producto\/alimentation-pour-chats-adultes-era-sans-cereales-au-saumon-et-au-canard-copia\/#breadcrumb","itemListElement":[{"@type":"ListItem","position":1,"name":"Portada","item":"https:\/\/erapetfood.com\/"},{"@type":"ListItem","position":2,"name":"Produits","item":"https:\/\/erapetfood.com\/productos\/"},{"@type":"ListItem","position":3,"name":"Alimentation pour Chats Adultes ERA Sans C\u00e9r\u00e9ales au Saumon et au Canard (copia)"}]},{"@type":"WebSite","@id":"https:\/\/erapetfood.com\/#website","url":"https:\/\/erapetfood.com\/","name":"ERA Pet Food","description":"","publisher":{"@id":"https:\/\/erapetfood.com\/#organization"},"potentialAction":[{"@type":"SearchAction","target":{"@type":"EntryPoint","urlTemplate":"https:\/\/erapetfood.com\/?s={search_term_string}"},"query-input":{"@type":"PropertyValueSpecification","valueRequired":true,"valueName":"search_term_string"}}],"inLanguage":"fr-FR"},{"@type":"Organization","@id":"https:\/\/erapetfood.com\/#organization","name":"Pets Away Store SL","url":"https:\/\/erapetfood.com\/","logo":{"@type":"ImageObject","inLanguage":"fr-FR","@id":"https:\/\/erapetfood.com\/#\/schema\/logo\/image\/","url":"https:\/\/erapetfood.com\/wp-content\/uploads\/ERA_logo.webp","contentUrl":"https:\/\/erapetfood.com\/wp-content\/uploads\/ERA_logo.webp","width":750,"height":370,"caption":"Pets Away Store SL"},"image":{"@id":"https:\/\/erapetfood.com\/#\/schema\/logo\/image\/"},"sameAs":["https:\/\/www.facebook.com\/Erapetfood\/","https:\/\/x.com\/Erapetfood","https:\/\/www.instagram.com\/erapetfood\/","https:\/\/www.youtube.com\/user\/cypmascota"]}]}},"jetpack_sharing_enabled":true,"_links":{"self":[{"href":"https:\/\/erapetfood.com\/fr\/wp-json\/wp\/v2\/product\/21065","targetHints":{"allow":["GET"]}}],"collection":[{"href":"https:\/\/erapetfood.com\/fr\/wp-json\/wp\/v2\/product"}],"about":[{"href":"https:\/\/erapetfood.com\/fr\/wp-json\/wp\/v2\/types\/product"}],"replies":[{"embeddable":true,"href":"https:\/\/erapetfood.com\/fr\/wp-json\/wp\/v2\/comments?post=21065"}],"wp:featuredmedia":[{"embeddable":true,"href":"https:\/\/erapetfood.com\/fr\/wp-json\/wp\/v2\/media\/21098"}],"wp:attachment":[{"href":"https:\/\/erapetfood.com\/fr\/wp-json\/wp\/v2\/media?parent=21065"}],"wp:term":[{"taxonomy":"product_brand","embeddable":true,"href":"https:\/\/erapetfood.com\/fr\/wp-json\/wp\/v2\/product_brand?post=21065"},{"taxonomy":"product_cat","embeddable":true,"href":"https:\/\/erapetfood.com\/fr\/wp-json\/wp\/v2\/product_cat?post=21065"},{"taxonomy":"product_tag","embeddable":true,"href":"https:\/\/erapetfood.com\/fr\/wp-json\/wp\/v2\/product_tag?post=21065"}],"curies":[{"name":"wp","href":"https:\/\/api.w.org\/{rel}","templated":true}]}}