{"id":21795,"date":"2026-03-06T10:46:31","date_gmt":"2026-03-06T09:46:31","guid":{"rendered":"https:\/\/erapetfood.com\/?post_type=product&#038;p=21795"},"modified":"2026-02-28T12:57:55","modified_gmt":"2026-02-28T11:57:55","slug":"era-grain-free-au-saumon-et-au-cerf-pour-chiens-adultes-de-taille-moyenne-et-grande-copia-copia","status":"publish","type":"product","link":"https:\/\/erapetfood.com\/fr\/producto\/era-grain-free-au-saumon-et-au-cerf-pour-chiens-adultes-de-taille-moyenne-et-grande-copia-copia\/","title":{"rendered":"ERA Grain-Free Monoprot\u00e9ine Canard"},"content":{"rendered":"<p>ERA Grain-Free Monoprot\u00e9ine Canard est un aliment complet et \u00e9quilibr\u00e9 sans c\u00e9r\u00e9ales <a href=\"https:\/\/store.cunipic.com\/categoria-producto\/perro\/perro-senior\/perro-senior-raza-pequena\/\">pour chiens adultes de petite race<\/a> (&lt; 10 kg). Sa formule exclusive, \u00e0 haute teneur en prot\u00e9ines et compos\u00e9e d\u2019un m\u00e9lange soigneusement s\u00e9lectionn\u00e9 d\u2019ingr\u00e9dients fonctionnels, favorise un d\u00e9veloppement optimal et sain. Avec 48 % d\u2019ingr\u00e9dients d\u2019origine animale, incluant de la viande fra\u00eeche de canard et de la viande de canard d\u00e9shydrat\u00e9e, cette recette est hautement digestible et savoureuse. Sans c\u00e9r\u00e9ales, elle est id\u00e9ale pour les chiens souffrant d\u2019allergies ou d\u2019intol\u00e9rances, ainsi que pour ceux ayant une sensibilit\u00e9 digestive. De plus, elle contient des mati\u00e8res grasses et des jus naturels app\u00e9tents pour une excellente saveur.    <\/p>\n<p>En plus de la patate douce et des pois, qui apportent des antioxydants, des vitamines et un faible indice glyc\u00e9mique, la gamme ERA Grain-Free offre une recette \u00e9quilibr\u00e9e et savoureuse. Avec les recettes ERA Grain-Free, vous couvrez \u00e0 100 % les besoins nutritionnels de votre chien, en favorisant sa sant\u00e9 tout en le s\u00e9duisant par des saveurs intenses et d\u00e9licieuses. Les fortes inclusions de viande fra\u00eeche et l\u2019huile de saumon augmentent la palatabilit\u00e9. De plus, les recettes ERA ne contiennent pas d\u2019ar\u00f4mes artificiels.   <\/p>\n<p><a href=\"https:\/\/erapetfood.com\/fr\/categoria-producto\/chiens\/\" target=\"_blank\" rel=\"noopener\">La gamme ERA Grain-Free<\/a> au Canard est exclusive gr\u00e2ce \u00e0 sa haute qualit\u00e9, sa production en un seul processus thermique et la s\u00e9lection d\u2019ingr\u00e9dients fonctionnels OptiImmuno+, qui favorisent la sant\u00e9 et le bien-\u00eatre de votre chien.<\/p>\n","protected":false},"excerpt":{"rendered":"<p>ERA Grain-Free Monoproteic Duck est un aliment complet et \u00e9quilibr\u00e9 sans c\u00e9r\u00e9ales <a href=\"https:\/\/store.cunipic.com\/categoria-producto\/perro\/perro-senior\/perro-senior-raza-pequena\/\">pour les chiens adultes de petite race (&lt;10 kg).<\/a> Sa formule unique, avec une teneur en prot\u00e9ines et un m\u00e9lange judicieux d&#8217;ingr\u00e9dients fonctionnels, favorise une croissance optimale et saine. Avec 48% d&#8217;ingr\u00e9dients d&#8217;origine animale, dont de la viande de canard fra\u00eeche comme prot\u00e9ine, cette recette est tr\u00e8s digeste et savoureuse. Sans c\u00e9r\u00e9ales, elle est id\u00e9ale pour les chiens souffrant d&#8217;allergies ou d&#8217;intol\u00e9rances et pour ceux qui ont des probl\u00e8mes d&#8217;estomac. En outre, elle contient des graisses et des huiles naturelles app\u00e9tissantes pour un go\u00fbt excellent.    <\/p>\n","protected":false},"featured_media":21803,"comment_status":"open","ping_status":"closed","template":"","meta":[],"product_brand":[],"product_cat":[115,272,76,104],"product_tag":[248],"class_list":{"0":"post-21795","1":"product","2":"type-product","3":"status-publish","4":"has-post-thumbnail","6":"product_cat-adultes-de-petites-races","7":"product_cat-aliment-pour-chiens","8":"product_cat-chiens","9":"product_cat-sans-cereales","10":"product_tag-aliment-pour-chiens","11":"sales-flash-overlay","12":"woocommerce-text-align-center","13":"woocommerce-image-align-center","14":"do-quantity-buttons","15":"wc-has-gallery","17":"first","18":"instock","19":"taxable","20":"shipping-taxable","21":"purchasable","22":"product-type-simple"},"yoast_head":"<!-- This site is optimized with the Yoast SEO plugin v27.2 - https:\/\/yoast.com\/product\/yoast-seo-wordpress\/ -->\n<title>ERA Grain-Free Monoprot\u00e9ine Canard - ERA Pet Food<\/title>\n<meta name=\"description\" content=\"ERA Grain-Free Monoprot\u00e9ine Canard est un aliment complet et \u00e9quilibr\u00e9 sans c\u00e9r\u00e9ales pour chiens adultes de petite race (&lt; 10 kg).\" \/>\n<meta name=\"robots\" content=\"index, follow, max-snippet:-1, max-image-preview:large, max-video-preview:-1\" \/>\n<link rel=\"canonical\" href=\"https:\/\/erapetfood.com\/fr\/producto\/era-grain-free-au-saumon-et-au-cerf-pour-chiens-adultes-de-taille-moyenne-et-grande-copia-copia\/\" \/>\n<meta property=\"og:locale\" content=\"fr_FR\" \/>\n<meta property=\"og:type\" content=\"article\" \/>\n<meta property=\"og:title\" content=\"ERA Grain-Free Monoprot\u00e9ine Canard - ERA Pet Food\" \/>\n<meta property=\"og:description\" content=\"ERA Grain-Free Monoprot\u00e9ine Canard est un aliment complet et \u00e9quilibr\u00e9 sans c\u00e9r\u00e9ales pour chiens adultes de petite race (&lt; 10 kg).\" \/>\n<meta property=\"og:url\" content=\"https:\/\/erapetfood.com\/fr\/producto\/era-grain-free-au-saumon-et-au-cerf-pour-chiens-adultes-de-taille-moyenne-et-grande-copia-copia\/\" \/>\n<meta property=\"og:site_name\" content=\"ERA Pet Food\" \/>\n<meta property=\"article:publisher\" content=\"https:\/\/www.facebook.com\/Erapetfood\/\" \/>\n<meta property=\"og:image\" content=\"https:\/\/erapetfood.com\/wp-content\/uploads\/Monoproteico-2-kg-Small.webp\" \/>\n\t<meta property=\"og:image:width\" content=\"700\" \/>\n\t<meta property=\"og:image:height\" content=\"700\" \/>\n\t<meta property=\"og:image:type\" content=\"image\/png\" \/>\n<meta name=\"twitter:card\" content=\"summary_large_image\" \/>\n<meta name=\"twitter:site\" content=\"@Erapetfood\" \/>\n<meta name=\"twitter:label1\" content=\"Dur\u00e9e de lecture estim\u00e9e\" \/>\n\t<meta name=\"twitter:data1\" content=\"2 minutes\" \/>\n<script type=\"application\/ld+json\" class=\"yoast-schema-graph\">{\"@context\":\"https:\/\/schema.org\",\"@graph\":[{\"@type\":\"WebPage\",\"@id\":\"https:\/\/erapetfood.com\/fr\/producto\/era-grain-free-au-saumon-et-au-cerf-pour-chiens-adultes-de-taille-moyenne-et-grande-copia-copia\/\",\"url\":\"https:\/\/erapetfood.com\/fr\/producto\/era-grain-free-au-saumon-et-au-cerf-pour-chiens-adultes-de-taille-moyenne-et-grande-copia-copia\/\",\"name\":\"ERA Grain-Free Monoprot\u00e9ine Canard - ERA Pet Food\",\"isPartOf\":{\"@id\":\"https:\/\/erapetfood.com\/#website\"},\"primaryImageOfPage\":{\"@id\":\"https:\/\/erapetfood.com\/fr\/producto\/era-grain-free-au-saumon-et-au-cerf-pour-chiens-adultes-de-taille-moyenne-et-grande-copia-copia\/#primaryimage\"},\"image\":{\"@id\":\"https:\/\/erapetfood.com\/fr\/producto\/era-grain-free-au-saumon-et-au-cerf-pour-chiens-adultes-de-taille-moyenne-et-grande-copia-copia\/#primaryimage\"},\"thumbnailUrl\":\"https:\/\/erapetfood.com\/wp-content\/uploads\/Monoproteico-2-kg-Small.webp\",\"datePublished\":\"2026-03-06T09:46:31+00:00\",\"description\":\"ERA Grain-Free Monoprot\u00e9ine Canard est un aliment complet et \u00e9quilibr\u00e9 sans c\u00e9r\u00e9ales pour chiens adultes de petite race (&lt; 10 kg).\",\"breadcrumb\":{\"@id\":\"https:\/\/erapetfood.com\/fr\/producto\/era-grain-free-au-saumon-et-au-cerf-pour-chiens-adultes-de-taille-moyenne-et-grande-copia-copia\/#breadcrumb\"},\"inLanguage\":\"fr-FR\",\"potentialAction\":[{\"@type\":\"ReadAction\",\"target\":[\"https:\/\/erapetfood.com\/fr\/producto\/era-grain-free-au-saumon-et-au-cerf-pour-chiens-adultes-de-taille-moyenne-et-grande-copia-copia\/\"]}]},{\"@type\":\"ImageObject\",\"inLanguage\":\"fr-FR\",\"@id\":\"https:\/\/erapetfood.com\/fr\/producto\/era-grain-free-au-saumon-et-au-cerf-pour-chiens-adultes-de-taille-moyenne-et-grande-copia-copia\/#primaryimage\",\"url\":\"https:\/\/erapetfood.com\/wp-content\/uploads\/Monoproteico-2-kg-Small.webp\",\"contentUrl\":\"https:\/\/erapetfood.com\/wp-content\/uploads\/Monoproteico-2-kg-Small.webp\",\"width\":700,\"height\":700},{\"@type\":\"BreadcrumbList\",\"@id\":\"https:\/\/erapetfood.com\/fr\/producto\/era-grain-free-au-saumon-et-au-cerf-pour-chiens-adultes-de-taille-moyenne-et-grande-copia-copia\/#breadcrumb\",\"itemListElement\":[{\"@type\":\"ListItem\",\"position\":1,\"name\":\"Portada\",\"item\":\"https:\/\/erapetfood.com\/\"},{\"@type\":\"ListItem\",\"position\":2,\"name\":\"Produits\",\"item\":\"https:\/\/erapetfood.com\/productos\/\"},{\"@type\":\"ListItem\",\"position\":3,\"name\":\"ERA Grain-Free Monoprot\u00e9ine Canard\"}]},{\"@type\":\"WebSite\",\"@id\":\"https:\/\/erapetfood.com\/#website\",\"url\":\"https:\/\/erapetfood.com\/\",\"name\":\"ERA Pet Food\",\"description\":\"\",\"publisher\":{\"@id\":\"https:\/\/erapetfood.com\/#organization\"},\"potentialAction\":[{\"@type\":\"SearchAction\",\"target\":{\"@type\":\"EntryPoint\",\"urlTemplate\":\"https:\/\/erapetfood.com\/?s={search_term_string}\"},\"query-input\":{\"@type\":\"PropertyValueSpecification\",\"valueRequired\":true,\"valueName\":\"search_term_string\"}}],\"inLanguage\":\"fr-FR\"},{\"@type\":\"Organization\",\"@id\":\"https:\/\/erapetfood.com\/#organization\",\"name\":\"Pets Away Store SL\",\"url\":\"https:\/\/erapetfood.com\/\",\"logo\":{\"@type\":\"ImageObject\",\"inLanguage\":\"fr-FR\",\"@id\":\"https:\/\/erapetfood.com\/#\/schema\/logo\/image\/\",\"url\":\"https:\/\/erapetfood.com\/wp-content\/uploads\/ERA_logo.webp\",\"contentUrl\":\"https:\/\/erapetfood.com\/wp-content\/uploads\/ERA_logo.webp\",\"width\":750,\"height\":370,\"caption\":\"Pets Away Store SL\"},\"image\":{\"@id\":\"https:\/\/erapetfood.com\/#\/schema\/logo\/image\/\"},\"sameAs\":[\"https:\/\/www.facebook.com\/Erapetfood\/\",\"https:\/\/x.com\/Erapetfood\",\"https:\/\/www.instagram.com\/erapetfood\/\",\"https:\/\/www.youtube.com\/user\/cypmascota\"]}]}<\/script>\n<!-- \/ Yoast SEO plugin. -->","yoast_head_json":{"title":"ERA Grain-Free Monoprot\u00e9ine Canard - ERA Pet Food","description":"ERA Grain-Free Monoprot\u00e9ine Canard est un aliment complet et \u00e9quilibr\u00e9 sans c\u00e9r\u00e9ales pour chiens adultes de petite race (&lt; 10 kg).","robots":{"index":"index","follow":"follow","max-snippet":"max-snippet:-1","max-image-preview":"max-image-preview:large","max-video-preview":"max-video-preview:-1"},"canonical":"https:\/\/erapetfood.com\/fr\/producto\/era-grain-free-au-saumon-et-au-cerf-pour-chiens-adultes-de-taille-moyenne-et-grande-copia-copia\/","og_locale":"fr_FR","og_type":"article","og_title":"ERA Grain-Free Monoprot\u00e9ine Canard - ERA Pet Food","og_description":"ERA Grain-Free Monoprot\u00e9ine Canard est un aliment complet et \u00e9quilibr\u00e9 sans c\u00e9r\u00e9ales pour chiens adultes de petite race (&lt; 10 kg).","og_url":"https:\/\/erapetfood.com\/fr\/producto\/era-grain-free-au-saumon-et-au-cerf-pour-chiens-adultes-de-taille-moyenne-et-grande-copia-copia\/","og_site_name":"ERA Pet Food","article_publisher":"https:\/\/www.facebook.com\/Erapetfood\/","og_image":[{"width":700,"height":700,"url":"https:\/\/erapetfood.com\/wp-content\/uploads\/Monoproteico-2-kg-Small.webp","type":"image\/png"}],"twitter_card":"summary_large_image","twitter_site":"@Erapetfood","twitter_misc":{"Dur\u00e9e de lecture estim\u00e9e":"2 minutes"},"schema":{"@context":"https:\/\/schema.org","@graph":[{"@type":"WebPage","@id":"https:\/\/erapetfood.com\/fr\/producto\/era-grain-free-au-saumon-et-au-cerf-pour-chiens-adultes-de-taille-moyenne-et-grande-copia-copia\/","url":"https:\/\/erapetfood.com\/fr\/producto\/era-grain-free-au-saumon-et-au-cerf-pour-chiens-adultes-de-taille-moyenne-et-grande-copia-copia\/","name":"ERA Grain-Free Monoprot\u00e9ine Canard - ERA Pet Food","isPartOf":{"@id":"https:\/\/erapetfood.com\/#website"},"primaryImageOfPage":{"@id":"https:\/\/erapetfood.com\/fr\/producto\/era-grain-free-au-saumon-et-au-cerf-pour-chiens-adultes-de-taille-moyenne-et-grande-copia-copia\/#primaryimage"},"image":{"@id":"https:\/\/erapetfood.com\/fr\/producto\/era-grain-free-au-saumon-et-au-cerf-pour-chiens-adultes-de-taille-moyenne-et-grande-copia-copia\/#primaryimage"},"thumbnailUrl":"https:\/\/erapetfood.com\/wp-content\/uploads\/Monoproteico-2-kg-Small.webp","datePublished":"2026-03-06T09:46:31+00:00","description":"ERA Grain-Free Monoprot\u00e9ine Canard est un aliment complet et \u00e9quilibr\u00e9 sans c\u00e9r\u00e9ales pour chiens adultes de petite race (&lt; 10 kg).","breadcrumb":{"@id":"https:\/\/erapetfood.com\/fr\/producto\/era-grain-free-au-saumon-et-au-cerf-pour-chiens-adultes-de-taille-moyenne-et-grande-copia-copia\/#breadcrumb"},"inLanguage":"fr-FR","potentialAction":[{"@type":"ReadAction","target":["https:\/\/erapetfood.com\/fr\/producto\/era-grain-free-au-saumon-et-au-cerf-pour-chiens-adultes-de-taille-moyenne-et-grande-copia-copia\/"]}]},{"@type":"ImageObject","inLanguage":"fr-FR","@id":"https:\/\/erapetfood.com\/fr\/producto\/era-grain-free-au-saumon-et-au-cerf-pour-chiens-adultes-de-taille-moyenne-et-grande-copia-copia\/#primaryimage","url":"https:\/\/erapetfood.com\/wp-content\/uploads\/Monoproteico-2-kg-Small.webp","contentUrl":"https:\/\/erapetfood.com\/wp-content\/uploads\/Monoproteico-2-kg-Small.webp","width":700,"height":700},{"@type":"BreadcrumbList","@id":"https:\/\/erapetfood.com\/fr\/producto\/era-grain-free-au-saumon-et-au-cerf-pour-chiens-adultes-de-taille-moyenne-et-grande-copia-copia\/#breadcrumb","itemListElement":[{"@type":"ListItem","position":1,"name":"Portada","item":"https:\/\/erapetfood.com\/"},{"@type":"ListItem","position":2,"name":"Produits","item":"https:\/\/erapetfood.com\/productos\/"},{"@type":"ListItem","position":3,"name":"ERA Grain-Free Monoprot\u00e9ine Canard"}]},{"@type":"WebSite","@id":"https:\/\/erapetfood.com\/#website","url":"https:\/\/erapetfood.com\/","name":"ERA Pet Food","description":"","publisher":{"@id":"https:\/\/erapetfood.com\/#organization"},"potentialAction":[{"@type":"SearchAction","target":{"@type":"EntryPoint","urlTemplate":"https:\/\/erapetfood.com\/?s={search_term_string}"},"query-input":{"@type":"PropertyValueSpecification","valueRequired":true,"valueName":"search_term_string"}}],"inLanguage":"fr-FR"},{"@type":"Organization","@id":"https:\/\/erapetfood.com\/#organization","name":"Pets Away Store SL","url":"https:\/\/erapetfood.com\/","logo":{"@type":"ImageObject","inLanguage":"fr-FR","@id":"https:\/\/erapetfood.com\/#\/schema\/logo\/image\/","url":"https:\/\/erapetfood.com\/wp-content\/uploads\/ERA_logo.webp","contentUrl":"https:\/\/erapetfood.com\/wp-content\/uploads\/ERA_logo.webp","width":750,"height":370,"caption":"Pets Away Store SL"},"image":{"@id":"https:\/\/erapetfood.com\/#\/schema\/logo\/image\/"},"sameAs":["https:\/\/www.facebook.com\/Erapetfood\/","https:\/\/x.com\/Erapetfood","https:\/\/www.instagram.com\/erapetfood\/","https:\/\/www.youtube.com\/user\/cypmascota"]}]}},"jetpack_sharing_enabled":true,"_links":{"self":[{"href":"https:\/\/erapetfood.com\/fr\/wp-json\/wp\/v2\/product\/21795","targetHints":{"allow":["GET"]}}],"collection":[{"href":"https:\/\/erapetfood.com\/fr\/wp-json\/wp\/v2\/product"}],"about":[{"href":"https:\/\/erapetfood.com\/fr\/wp-json\/wp\/v2\/types\/product"}],"replies":[{"embeddable":true,"href":"https:\/\/erapetfood.com\/fr\/wp-json\/wp\/v2\/comments?post=21795"}],"wp:featuredmedia":[{"embeddable":true,"href":"https:\/\/erapetfood.com\/fr\/wp-json\/wp\/v2\/media\/21803"}],"wp:attachment":[{"href":"https:\/\/erapetfood.com\/fr\/wp-json\/wp\/v2\/media?parent=21795"}],"wp:term":[{"taxonomy":"product_brand","embeddable":true,"href":"https:\/\/erapetfood.com\/fr\/wp-json\/wp\/v2\/product_brand?post=21795"},{"taxonomy":"product_cat","embeddable":true,"href":"https:\/\/erapetfood.com\/fr\/wp-json\/wp\/v2\/product_cat?post=21795"},{"taxonomy":"product_tag","embeddable":true,"href":"https:\/\/erapetfood.com\/fr\/wp-json\/wp\/v2\/product_tag?post=21795"}],"curies":[{"name":"wp","href":"https:\/\/api.w.org\/{rel}","templated":true}]}}