{"id":21912,"date":"2026-03-06T10:44:51","date_gmt":"2026-03-06T09:44:51","guid":{"rendered":"https:\/\/erapetfood.com\/?post_type=product&#038;p=21912"},"modified":"2026-02-26T16:37:55","modified_gmt":"2026-02-26T15:37:55","slug":"era-grain-free-au-saumon-et-au-cerf-pour-chiens-adultes-de-taille-moyenne-et-grande-copia-copia-3","status":"publish","type":"product","link":"https:\/\/erapetfood.com\/fr\/producto\/era-grain-free-au-saumon-et-au-cerf-pour-chiens-adultes-de-taille-moyenne-et-grande-copia-copia-3\/","title":{"rendered":"ERA Grain-Free Poulet &amp; Dinde"},"content":{"rendered":"<p>ERA Grain-Free Poulet &amp; Dinde est un aliment complet et \u00e9quilibr\u00e9 sans c\u00e9r\u00e9ales <a href=\"https:\/\/store.cunipic.com\/categoria-producto\/perro\/perro-senior\/perro-senior-raza-pequena\/\">pour chiots<\/a> <a style=\"font-size: inherit;\" href=\"https:\/\/store.cunipic.com\/categoria-producto\/perro\/perro-senior\/perro-senior-raza-pequena\/\">de races moyennes\/grandes (&gt;10 kg).<\/a><span style=\"font-size: inherit;\">. Sa formule exclusive, avec une teneur \u00e9lev\u00e9e en prot\u00e9ines et un m\u00e9lange soigneusement s\u00e9lectionn\u00e9 d\u2019ingr\u00e9dients fonctionnels, favorise une croissance optimale et saine. Avec 60 % d\u2019ingr\u00e9dients d\u2019origine animale, dont de la viande fra\u00eeche de poulet et de la viande de dinde d\u00e9shydrat\u00e9e, cette recette est hautement digestible et savoureuse. Sans c\u00e9r\u00e9ales, elle est id\u00e9ale pour les chiens souffrant d\u2019allergies ou d\u2019intol\u00e9rances ainsi que pour ceux ayant une sensibilit\u00e9 digestive. De plus, elle contient du foie hydrolys\u00e9 et des app\u00e9tents naturels pour un excellent go\u00fbt.   <\/span><\/p>\n<p>En plus de la patate douce et des pois, qui apportent des antioxydants, des vitamines et un faible indice glyc\u00e9mique, la gamme ERA Grain-Free offre une recette \u00e9quilibr\u00e9e et savoureuse. Avec les recettes ERA Grain-Free, vous couvrez \u00e0 100 % les besoins nutritionnels de votre chien, en favorisant sa sant\u00e9 tout en le s\u00e9duisant par des saveurs intenses et d\u00e9licieuses. Les fortes inclusions de viande fra\u00eeche et l\u2019huile de saumon augmentent la palatabilit\u00e9. De plus, les recettes ERA ne contiennent pas d\u2019ar\u00f4mes artificiels.   <\/p>\n<p><a href=\"https:\/\/erapetfood.com\/fr\/categoria-producto\/chiens\/\" target=\"_blank\" rel=\"noopener\">La gamme ERA Grain-Free<\/a> Poulet &amp; Dinde se distingue par sa haute qualit\u00e9, sa production en un seul processus thermique et la s\u00e9lection d\u2019ingr\u00e9dients fonctionnels OptiImmuno+, qui favorisent la sant\u00e9 et le bien-\u00eatre de votre chien.<\/p>\n","protected":false},"excerpt":{"rendered":"<h5>ERA Grain-Free Poulet &amp; Dinde est un aliment complet et \u00e9quilibr\u00e9 sans c\u00e9r\u00e9ales <a href=\"https:\/\/store.cunipic.com\/categoria-producto\/perro\/perro-senior\/perro-senior-raza-pequena\/\">pour chiots de races moyennes\/grandes (&gt; 10 kg)<\/a>. Sa formule exclusive, avec une teneur \u00e9lev\u00e9e en prot\u00e9ines et un m\u00e9lange soigneusement s\u00e9lectionn\u00e9 d\u2019ingr\u00e9dients fonctionnels, favorise une croissance optimale et saine. Avec 60 % d\u2019ingr\u00e9dients d\u2019origine animale, dont de la viande fra\u00eeche de poulet et de la viande de dinde d\u00e9shydrat\u00e9e, cette recette est hautement digestible et savoureuse. Sans c\u00e9r\u00e9ales, elle est id\u00e9ale pour les chiens souffrant d\u2019allergies ou d\u2019intol\u00e9rances ainsi que pour ceux ayant une sensibilit\u00e9 digestive. De plus, elle contient du foie hydrolys\u00e9 et des app\u00e9tents naturels pour un excellent go\u00fbt.    <\/h5>\n","protected":false},"featured_media":21933,"comment_status":"open","ping_status":"closed","template":"","meta":[],"product_brand":[],"product_cat":[272,76,123,121,104],"product_tag":[248],"class_list":{"0":"post-21912","1":"product","2":"type-product","3":"status-publish","4":"has-post-thumbnail","6":"product_cat-aliment-pour-chiens","7":"product_cat-chiens","8":"product_cat-chiots-de-grandes-races","9":"product_cat-chiots-de-races-moyennes","10":"product_cat-sans-cereales","11":"product_tag-aliment-pour-chiens","12":"sales-flash-overlay","13":"woocommerce-text-align-center","14":"woocommerce-image-align-center","15":"do-quantity-buttons","16":"wc-has-gallery","18":"first","19":"outofstock","20":"taxable","21":"shipping-taxable","22":"purchasable","23":"product-type-variable","24":"has-default-attributes"},"yoast_head":"<!-- This site is optimized with the Yoast SEO plugin v27.2 - https:\/\/yoast.com\/product\/yoast-seo-wordpress\/ -->\n<title>ERA Grain-Free Poulet &amp; Dinde - ERA Pet Food<\/title>\n<meta name=\"description\" content=\"ERA Grain-Free Poulet &amp; Dinde est un aliment complet et \u00e9quilibr\u00e9 sans c\u00e9r\u00e9ales pour chiots de races moyennes\/grandes (&gt;10 kg).\" \/>\n<meta name=\"robots\" content=\"index, follow, max-snippet:-1, max-image-preview:large, max-video-preview:-1\" \/>\n<link rel=\"canonical\" href=\"https:\/\/erapetfood.com\/fr\/producto\/era-grain-free-au-saumon-et-au-cerf-pour-chiens-adultes-de-taille-moyenne-et-grande-copia-copia-3\/\" \/>\n<meta property=\"og:locale\" content=\"fr_FR\" \/>\n<meta property=\"og:type\" content=\"article\" \/>\n<meta property=\"og:title\" content=\"ERA Grain-Free Poulet &amp; Dinde - ERA Pet Food\" \/>\n<meta property=\"og:description\" content=\"ERA Grain-Free Poulet &amp; Dinde est un aliment complet et \u00e9quilibr\u00e9 sans c\u00e9r\u00e9ales pour chiots de races moyennes\/grandes (&gt;10 kg).\" \/>\n<meta property=\"og:url\" content=\"https:\/\/erapetfood.com\/fr\/producto\/era-grain-free-au-saumon-et-au-cerf-pour-chiens-adultes-de-taille-moyenne-et-grande-copia-copia-3\/\" \/>\n<meta property=\"og:site_name\" content=\"ERA Pet Food\" \/>\n<meta property=\"article:publisher\" content=\"https:\/\/www.facebook.com\/Erapetfood\/\" \/>\n<meta property=\"og:image\" content=\"https:\/\/erapetfood.com\/wp-content\/uploads\/Puppy-2-kg-ML.webp\" \/>\n\t<meta property=\"og:image:width\" content=\"700\" \/>\n\t<meta property=\"og:image:height\" content=\"700\" \/>\n\t<meta property=\"og:image:type\" content=\"image\/png\" \/>\n<meta name=\"twitter:card\" content=\"summary_large_image\" \/>\n<meta name=\"twitter:site\" content=\"@Erapetfood\" \/>\n<meta name=\"twitter:label1\" content=\"Dur\u00e9e de lecture estim\u00e9e\" \/>\n\t<meta name=\"twitter:data1\" content=\"2 minutes\" \/>\n<script type=\"application\/ld+json\" class=\"yoast-schema-graph\">{\"@context\":\"https:\/\/schema.org\",\"@graph\":[{\"@type\":\"WebPage\",\"@id\":\"https:\/\/erapetfood.com\/fr\/producto\/era-grain-free-au-saumon-et-au-cerf-pour-chiens-adultes-de-taille-moyenne-et-grande-copia-copia-3\/\",\"url\":\"https:\/\/erapetfood.com\/fr\/producto\/era-grain-free-au-saumon-et-au-cerf-pour-chiens-adultes-de-taille-moyenne-et-grande-copia-copia-3\/\",\"name\":\"ERA Grain-Free Poulet &amp; Dinde - ERA Pet Food\",\"isPartOf\":{\"@id\":\"https:\/\/erapetfood.com\/#website\"},\"primaryImageOfPage\":{\"@id\":\"https:\/\/erapetfood.com\/fr\/producto\/era-grain-free-au-saumon-et-au-cerf-pour-chiens-adultes-de-taille-moyenne-et-grande-copia-copia-3\/#primaryimage\"},\"image\":{\"@id\":\"https:\/\/erapetfood.com\/fr\/producto\/era-grain-free-au-saumon-et-au-cerf-pour-chiens-adultes-de-taille-moyenne-et-grande-copia-copia-3\/#primaryimage\"},\"thumbnailUrl\":\"https:\/\/erapetfood.com\/wp-content\/uploads\/Puppy-2-kg-ML.webp\",\"datePublished\":\"2026-03-06T09:44:51+00:00\",\"description\":\"ERA Grain-Free Poulet & Dinde est un aliment complet et \u00e9quilibr\u00e9 sans c\u00e9r\u00e9ales pour chiots de races moyennes\/grandes (>10 kg).\",\"breadcrumb\":{\"@id\":\"https:\/\/erapetfood.com\/fr\/producto\/era-grain-free-au-saumon-et-au-cerf-pour-chiens-adultes-de-taille-moyenne-et-grande-copia-copia-3\/#breadcrumb\"},\"inLanguage\":\"fr-FR\",\"potentialAction\":[{\"@type\":\"ReadAction\",\"target\":[\"https:\/\/erapetfood.com\/fr\/producto\/era-grain-free-au-saumon-et-au-cerf-pour-chiens-adultes-de-taille-moyenne-et-grande-copia-copia-3\/\"]}]},{\"@type\":\"ImageObject\",\"inLanguage\":\"fr-FR\",\"@id\":\"https:\/\/erapetfood.com\/fr\/producto\/era-grain-free-au-saumon-et-au-cerf-pour-chiens-adultes-de-taille-moyenne-et-grande-copia-copia-3\/#primaryimage\",\"url\":\"https:\/\/erapetfood.com\/wp-content\/uploads\/Puppy-2-kg-ML.webp\",\"contentUrl\":\"https:\/\/erapetfood.com\/wp-content\/uploads\/Puppy-2-kg-ML.webp\",\"width\":700,\"height\":700},{\"@type\":\"BreadcrumbList\",\"@id\":\"https:\/\/erapetfood.com\/fr\/producto\/era-grain-free-au-saumon-et-au-cerf-pour-chiens-adultes-de-taille-moyenne-et-grande-copia-copia-3\/#breadcrumb\",\"itemListElement\":[{\"@type\":\"ListItem\",\"position\":1,\"name\":\"Portada\",\"item\":\"https:\/\/erapetfood.com\/\"},{\"@type\":\"ListItem\",\"position\":2,\"name\":\"Produits\",\"item\":\"https:\/\/erapetfood.com\/productos\/\"},{\"@type\":\"ListItem\",\"position\":3,\"name\":\"ERA Grain-Free Poulet &amp; Dinde\"}]},{\"@type\":\"WebSite\",\"@id\":\"https:\/\/erapetfood.com\/#website\",\"url\":\"https:\/\/erapetfood.com\/\",\"name\":\"ERA Pet Food\",\"description\":\"\",\"publisher\":{\"@id\":\"https:\/\/erapetfood.com\/#organization\"},\"potentialAction\":[{\"@type\":\"SearchAction\",\"target\":{\"@type\":\"EntryPoint\",\"urlTemplate\":\"https:\/\/erapetfood.com\/?s={search_term_string}\"},\"query-input\":{\"@type\":\"PropertyValueSpecification\",\"valueRequired\":true,\"valueName\":\"search_term_string\"}}],\"inLanguage\":\"fr-FR\"},{\"@type\":\"Organization\",\"@id\":\"https:\/\/erapetfood.com\/#organization\",\"name\":\"Pets Away Store SL\",\"url\":\"https:\/\/erapetfood.com\/\",\"logo\":{\"@type\":\"ImageObject\",\"inLanguage\":\"fr-FR\",\"@id\":\"https:\/\/erapetfood.com\/#\/schema\/logo\/image\/\",\"url\":\"https:\/\/erapetfood.com\/wp-content\/uploads\/ERA_logo.webp\",\"contentUrl\":\"https:\/\/erapetfood.com\/wp-content\/uploads\/ERA_logo.webp\",\"width\":750,\"height\":370,\"caption\":\"Pets Away Store SL\"},\"image\":{\"@id\":\"https:\/\/erapetfood.com\/#\/schema\/logo\/image\/\"},\"sameAs\":[\"https:\/\/www.facebook.com\/Erapetfood\/\",\"https:\/\/x.com\/Erapetfood\",\"https:\/\/www.instagram.com\/erapetfood\/\",\"https:\/\/www.youtube.com\/user\/cypmascota\"]}]}<\/script>\n<!-- \/ Yoast SEO plugin. -->","yoast_head_json":{"title":"ERA Grain-Free Poulet &amp; Dinde - ERA Pet Food","description":"ERA Grain-Free Poulet & Dinde est un aliment complet et \u00e9quilibr\u00e9 sans c\u00e9r\u00e9ales pour chiots de races moyennes\/grandes (>10 kg).","robots":{"index":"index","follow":"follow","max-snippet":"max-snippet:-1","max-image-preview":"max-image-preview:large","max-video-preview":"max-video-preview:-1"},"canonical":"https:\/\/erapetfood.com\/fr\/producto\/era-grain-free-au-saumon-et-au-cerf-pour-chiens-adultes-de-taille-moyenne-et-grande-copia-copia-3\/","og_locale":"fr_FR","og_type":"article","og_title":"ERA Grain-Free Poulet &amp; Dinde - ERA Pet Food","og_description":"ERA Grain-Free Poulet & Dinde est un aliment complet et \u00e9quilibr\u00e9 sans c\u00e9r\u00e9ales pour chiots de races moyennes\/grandes (>10 kg).","og_url":"https:\/\/erapetfood.com\/fr\/producto\/era-grain-free-au-saumon-et-au-cerf-pour-chiens-adultes-de-taille-moyenne-et-grande-copia-copia-3\/","og_site_name":"ERA Pet Food","article_publisher":"https:\/\/www.facebook.com\/Erapetfood\/","og_image":[{"width":700,"height":700,"url":"https:\/\/erapetfood.com\/wp-content\/uploads\/Puppy-2-kg-ML.webp","type":"image\/png"}],"twitter_card":"summary_large_image","twitter_site":"@Erapetfood","twitter_misc":{"Dur\u00e9e de lecture estim\u00e9e":"2 minutes"},"schema":{"@context":"https:\/\/schema.org","@graph":[{"@type":"WebPage","@id":"https:\/\/erapetfood.com\/fr\/producto\/era-grain-free-au-saumon-et-au-cerf-pour-chiens-adultes-de-taille-moyenne-et-grande-copia-copia-3\/","url":"https:\/\/erapetfood.com\/fr\/producto\/era-grain-free-au-saumon-et-au-cerf-pour-chiens-adultes-de-taille-moyenne-et-grande-copia-copia-3\/","name":"ERA Grain-Free Poulet &amp; Dinde - ERA Pet Food","isPartOf":{"@id":"https:\/\/erapetfood.com\/#website"},"primaryImageOfPage":{"@id":"https:\/\/erapetfood.com\/fr\/producto\/era-grain-free-au-saumon-et-au-cerf-pour-chiens-adultes-de-taille-moyenne-et-grande-copia-copia-3\/#primaryimage"},"image":{"@id":"https:\/\/erapetfood.com\/fr\/producto\/era-grain-free-au-saumon-et-au-cerf-pour-chiens-adultes-de-taille-moyenne-et-grande-copia-copia-3\/#primaryimage"},"thumbnailUrl":"https:\/\/erapetfood.com\/wp-content\/uploads\/Puppy-2-kg-ML.webp","datePublished":"2026-03-06T09:44:51+00:00","description":"ERA Grain-Free Poulet & Dinde est un aliment complet et \u00e9quilibr\u00e9 sans c\u00e9r\u00e9ales pour chiots de races moyennes\/grandes (>10 kg).","breadcrumb":{"@id":"https:\/\/erapetfood.com\/fr\/producto\/era-grain-free-au-saumon-et-au-cerf-pour-chiens-adultes-de-taille-moyenne-et-grande-copia-copia-3\/#breadcrumb"},"inLanguage":"fr-FR","potentialAction":[{"@type":"ReadAction","target":["https:\/\/erapetfood.com\/fr\/producto\/era-grain-free-au-saumon-et-au-cerf-pour-chiens-adultes-de-taille-moyenne-et-grande-copia-copia-3\/"]}]},{"@type":"ImageObject","inLanguage":"fr-FR","@id":"https:\/\/erapetfood.com\/fr\/producto\/era-grain-free-au-saumon-et-au-cerf-pour-chiens-adultes-de-taille-moyenne-et-grande-copia-copia-3\/#primaryimage","url":"https:\/\/erapetfood.com\/wp-content\/uploads\/Puppy-2-kg-ML.webp","contentUrl":"https:\/\/erapetfood.com\/wp-content\/uploads\/Puppy-2-kg-ML.webp","width":700,"height":700},{"@type":"BreadcrumbList","@id":"https:\/\/erapetfood.com\/fr\/producto\/era-grain-free-au-saumon-et-au-cerf-pour-chiens-adultes-de-taille-moyenne-et-grande-copia-copia-3\/#breadcrumb","itemListElement":[{"@type":"ListItem","position":1,"name":"Portada","item":"https:\/\/erapetfood.com\/"},{"@type":"ListItem","position":2,"name":"Produits","item":"https:\/\/erapetfood.com\/productos\/"},{"@type":"ListItem","position":3,"name":"ERA Grain-Free Poulet &amp; Dinde"}]},{"@type":"WebSite","@id":"https:\/\/erapetfood.com\/#website","url":"https:\/\/erapetfood.com\/","name":"ERA Pet Food","description":"","publisher":{"@id":"https:\/\/erapetfood.com\/#organization"},"potentialAction":[{"@type":"SearchAction","target":{"@type":"EntryPoint","urlTemplate":"https:\/\/erapetfood.com\/?s={search_term_string}"},"query-input":{"@type":"PropertyValueSpecification","valueRequired":true,"valueName":"search_term_string"}}],"inLanguage":"fr-FR"},{"@type":"Organization","@id":"https:\/\/erapetfood.com\/#organization","name":"Pets Away Store SL","url":"https:\/\/erapetfood.com\/","logo":{"@type":"ImageObject","inLanguage":"fr-FR","@id":"https:\/\/erapetfood.com\/#\/schema\/logo\/image\/","url":"https:\/\/erapetfood.com\/wp-content\/uploads\/ERA_logo.webp","contentUrl":"https:\/\/erapetfood.com\/wp-content\/uploads\/ERA_logo.webp","width":750,"height":370,"caption":"Pets Away Store SL"},"image":{"@id":"https:\/\/erapetfood.com\/#\/schema\/logo\/image\/"},"sameAs":["https:\/\/www.facebook.com\/Erapetfood\/","https:\/\/x.com\/Erapetfood","https:\/\/www.instagram.com\/erapetfood\/","https:\/\/www.youtube.com\/user\/cypmascota"]}]}},"jetpack_sharing_enabled":true,"_links":{"self":[{"href":"https:\/\/erapetfood.com\/fr\/wp-json\/wp\/v2\/product\/21912","targetHints":{"allow":["GET"]}}],"collection":[{"href":"https:\/\/erapetfood.com\/fr\/wp-json\/wp\/v2\/product"}],"about":[{"href":"https:\/\/erapetfood.com\/fr\/wp-json\/wp\/v2\/types\/product"}],"replies":[{"embeddable":true,"href":"https:\/\/erapetfood.com\/fr\/wp-json\/wp\/v2\/comments?post=21912"}],"wp:featuredmedia":[{"embeddable":true,"href":"https:\/\/erapetfood.com\/fr\/wp-json\/wp\/v2\/media\/21933"}],"wp:attachment":[{"href":"https:\/\/erapetfood.com\/fr\/wp-json\/wp\/v2\/media?parent=21912"}],"wp:term":[{"taxonomy":"product_brand","embeddable":true,"href":"https:\/\/erapetfood.com\/fr\/wp-json\/wp\/v2\/product_brand?post=21912"},{"taxonomy":"product_cat","embeddable":true,"href":"https:\/\/erapetfood.com\/fr\/wp-json\/wp\/v2\/product_cat?post=21912"},{"taxonomy":"product_tag","embeddable":true,"href":"https:\/\/erapetfood.com\/fr\/wp-json\/wp\/v2\/product_tag?post=21912"}],"curies":[{"name":"wp","href":"https:\/\/api.w.org\/{rel}","templated":true}]}}