{"id":571,"date":"2023-08-09T10:33:36","date_gmt":"2023-08-09T08:33:36","guid":{"rendered":"http:\/\/erapetfood.local\/?post_type=product&#038;p=571"},"modified":"2024-11-18T11:05:49","modified_gmt":"2024-11-18T10:05:49","slug":"ayuda-al-cepad-fundacio-natura-parc","status":"publish","type":"product","link":"https:\/\/erapetfood.com\/fr\/producto\/ayuda-al-cepad-fundacio-natura-parc\/","title":{"rendered":"AYUDA al CEPAD &#8211; Fundaci\u00f3 Natura Parc"},"content":{"rendered":"","protected":false},"excerpt":{"rendered":"<p>La Fundaci\u00f3 Natura Parc es la entidad gestora de diversos departamentos encargados de la conservaci\u00f3n y recuperaci\u00f3n animal y medioambiental.<\/p>\n","protected":false},"featured_media":13985,"comment_status":"open","ping_status":"closed","template":"","meta":[],"product_brand":[],"product_cat":[66],"product_tag":[],"class_list":{"0":"post-571","1":"product","2":"type-product","3":"status-publish","4":"has-post-thumbnail","6":"product_cat-donaciones","7":"sales-flash-overlay","8":"woocommerce-text-align-center","9":"woocommerce-image-align-center","10":"do-quantity-buttons","12":"first","13":"instock","14":"virtual","15":"taxable","16":"purchasable","17":"product-type-simple"},"yoast_head":"<!-- This site is optimized with the Yoast SEO plugin v27.5 - https:\/\/yoast.com\/product\/yoast-seo-wordpress\/ -->\n<title>AYUDA al CEPAD - Fundaci\u00f3 Natura Parc - ERA Pet Food<\/title>\n<meta name=\"robots\" content=\"index, follow, max-snippet:-1, max-image-preview:large, max-video-preview:-1\" \/>\n<link rel=\"canonical\" href=\"https:\/\/erapetfood.com\/producto\/ayuda-al-cepad-fundacio-natura-parc\/\" \/>\n<meta property=\"og:locale\" content=\"fr_FR\" \/>\n<meta property=\"og:type\" content=\"article\" \/>\n<meta property=\"og:title\" content=\"AYUDA al CEPAD - Fundaci\u00f3 Natura Parc - ERA Pet Food\" \/>\n<meta property=\"og:description\" content=\"La Fundaci\u00f3 Natura Parc es la entidad gestora de diversos departamentos encargados de la conservaci\u00f3n y recuperaci\u00f3n animal y medioambiental.\" \/>\n<meta property=\"og:url\" content=\"https:\/\/erapetfood.com\/producto\/ayuda-al-cepad-fundacio-natura-parc\/\" \/>\n<meta property=\"og:site_name\" content=\"ERA Pet Food\" \/>\n<meta property=\"article:publisher\" content=\"https:\/\/www.facebook.com\/Erapetfood\/\" \/>\n<meta property=\"article:modified_time\" content=\"2024-11-18T10:05:49+00:00\" \/>\n<meta property=\"og:image\" content=\"https:\/\/erapetfood.com\/wp-content\/uploads\/donacion-para-el-cepad-centre-de-proteccio-d-animals-domestics-1.webp\" \/>\n\t<meta property=\"og:image:width\" content=\"1100\" \/>\n\t<meta property=\"og:image:height\" content=\"1100\" \/>\n\t<meta property=\"og:image:type\" content=\"image\/webp\" \/>\n<meta name=\"twitter:card\" content=\"summary_large_image\" \/>\n<meta name=\"twitter:site\" content=\"@Erapetfood\" \/>\n<meta name=\"twitter:label1\" content=\"Dur\u00e9e de lecture estim\u00e9e\" \/>\n\t<meta name=\"twitter:data1\" content=\"1 minute\" \/>\n<script type=\"application\/ld+json\" class=\"yoast-schema-graph\">{\"@context\":\"https:\\\/\\\/schema.org\",\"@graph\":[{\"@type\":\"WebPage\",\"@id\":\"https:\\\/\\\/erapetfood.com\\\/producto\\\/ayuda-al-cepad-fundacio-natura-parc\\\/\",\"url\":\"https:\\\/\\\/erapetfood.com\\\/producto\\\/ayuda-al-cepad-fundacio-natura-parc\\\/\",\"name\":\"AYUDA al CEPAD - Fundaci\u00f3 Natura Parc - ERA Pet Food\",\"isPartOf\":{\"@id\":\"https:\\\/\\\/erapetfood.com\\\/#website\"},\"primaryImageOfPage\":{\"@id\":\"https:\\\/\\\/erapetfood.com\\\/producto\\\/ayuda-al-cepad-fundacio-natura-parc\\\/#primaryimage\"},\"image\":{\"@id\":\"https:\\\/\\\/erapetfood.com\\\/producto\\\/ayuda-al-cepad-fundacio-natura-parc\\\/#primaryimage\"},\"thumbnailUrl\":\"https:\\\/\\\/erapetfood.com\\\/wp-content\\\/uploads\\\/donacion-para-el-cepad-centre-de-proteccio-d-animals-domestics-1.webp\",\"datePublished\":\"2023-08-09T08:33:36+00:00\",\"dateModified\":\"2024-11-18T10:05:49+00:00\",\"breadcrumb\":{\"@id\":\"https:\\\/\\\/erapetfood.com\\\/producto\\\/ayuda-al-cepad-fundacio-natura-parc\\\/#breadcrumb\"},\"inLanguage\":\"fr-FR\",\"potentialAction\":[{\"@type\":\"ReadAction\",\"target\":[\"https:\\\/\\\/erapetfood.com\\\/producto\\\/ayuda-al-cepad-fundacio-natura-parc\\\/\"]}]},{\"@type\":\"ImageObject\",\"inLanguage\":\"fr-FR\",\"@id\":\"https:\\\/\\\/erapetfood.com\\\/producto\\\/ayuda-al-cepad-fundacio-natura-parc\\\/#primaryimage\",\"url\":\"https:\\\/\\\/erapetfood.com\\\/wp-content\\\/uploads\\\/donacion-para-el-cepad-centre-de-proteccio-d-animals-domestics-1.webp\",\"contentUrl\":\"https:\\\/\\\/erapetfood.com\\\/wp-content\\\/uploads\\\/donacion-para-el-cepad-centre-de-proteccio-d-animals-domestics-1.webp\",\"width\":1100,\"height\":1100},{\"@type\":\"BreadcrumbList\",\"@id\":\"https:\\\/\\\/erapetfood.com\\\/producto\\\/ayuda-al-cepad-fundacio-natura-parc\\\/#breadcrumb\",\"itemListElement\":[{\"@type\":\"ListItem\",\"position\":1,\"name\":\"Portada\",\"item\":\"https:\\\/\\\/erapetfood.com\\\/\"},{\"@type\":\"ListItem\",\"position\":2,\"name\":\"Produits\",\"item\":\"https:\\\/\\\/erapetfood.com\\\/productos\\\/\"},{\"@type\":\"ListItem\",\"position\":3,\"name\":\"AYUDA al CEPAD &#8211; Fundaci\u00f3 Natura Parc\"}]},{\"@type\":\"WebSite\",\"@id\":\"https:\\\/\\\/erapetfood.com\\\/#website\",\"url\":\"https:\\\/\\\/erapetfood.com\\\/\",\"name\":\"ERA Pet Food\",\"description\":\"\",\"publisher\":{\"@id\":\"https:\\\/\\\/erapetfood.com\\\/#organization\"},\"potentialAction\":[{\"@type\":\"SearchAction\",\"target\":{\"@type\":\"EntryPoint\",\"urlTemplate\":\"https:\\\/\\\/erapetfood.com\\\/?s={search_term_string}\"},\"query-input\":{\"@type\":\"PropertyValueSpecification\",\"valueRequired\":true,\"valueName\":\"search_term_string\"}}],\"inLanguage\":\"fr-FR\"},{\"@type\":\"Organization\",\"@id\":\"https:\\\/\\\/erapetfood.com\\\/#organization\",\"name\":\"Pets Away Store SL\",\"url\":\"https:\\\/\\\/erapetfood.com\\\/\",\"logo\":{\"@type\":\"ImageObject\",\"inLanguage\":\"fr-FR\",\"@id\":\"https:\\\/\\\/erapetfood.com\\\/#\\\/schema\\\/logo\\\/image\\\/\",\"url\":\"https:\\\/\\\/erapetfood.com\\\/wp-content\\\/uploads\\\/ERA_logo.webp\",\"contentUrl\":\"https:\\\/\\\/erapetfood.com\\\/wp-content\\\/uploads\\\/ERA_logo.webp\",\"width\":750,\"height\":370,\"caption\":\"Pets Away Store SL\"},\"image\":{\"@id\":\"https:\\\/\\\/erapetfood.com\\\/#\\\/schema\\\/logo\\\/image\\\/\"},\"sameAs\":[\"https:\\\/\\\/www.facebook.com\\\/Erapetfood\\\/\",\"https:\\\/\\\/x.com\\\/Erapetfood\",\"https:\\\/\\\/www.instagram.com\\\/erapetfood\\\/\",\"https:\\\/\\\/www.youtube.com\\\/user\\\/cypmascota\"]}]}<\/script>\n<!-- \/ Yoast SEO plugin. -->","yoast_head_json":{"title":"AYUDA al CEPAD - Fundaci\u00f3 Natura Parc - ERA Pet Food","robots":{"index":"index","follow":"follow","max-snippet":"max-snippet:-1","max-image-preview":"max-image-preview:large","max-video-preview":"max-video-preview:-1"},"canonical":"https:\/\/erapetfood.com\/producto\/ayuda-al-cepad-fundacio-natura-parc\/","og_locale":"fr_FR","og_type":"article","og_title":"AYUDA al CEPAD - Fundaci\u00f3 Natura Parc - ERA Pet Food","og_description":"La Fundaci\u00f3 Natura Parc es la entidad gestora de diversos departamentos encargados de la conservaci\u00f3n y recuperaci\u00f3n animal y medioambiental.","og_url":"https:\/\/erapetfood.com\/producto\/ayuda-al-cepad-fundacio-natura-parc\/","og_site_name":"ERA Pet Food","article_publisher":"https:\/\/www.facebook.com\/Erapetfood\/","article_modified_time":"2024-11-18T10:05:49+00:00","og_image":[{"width":1100,"height":1100,"url":"https:\/\/erapetfood.com\/wp-content\/uploads\/donacion-para-el-cepad-centre-de-proteccio-d-animals-domestics-1.webp","type":"image\/webp"}],"twitter_card":"summary_large_image","twitter_site":"@Erapetfood","twitter_misc":{"Dur\u00e9e de lecture estim\u00e9e":"1 minute"},"schema":{"@context":"https:\/\/schema.org","@graph":[{"@type":"WebPage","@id":"https:\/\/erapetfood.com\/producto\/ayuda-al-cepad-fundacio-natura-parc\/","url":"https:\/\/erapetfood.com\/producto\/ayuda-al-cepad-fundacio-natura-parc\/","name":"AYUDA al CEPAD - Fundaci\u00f3 Natura Parc - ERA Pet Food","isPartOf":{"@id":"https:\/\/erapetfood.com\/#website"},"primaryImageOfPage":{"@id":"https:\/\/erapetfood.com\/producto\/ayuda-al-cepad-fundacio-natura-parc\/#primaryimage"},"image":{"@id":"https:\/\/erapetfood.com\/producto\/ayuda-al-cepad-fundacio-natura-parc\/#primaryimage"},"thumbnailUrl":"https:\/\/erapetfood.com\/wp-content\/uploads\/donacion-para-el-cepad-centre-de-proteccio-d-animals-domestics-1.webp","datePublished":"2023-08-09T08:33:36+00:00","dateModified":"2024-11-18T10:05:49+00:00","breadcrumb":{"@id":"https:\/\/erapetfood.com\/producto\/ayuda-al-cepad-fundacio-natura-parc\/#breadcrumb"},"inLanguage":"fr-FR","potentialAction":[{"@type":"ReadAction","target":["https:\/\/erapetfood.com\/producto\/ayuda-al-cepad-fundacio-natura-parc\/"]}]},{"@type":"ImageObject","inLanguage":"fr-FR","@id":"https:\/\/erapetfood.com\/producto\/ayuda-al-cepad-fundacio-natura-parc\/#primaryimage","url":"https:\/\/erapetfood.com\/wp-content\/uploads\/donacion-para-el-cepad-centre-de-proteccio-d-animals-domestics-1.webp","contentUrl":"https:\/\/erapetfood.com\/wp-content\/uploads\/donacion-para-el-cepad-centre-de-proteccio-d-animals-domestics-1.webp","width":1100,"height":1100},{"@type":"BreadcrumbList","@id":"https:\/\/erapetfood.com\/producto\/ayuda-al-cepad-fundacio-natura-parc\/#breadcrumb","itemListElement":[{"@type":"ListItem","position":1,"name":"Portada","item":"https:\/\/erapetfood.com\/"},{"@type":"ListItem","position":2,"name":"Produits","item":"https:\/\/erapetfood.com\/productos\/"},{"@type":"ListItem","position":3,"name":"AYUDA al CEPAD &#8211; Fundaci\u00f3 Natura Parc"}]},{"@type":"WebSite","@id":"https:\/\/erapetfood.com\/#website","url":"https:\/\/erapetfood.com\/","name":"ERA Pet Food","description":"","publisher":{"@id":"https:\/\/erapetfood.com\/#organization"},"potentialAction":[{"@type":"SearchAction","target":{"@type":"EntryPoint","urlTemplate":"https:\/\/erapetfood.com\/?s={search_term_string}"},"query-input":{"@type":"PropertyValueSpecification","valueRequired":true,"valueName":"search_term_string"}}],"inLanguage":"fr-FR"},{"@type":"Organization","@id":"https:\/\/erapetfood.com\/#organization","name":"Pets Away Store SL","url":"https:\/\/erapetfood.com\/","logo":{"@type":"ImageObject","inLanguage":"fr-FR","@id":"https:\/\/erapetfood.com\/#\/schema\/logo\/image\/","url":"https:\/\/erapetfood.com\/wp-content\/uploads\/ERA_logo.webp","contentUrl":"https:\/\/erapetfood.com\/wp-content\/uploads\/ERA_logo.webp","width":750,"height":370,"caption":"Pets Away Store SL"},"image":{"@id":"https:\/\/erapetfood.com\/#\/schema\/logo\/image\/"},"sameAs":["https:\/\/www.facebook.com\/Erapetfood\/","https:\/\/x.com\/Erapetfood","https:\/\/www.instagram.com\/erapetfood\/","https:\/\/www.youtube.com\/user\/cypmascota"]}]}},"jetpack_sharing_enabled":true,"_links":{"self":[{"href":"https:\/\/erapetfood.com\/fr\/wp-json\/wp\/v2\/product\/571","targetHints":{"allow":["GET"]}}],"collection":[{"href":"https:\/\/erapetfood.com\/fr\/wp-json\/wp\/v2\/product"}],"about":[{"href":"https:\/\/erapetfood.com\/fr\/wp-json\/wp\/v2\/types\/product"}],"replies":[{"embeddable":true,"href":"https:\/\/erapetfood.com\/fr\/wp-json\/wp\/v2\/comments?post=571"}],"wp:featuredmedia":[{"embeddable":true,"href":"https:\/\/erapetfood.com\/fr\/wp-json\/wp\/v2\/media\/13985"}],"wp:attachment":[{"href":"https:\/\/erapetfood.com\/fr\/wp-json\/wp\/v2\/media?parent=571"}],"wp:term":[{"taxonomy":"product_brand","embeddable":true,"href":"https:\/\/erapetfood.com\/fr\/wp-json\/wp\/v2\/product_brand?post=571"},{"taxonomy":"product_cat","embeddable":true,"href":"https:\/\/erapetfood.com\/fr\/wp-json\/wp\/v2\/product_cat?post=571"},{"taxonomy":"product_tag","embeddable":true,"href":"https:\/\/erapetfood.com\/fr\/wp-json\/wp\/v2\/product_tag?post=571"}],"curies":[{"name":"wp","href":"https:\/\/api.w.org\/{rel}","templated":true}]}}